{"id":10062,"date":"2024-03-22T17:53:43","date_gmt":"2024-03-22T16:53:43","guid":{"rendered":"https:\/\/www.gassien.com\/impressum-und-datenschutz\/"},"modified":"2024-03-22T17:53:43","modified_gmt":"2024-03-22T16:53:43","slug":"impressum-und-datenschutz","status":"publish","type":"page","link":"https:\/\/www.gassien.com\/de\/impressum-und-datenschutz\/","title":{"rendered":"Impressum und Datenschutz"},"content":{"rendered":"<h1>RECHTLICHE HINWEISE<\/h1>\n<p>Gem\u00e4\u00df Artikel 6 des Gesetzes vom 21. Juni 2004 f\u00fcr das Vertrauen in die digitale Wirtschaft informieren wir Sie, dass dieser Online-Kommunikationsdienst eingerichtet wurde von:<\/p>\n<p><u>Verleger<\/u><\/p>\n<p>MTPL<\/p>\n<p>10, rue Oberkampf<\/p>\n<p>75011 Paris<\/p>\n<p>Frankreich<\/p>\n<p>Telefon: +33 (0)1 77 58 39 42<\/p>\n<p>SAS mit einem Kapital von 10.000 \u20ac<\/p>\n<p>825075401 RCS Paris<\/p>\n<p><u>Ver\u00f6ffentlichungsleiter<\/u><\/p>\n<p>P\u00e9rine Long<\/p>\n<p><u>Hoster<\/u><\/p>\n<p>GANDI SAS<\/p>\n<p>63-65 boulevard Mass\u00e9na<\/p>\n<p>75013 Paris<\/p>\n<p>Frankreich<\/p>\n<p>Telefon: +33 (0)1 70377661<\/p>\n<h1>DATENSCHUTZ<\/h1>\n<p>Wir legen gro\u00dfen Wert auf die Sicherung Ihrer pers\u00f6nlichen Daten. Alle durchgef\u00fchrten Verarbeitungen sind unten angegeben, aber Sie k\u00f6nnen uns f\u00fcr alle Anfragen oder Kl\u00e4rungen zu diesen Verarbeitungen kontaktieren (<a href=\"mailto:data@gassien.com\">data@gassien.com<\/a>)<\/p>\n<h2>Erhobene Daten<\/h2>\n<p>Die gesammelten Daten sind:<br \/>\n&#8211; die Daten, die Sie uns zur Verf\u00fcgung stellen, um Informationen \u00fcber die Produkte von GASSIEN zu erhalten (im Folgenden &#8222;Newsletter-Daten&#8220;)<br \/>\n&#8211; die Daten, die Sie uns bei der Erstellung eines Kundenkontos oder bei der Bestellung eines oder mehrerer Produkte von GASSIEN zur Verf\u00fcgung stellen (im Folgenden &#8222;Bestelldaten&#8220;)<\/p>\n<h2>Zweck der Datenerhebung<\/h2>\n<p><b>&#8222;Newsletter-Daten&#8220;<\/b><br \/>\nDiese Daten werden ausschlie\u00dflich gesammelt, um Ihnen elektronisch Informationen \u00fcber die Neuigkeiten der Marke GASSIEN zu senden. Diese Daten werden \u00fcber das Formular &#8222;FOLGEN SIE UNS&#8220; eingegeben. Nur Ihre E-Mail wird gesammelt.<br \/>\n<b>&#8222;Bestelldaten&#8220;<\/b><br \/>\nBei einer Bestellung, egal ob Sie ein Kundenkonto haben oder nicht, verwenden wir die folgenden Daten f\u00fcr Lieferung und Rechnung (die Eingabe ist obligatorisch):<br \/>\n&#8211; Vorname<br \/>\n&#8211; Nachname<br \/>\n&#8211; Adresse<br \/>\n&#8211; Land<br \/>\n&#8211; Telefon: wird verwendet, um Sie durch uns \/ den Lieferanten zu kontaktieren<br \/>\n&#8211; E-Mail: wird verwendet, um Ihnen Informationen \u00fcber die Bestellvorg\u00e4nge zu senden<\/p>\n<p>Optional k\u00f6nnen Sie auch eingeben:<br \/>\n&#8211; den Firmennamen (f\u00fcr Lieferung oder Rechnung)<br \/>\n&#8211; eine Lieferadresse, die von der Rechnungsadresse abweicht<br \/>\n&#8211; spezifische Hinweise f\u00fcr die Lieferung<\/p>\n<p>Sie k\u00f6nnen, wenn Sie m\u00f6chten, am Ende der Bestellung ein Kundenkonto erstellen, um alle Ihre Bestellungen und Rechnungen zu finden. Die eingegebenen Daten werden dann f\u00fcr die angegebenen Verarbeitungen gesammelt.<\/p>\n<p>Schlie\u00dflich ist die Erstellung eines Kundenkontos ohne eine Bestellung m\u00f6glich. In diesem Fall wird nur Ihre E-Mail gesammelt.<\/p>\n<h2>Datenspeicherung<\/h2>\n<p><b>&#8222;Newsletter-Daten&#8220;<\/b><br \/>\nDie Daten werden ausschlie\u00dflich \u00fcber den Dienst Mailchimp (www.mailchimp.com) gesammelt und gespeichert. Diese Daten werden nicht an andere Systeme \u00fcbertragen und nicht mit anderen Unternehmen geteilt.<\/p>\n<p><b>&#8222;Bestelldaten&#8220;<\/b><br \/>\nWir verwenden die Software WordPress (https:\/\/fr.wordpress.org\/) und die zus\u00e4tzliche Software Woocommerce (https:\/\/woocommerce.com\/) f\u00fcr die Verwaltung der pers\u00f6nlichen Daten.<br \/>\nDiese Systeme werden von der Firma Gandi, 63-65 boulevard Mass\u00e9na, 75013 Paris, gehostet.<br \/>\nEine Sicherung der WordPress-Datenbank wird jeden Abend durchgef\u00fchrt. Diese Sicherung wird auf dem Amazon Web Service S3-Dienst gespeichert.<br \/>\nDie Daten werden an unsere Zahlungsdienstleister gesendet, um die Transaktion zu validieren (stripe.com oder paypal.com)<br \/>\nIm Falle einer Zahlung in mehreren Raten ohne Geb\u00fchren werden die Daten an unseren Anbieter Alma (getalma.eu) gesendet.<br \/>\nDie f\u00fcr eine Bestellung notwendigen Daten und die zur Auslieferung der Bestellung erforderlichen Daten werden an unseren Logistiker (in Frankreich) und an unseren Transporteur gesendet (der Transporteur h\u00e4ngt vom Bestimmungsland und vom Typ der Bestellung ab).<\/p>\n<h2>Datenaufbewahrung<\/h2>\n<p><b>&#8222;Newsletter-Daten&#8220;<\/b><br \/>\nDiese Daten werden aufbewahrt, solange Sie sich nicht abmelden.<\/p>\n<p><b>&#8222;Bestelldaten&#8220;<\/b><br \/>\nDie Bestelldaten werden wie folgt aufbewahrt:<br \/>\n&#8211; 1 Jahr f\u00fcr ein inaktives Kundenkonto (keine Bestellung oder Anmeldung seit 1 Jahr)<br \/>\n&#8211; 1 Monat f\u00fcr eine nicht validierte Bestellung in Wartestellung<br \/>\n&#8211; 1 Monat f\u00fcr eine fehlgeschlagene Bestellung<br \/>\n&#8211; 1 Monat f\u00fcr eine stornierte Bestellung<br \/>\n&#8211; 10 Jahre f\u00fcr eine abgeschlossene Bestellung.<\/p>\n<h2>L\u00f6schung von Daten<\/h2>\n<p>Wenn Sie alle zu Ihren Daten geh\u00f6renden Informationen erhalten oder alle gesammelten Daten l\u00f6schen m\u00f6chten, k\u00f6nnen Sie uns hier kontaktieren: <a href=\"mailto:data@gassien.com\">data@gassien.com<\/a>.<\/p>\n","protected":false},"excerpt":{"rendered":"<p>RECHTLICHE HINWEISE Gem\u00e4\u00df Artikel 6 des Gesetzes vom 21. Juni 2004 f\u00fcr das Vertrauen in die digitale Wirtschaft informieren wir Sie, dass dieser Online-Kommunikationsdienst eingerichtet wurde von: Verleger MTPL 10, rue Oberkampf 75011 Paris Frankreich Telefon: +33 (0)1 77 58 39 42 SAS mit einem Kapital von 10.000 \u20ac 825075401 RCS Paris Ver\u00f6ffentlichungsleiter P\u00e9rine Long<\/p>\n<div><a class=\"btn-filled btn\" href=\"https:\/\/www.gassien.com\/de\/impressum-und-datenschutz\/\" title=\"Impressum und Datenschutz\">Read More<\/a><\/div>\n","protected":false},"author":1,"featured_media":0,"parent":0,"menu_order":0,"comment_status":"closed","ping_status":"closed","template":"","meta":{"footnotes":""},"class_list":["post-10062","page","type-page","status-publish","hentry"],"yoast_head":"<!-- This site is optimized with the Yoast SEO plugin v27.4 - https:\/\/yoast.com\/product\/yoast-seo-wordpress\/ -->\n<title>Impressum und Datenschutz - Gassien<\/title>\n<meta name=\"robots\" content=\"index, follow, max-snippet:-1, max-image-preview:large, max-video-preview:-1\" \/>\n<link rel=\"canonical\" href=\"https:\/\/www.gassien.com\/de\/impressum-und-datenschutz\/\" \/>\n<meta property=\"og:locale\" content=\"de_DE\" \/>\n<meta property=\"og:type\" content=\"article\" \/>\n<meta property=\"og:title\" content=\"Impressum und Datenschutz - Gassien\" \/>\n<meta property=\"og:description\" content=\"RECHTLICHE HINWEISE Gem\u00e4\u00df Artikel 6 des Gesetzes vom 21. Juni 2004 f\u00fcr das Vertrauen in die digitale Wirtschaft informieren wir Sie, dass dieser Online-Kommunikationsdienst eingerichtet wurde von: Verleger MTPL 10, rue Oberkampf 75011 Paris Frankreich Telefon: +33 (0)1 77 58 39 42 SAS mit einem Kapital von 10.000 \u20ac 825075401 RCS Paris Ver\u00f6ffentlichungsleiter P\u00e9rine LongRead More\" \/>\n<meta property=\"og:url\" content=\"https:\/\/www.gassien.com\/de\/impressum-und-datenschutz\/\" \/>\n<meta property=\"og:site_name\" content=\"Gassien\" \/>\n<meta property=\"article:publisher\" content=\"https:\/\/www.facebook.com\/gassienparis\" \/>\n<meta name=\"twitter:card\" content=\"summary_large_image\" \/>\n<meta name=\"twitter:label1\" content=\"Gesch\u00e4tzte Lesezeit\" \/>\n\t<meta name=\"twitter:data1\" content=\"3\u00a0Minuten\" \/>\n<script type=\"application\/ld+json\" class=\"yoast-schema-graph\">{\"@context\":\"https:\\\/\\\/schema.org\",\"@graph\":[{\"@type\":\"WebPage\",\"@id\":\"https:\\\/\\\/www.gassien.com\\\/de\\\/impressum-und-datenschutz\\\/\",\"url\":\"https:\\\/\\\/www.gassien.com\\\/de\\\/impressum-und-datenschutz\\\/\",\"name\":\"Impressum und Datenschutz - Gassien\",\"isPartOf\":{\"@id\":\"https:\\\/\\\/gassien.com\\\/#website\"},\"datePublished\":\"2024-03-22T16:53:43+00:00\",\"inLanguage\":\"de\",\"potentialAction\":[{\"@type\":\"ReadAction\",\"target\":[\"https:\\\/\\\/www.gassien.com\\\/de\\\/impressum-und-datenschutz\\\/\"]}]},{\"@type\":\"WebSite\",\"@id\":\"https:\\\/\\\/gassien.com\\\/#website\",\"url\":\"https:\\\/\\\/gassien.com\\\/\",\"name\":\"Gassien\",\"description\":\"L&#039;\u00e9tag\u00e8re modulable\",\"publisher\":{\"@id\":\"https:\\\/\\\/gassien.com\\\/#organization\"},\"potentialAction\":[{\"@type\":\"SearchAction\",\"target\":{\"@type\":\"EntryPoint\",\"urlTemplate\":\"https:\\\/\\\/gassien.com\\\/?s={search_term_string}\"},\"query-input\":{\"@type\":\"PropertyValueSpecification\",\"valueRequired\":true,\"valueName\":\"search_term_string\"}}],\"inLanguage\":\"de\"},{\"@type\":\"Organization\",\"@id\":\"https:\\\/\\\/gassien.com\\\/#organization\",\"name\":\"Gassien\",\"url\":\"https:\\\/\\\/gassien.com\\\/\",\"logo\":{\"@type\":\"ImageObject\",\"inLanguage\":\"de\",\"@id\":\"https:\\\/\\\/gassien.com\\\/#\\\/schema\\\/logo\\\/image\\\/\",\"url\":\"https:\\\/\\\/www.gassien.com\\\/wp-content\\\/uploads\\\/2017\\\/01\\\/logo.png\",\"contentUrl\":\"https:\\\/\\\/www.gassien.com\\\/wp-content\\\/uploads\\\/2017\\\/01\\\/logo.png\",\"width\":896,\"height\":328,\"caption\":\"Gassien\"},\"image\":{\"@id\":\"https:\\\/\\\/gassien.com\\\/#\\\/schema\\\/logo\\\/image\\\/\"},\"sameAs\":[\"https:\\\/\\\/www.facebook.com\\\/gassienparis\",\"https:\\\/\\\/www.instagram.com\\\/gassienparis\",\"https:\\\/\\\/fr.pinterest.com\\\/gassienparis\\\/\"]}]}<\/script>\n<!-- \/ Yoast SEO plugin. -->","yoast_head_json":{"title":"Impressum und Datenschutz - Gassien","robots":{"index":"index","follow":"follow","max-snippet":"max-snippet:-1","max-image-preview":"max-image-preview:large","max-video-preview":"max-video-preview:-1"},"canonical":"https:\/\/www.gassien.com\/de\/impressum-und-datenschutz\/","og_locale":"de_DE","og_type":"article","og_title":"Impressum und Datenschutz - Gassien","og_description":"RECHTLICHE HINWEISE Gem\u00e4\u00df Artikel 6 des Gesetzes vom 21. Juni 2004 f\u00fcr das Vertrauen in die digitale Wirtschaft informieren wir Sie, dass dieser Online-Kommunikationsdienst eingerichtet wurde von: Verleger MTPL 10, rue Oberkampf 75011 Paris Frankreich Telefon: +33 (0)1 77 58 39 42 SAS mit einem Kapital von 10.000 \u20ac 825075401 RCS Paris Ver\u00f6ffentlichungsleiter P\u00e9rine LongRead More","og_url":"https:\/\/www.gassien.com\/de\/impressum-und-datenschutz\/","og_site_name":"Gassien","article_publisher":"https:\/\/www.facebook.com\/gassienparis","twitter_card":"summary_large_image","twitter_misc":{"Gesch\u00e4tzte Lesezeit":"3\u00a0Minuten"},"schema":{"@context":"https:\/\/schema.org","@graph":[{"@type":"WebPage","@id":"https:\/\/www.gassien.com\/de\/impressum-und-datenschutz\/","url":"https:\/\/www.gassien.com\/de\/impressum-und-datenschutz\/","name":"Impressum und Datenschutz - Gassien","isPartOf":{"@id":"https:\/\/gassien.com\/#website"},"datePublished":"2024-03-22T16:53:43+00:00","inLanguage":"de","potentialAction":[{"@type":"ReadAction","target":["https:\/\/www.gassien.com\/de\/impressum-und-datenschutz\/"]}]},{"@type":"WebSite","@id":"https:\/\/gassien.com\/#website","url":"https:\/\/gassien.com\/","name":"Gassien","description":"L&#039;\u00e9tag\u00e8re modulable","publisher":{"@id":"https:\/\/gassien.com\/#organization"},"potentialAction":[{"@type":"SearchAction","target":{"@type":"EntryPoint","urlTemplate":"https:\/\/gassien.com\/?s={search_term_string}"},"query-input":{"@type":"PropertyValueSpecification","valueRequired":true,"valueName":"search_term_string"}}],"inLanguage":"de"},{"@type":"Organization","@id":"https:\/\/gassien.com\/#organization","name":"Gassien","url":"https:\/\/gassien.com\/","logo":{"@type":"ImageObject","inLanguage":"de","@id":"https:\/\/gassien.com\/#\/schema\/logo\/image\/","url":"https:\/\/www.gassien.com\/wp-content\/uploads\/2017\/01\/logo.png","contentUrl":"https:\/\/www.gassien.com\/wp-content\/uploads\/2017\/01\/logo.png","width":896,"height":328,"caption":"Gassien"},"image":{"@id":"https:\/\/gassien.com\/#\/schema\/logo\/image\/"},"sameAs":["https:\/\/www.facebook.com\/gassienparis","https:\/\/www.instagram.com\/gassienparis","https:\/\/fr.pinterest.com\/gassienparis\/"]}]}},"_links":{"self":[{"href":"https:\/\/www.gassien.com\/de\/wp-json\/wp\/v2\/pages\/10062","targetHints":{"allow":["GET"]}}],"collection":[{"href":"https:\/\/www.gassien.com\/de\/wp-json\/wp\/v2\/pages"}],"about":[{"href":"https:\/\/www.gassien.com\/de\/wp-json\/wp\/v2\/types\/page"}],"author":[{"embeddable":true,"href":"https:\/\/www.gassien.com\/de\/wp-json\/wp\/v2\/users\/1"}],"replies":[{"embeddable":true,"href":"https:\/\/www.gassien.com\/de\/wp-json\/wp\/v2\/comments?post=10062"}],"version-history":[{"count":0,"href":"https:\/\/www.gassien.com\/de\/wp-json\/wp\/v2\/pages\/10062\/revisions"}],"wp:attachment":[{"href":"https:\/\/www.gassien.com\/de\/wp-json\/wp\/v2\/media?parent=10062"}],"curies":[{"name":"wp","href":"https:\/\/api.w.org\/{rel}","templated":true}]}}