{"id":10140,"date":"2024-03-25T15:02:37","date_gmt":"2024-03-25T14:02:37","guid":{"rendered":"https:\/\/www.gassien.com\/in-wenigen-worten\/"},"modified":"2024-04-29T12:12:33","modified_gmt":"2024-04-29T10:12:33","slug":"in-wenigen-worten","status":"publish","type":"page","link":"https:\/\/www.gassien.com\/de\/in-wenigen-worten\/","title":{"rendered":"In wenigen Worten&#8230;"},"content":{"rendered":"\n<h2 class=\"wp-block-heading\">Anpassbar an deine R\u00e4ume<\/h2>\n\n<p>Gassien hat ein einzigartiges System der Juxtaposition entwickelt, das es dir erm\u00f6glicht, mehrere Wandbasen in der Breite, H\u00f6he und sogar versetzt zu kombinieren, um ein einziges, perfekt auf deinen Raum abgestimmtes Ensemble zu bilden.<\/p>\n\n<figure class=\"wp-block-gallery has-nested-images columns-default is-cropped wp-block-gallery-1 is-layout-flex wp-block-gallery-is-layout-flex\">\n<figure class=\"wp-block-image size-large\"><img loading=\"lazy\" decoding=\"async\" width=\"1024\" height=\"1024\" data-id=\"8290\" src=\"https:\/\/www.gassien.com\/wp-content\/uploads\/2023\/02\/GASSIEN-Composition-1024x1024.jpg\" alt=\"\" class=\"wp-image-8290\"\/><\/figure>\n\n\n\n<figure class=\"wp-block-image size-large\"><img loading=\"lazy\" decoding=\"async\" width=\"1024\" height=\"1024\" data-id=\"7336\" src=\"https:\/\/www.gassien.com\/wp-content\/uploads\/2021\/11\/GASSIEN-Bureau-039-1024x1024.jpg\" alt=\"\" class=\"wp-image-7336\" srcset=\"https:\/\/www.gassien.com\/wp-content\/uploads\/2021\/11\/GASSIEN-Bureau-039-1024x1024.jpg 1024w, https:\/\/www.gassien.com\/wp-content\/uploads\/2021\/11\/GASSIEN-Bureau-039-300x300.jpg 300w, https:\/\/www.gassien.com\/wp-content\/uploads\/2021\/11\/GASSIEN-Bureau-039-150x150.jpg 150w, https:\/\/www.gassien.com\/wp-content\/uploads\/2021\/11\/GASSIEN-Bureau-039-768x768.jpg 768w, https:\/\/www.gassien.com\/wp-content\/uploads\/2021\/11\/GASSIEN-Bureau-039-350x350.jpg 350w, https:\/\/www.gassien.com\/wp-content\/uploads\/2021\/11\/GASSIEN-Bureau-039-570x570.jpg 570w, https:\/\/www.gassien.com\/wp-content\/uploads\/2021\/11\/GASSIEN-Bureau-039-100x100.jpg 100w, https:\/\/www.gassien.com\/wp-content\/uploads\/2021\/11\/GASSIEN-Bureau-039.jpg 1080w\" sizes=\"auto, (max-width: 1024px) 100vw, 1024px\" \/><\/figure>\n\n\n\n<figure class=\"wp-block-image size-large\"><img loading=\"lazy\" decoding=\"async\" width=\"1024\" height=\"1024\" data-id=\"7340\" src=\"https:\/\/www.gassien.com\/wp-content\/uploads\/2021\/11\/GASSIEN-Ysee-Noir-Chene-cuisine-2-vertical-1024x1024.jpg\" alt=\"\" class=\"wp-image-7340\" srcset=\"https:\/\/www.gassien.com\/wp-content\/uploads\/2021\/11\/GASSIEN-Ysee-Noir-Chene-cuisine-2-vertical-1024x1024.jpg 1024w, https:\/\/www.gassien.com\/wp-content\/uploads\/2021\/11\/GASSIEN-Ysee-Noir-Chene-cuisine-2-vertical-300x300.jpg 300w, https:\/\/www.gassien.com\/wp-content\/uploads\/2021\/11\/GASSIEN-Ysee-Noir-Chene-cuisine-2-vertical-150x150.jpg 150w, https:\/\/www.gassien.com\/wp-content\/uploads\/2021\/11\/GASSIEN-Ysee-Noir-Chene-cuisine-2-vertical-768x768.jpg 768w, https:\/\/www.gassien.com\/wp-content\/uploads\/2021\/11\/GASSIEN-Ysee-Noir-Chene-cuisine-2-vertical-350x350.jpg 350w, https:\/\/www.gassien.com\/wp-content\/uploads\/2021\/11\/GASSIEN-Ysee-Noir-Chene-cuisine-2-vertical-570x570.jpg 570w, https:\/\/www.gassien.com\/wp-content\/uploads\/2021\/11\/GASSIEN-Ysee-Noir-Chene-cuisine-2-vertical-100x100.jpg 100w, https:\/\/www.gassien.com\/wp-content\/uploads\/2021\/11\/GASSIEN-Ysee-Noir-Chene-cuisine-2-vertical.jpg 1080w\" sizes=\"auto, (max-width: 1024px) 100vw, 1024px\" \/><\/figure>\n\n\n\n<figure class=\"wp-block-image size-large\"><img loading=\"lazy\" decoding=\"async\" width=\"1024\" height=\"1024\" data-id=\"6591\" src=\"https:\/\/www.gassien.com\/wp-content\/uploads\/2021\/02\/s3-02-1024x1024.jpg\" alt=\"\" class=\"wp-image-6591\" srcset=\"https:\/\/www.gassien.com\/wp-content\/uploads\/2021\/02\/s3-02-1024x1024.jpg 1024w, https:\/\/www.gassien.com\/wp-content\/uploads\/2021\/02\/s3-02-300x300.jpg 300w, https:\/\/www.gassien.com\/wp-content\/uploads\/2021\/02\/s3-02-150x150.jpg 150w, https:\/\/www.gassien.com\/wp-content\/uploads\/2021\/02\/s3-02-768x768.jpg 768w, https:\/\/www.gassien.com\/wp-content\/uploads\/2021\/02\/s3-02-350x350.jpg 350w, https:\/\/www.gassien.com\/wp-content\/uploads\/2021\/02\/s3-02-570x570.jpg 570w, https:\/\/www.gassien.com\/wp-content\/uploads\/2021\/02\/s3-02-100x100.jpg 100w, https:\/\/www.gassien.com\/wp-content\/uploads\/2021\/02\/s3-02.jpg 1080w\" sizes=\"auto, (max-width: 1024px) 100vw, 1024px\" \/><\/figure>\n\n\n\n<figure class=\"wp-block-image size-large\"><img loading=\"lazy\" decoding=\"async\" width=\"1000\" height=\"1000\" data-id=\"5573\" src=\"https:\/\/www.gassien.com\/wp-content\/uploads\/2020\/09\/20200904-AtelierMouti-0129-Modifier.jpg\" alt=\"\" class=\"wp-image-5573\" srcset=\"https:\/\/www.gassien.com\/wp-content\/uploads\/2020\/09\/20200904-AtelierMouti-0129-Modifier.jpg 1000w, https:\/\/www.gassien.com\/wp-content\/uploads\/2020\/09\/20200904-AtelierMouti-0129-Modifier-300x300.jpg 300w, https:\/\/www.gassien.com\/wp-content\/uploads\/2020\/09\/20200904-AtelierMouti-0129-Modifier-150x150.jpg 150w, https:\/\/www.gassien.com\/wp-content\/uploads\/2020\/09\/20200904-AtelierMouti-0129-Modifier-768x768.jpg 768w, https:\/\/www.gassien.com\/wp-content\/uploads\/2020\/09\/20200904-AtelierMouti-0129-Modifier-350x350.jpg 350w, https:\/\/www.gassien.com\/wp-content\/uploads\/2020\/09\/20200904-AtelierMouti-0129-Modifier-570x570.jpg 570w, https:\/\/www.gassien.com\/wp-content\/uploads\/2020\/09\/20200904-AtelierMouti-0129-Modifier-100x100.jpg 100w\" sizes=\"auto, (max-width: 1000px) 100vw, 1000px\" \/><\/figure>\n\n\n\n<figure class=\"wp-block-image size-large\"><img loading=\"lazy\" decoding=\"async\" width=\"1000\" height=\"1000\" data-id=\"3358\" src=\"https:\/\/www.gassien.com\/wp-content\/uploads\/2019\/09\/lucile_p_noir_noir_.jpg\" alt=\"\" class=\"wp-image-3358\" srcset=\"https:\/\/www.gassien.com\/wp-content\/uploads\/2019\/09\/lucile_p_noir_noir_.jpg 1000w, https:\/\/www.gassien.com\/wp-content\/uploads\/2019\/09\/lucile_p_noir_noir_-150x150.jpg 150w, https:\/\/www.gassien.com\/wp-content\/uploads\/2019\/09\/lucile_p_noir_noir_-300x300.jpg 300w, https:\/\/www.gassien.com\/wp-content\/uploads\/2019\/09\/lucile_p_noir_noir_-768x768.jpg 768w, https:\/\/www.gassien.com\/wp-content\/uploads\/2019\/09\/lucile_p_noir_noir_-350x350.jpg 350w, https:\/\/www.gassien.com\/wp-content\/uploads\/2019\/09\/lucile_p_noir_noir_-570x570.jpg 570w, https:\/\/www.gassien.com\/wp-content\/uploads\/2019\/09\/lucile_p_noir_noir_-100x100.jpg 100w\" sizes=\"auto, (max-width: 1000px) 100vw, 1000px\" \/><\/figure>\n<\/figure>\n\n<h2 class=\"wp-block-heading\">Modular<\/h2>\n\n<p>Gassien ist ein System, das dir die M\u00f6glichkeit bietet, Bretter unterschiedlicher L\u00e4ngen und Tiefen in einem einzigen Ensemble zu kombinieren.<\/p>\n\n<figure class=\"wp-block-image size-large\"><img loading=\"lazy\" decoding=\"async\" width=\"1024\" height=\"1024\" src=\"https:\/\/gassien.com\/wp-content\/uploads\/2023\/09\/GASSIEN-Insta-20200930-Bureau-0311-1024x1024.jpg\" alt=\"\" class=\"wp-image-8683\" srcset=\"https:\/\/www.gassien.com\/wp-content\/uploads\/2023\/09\/GASSIEN-Insta-20200930-Bureau-0311-1024x1024.jpg 1024w, https:\/\/www.gassien.com\/wp-content\/uploads\/2023\/09\/GASSIEN-Insta-20200930-Bureau-0311-300x300.jpg 300w, https:\/\/www.gassien.com\/wp-content\/uploads\/2023\/09\/GASSIEN-Insta-20200930-Bureau-0311-150x150.jpg 150w, https:\/\/www.gassien.com\/wp-content\/uploads\/2023\/09\/GASSIEN-Insta-20200930-Bureau-0311-768x768.jpg 768w, https:\/\/www.gassien.com\/wp-content\/uploads\/2023\/09\/GASSIEN-Insta-20200930-Bureau-0311-350x350.jpg 350w, https:\/\/www.gassien.com\/wp-content\/uploads\/2023\/09\/GASSIEN-Insta-20200930-Bureau-0311-570x570.jpg 570w, https:\/\/www.gassien.com\/wp-content\/uploads\/2023\/09\/GASSIEN-Insta-20200930-Bureau-0311-100x100.jpg 100w, https:\/\/www.gassien.com\/wp-content\/uploads\/2023\/09\/GASSIEN-Insta-20200930-Bureau-0311-50x50.jpg 50w, https:\/\/www.gassien.com\/wp-content\/uploads\/2023\/09\/GASSIEN-Insta-20200930-Bureau-0311.jpg 1080w\" sizes=\"auto, (max-width: 1024px) 100vw, 1024px\" \/><\/figure>\n\n<h2 class=\"wp-block-heading\">Anpassungsf\u00e4hig<\/h2>\n\n<p>Gestalte dein Gassien-Regal ganz einfach um, indem du die Anordnung der Elemente \u00e4nderst oder neue hinzuf\u00fcgst.<\/p>\n\n<figure class=\"wp-block-embed is-type-video is-provider-vimeo wp-block-embed-vimeo wp-embed-aspect-4-3 wp-has-aspect-ratio\"><div class=\"wp-block-embed__wrapper\">\r\n<iframe loading=\"lazy\" title=\"Gassien Paris - Possibilit\u00e9s\" src=\"https:\/\/player.vimeo.com\/video\/866389458?dnt=1&amp;app_id=122963\" width=\"1000\" height=\"1000\" frameborder=\"0\" allow=\"autoplay; fullscreen; picture-in-picture; clipboard-write\"><\/iframe>\r\n<\/div><\/figure>\r\n\n<h2 class=\"wp-block-heading\">Einfachheit<\/h2>\n\n<p>Einfache und unkomplizierte Nutzung\u2026 Montiere die Wandbasen und stecke die Bretter einfach ein. Daf\u00fcr sind keine Werkzeuge n\u00f6tig.<\/p>\n\n<figure class=\"wp-block-embed is-type-video is-provider-vimeo wp-block-embed-vimeo wp-embed-aspect-16-9 wp-has-aspect-ratio\"><div class=\"wp-block-embed__wrapper\">\r\n<iframe loading=\"lazy\" title=\"Gassien Paris - Concept\" src=\"https:\/\/player.vimeo.com\/video\/799151952?dnt=1&amp;app_id=122963\" width=\"1140\" height=\"641\" frameborder=\"0\" allow=\"autoplay; fullscreen; picture-in-picture; clipboard-write\"><\/iframe>\r\n<\/div><\/figure>\r\n","protected":false},"excerpt":{"rendered":"<p>Anpassbar an deine R\u00e4ume Gassien hat ein einzigartiges System der Juxtaposition entwickelt, das es dir erm\u00f6glicht, mehrere Wandbasen in der Breite, H\u00f6he und sogar versetzt zu kombinieren, um ein einziges, perfekt auf deinen Raum abgestimmtes Ensemble zu bilden. Modular Gassien ist ein System, das dir die M\u00f6glichkeit bietet, Bretter unterschiedlicher L\u00e4ngen und Tiefen in einem<\/p>\n<div><a class=\"btn-filled btn\" href=\"https:\/\/www.gassien.com\/de\/in-wenigen-worten\/\" title=\"In wenigen Worten&#8230;\">Read More<\/a><\/div>\n","protected":false},"author":1,"featured_media":0,"parent":0,"menu_order":0,"comment_status":"closed","ping_status":"closed","template":"","meta":{"footnotes":""},"class_list":["post-10140","page","type-page","status-publish","hentry"],"yoast_head":"<!-- This site is optimized with the Yoast SEO plugin v27.4 - https:\/\/yoast.com\/product\/yoast-seo-wordpress\/ -->\n<title>In wenigen Worten... - Gassien<\/title>\n<meta name=\"description\" content=\"Gassien hat ein Regalsystem entwickelt, das es erm\u00f6glicht, Wandbasen zu kombinieren, um ein Ensemble zu bilden, das perfekt auf deinen Raum abgestimmt ist.\" \/>\n<meta name=\"robots\" content=\"index, follow, max-snippet:-1, max-image-preview:large, max-video-preview:-1\" \/>\n<link rel=\"canonical\" href=\"https:\/\/www.gassien.com\/de\/in-wenigen-worten\/\" \/>\n<meta property=\"og:locale\" content=\"de_DE\" \/>\n<meta property=\"og:type\" content=\"article\" \/>\n<meta property=\"og:title\" content=\"In wenigen Worten... - Gassien\" \/>\n<meta property=\"og:description\" content=\"Gassien hat ein Regalsystem entwickelt, das es erm\u00f6glicht, Wandbasen zu kombinieren, um ein Ensemble zu bilden, das perfekt auf deinen Raum abgestimmt ist.\" \/>\n<meta property=\"og:url\" content=\"https:\/\/www.gassien.com\/de\/in-wenigen-worten\/\" \/>\n<meta property=\"og:site_name\" content=\"Gassien\" \/>\n<meta property=\"article:publisher\" content=\"https:\/\/www.facebook.com\/gassienparis\" \/>\n<meta property=\"article:modified_time\" content=\"2024-04-29T10:12:33+00:00\" \/>\n<meta property=\"og:image\" content=\"https:\/\/www.gassien.com\/wp-content\/uploads\/2023\/02\/GASSIEN-Composition-1024x1024.jpg\" \/>\n<meta name=\"twitter:card\" content=\"summary_large_image\" \/>\n<meta name=\"twitter:label1\" content=\"Gesch\u00e4tzte Lesezeit\" \/>\n\t<meta name=\"twitter:data1\" content=\"1\u00a0Minute\" \/>\n<script type=\"application\/ld+json\" class=\"yoast-schema-graph\">{\"@context\":\"https:\\\/\\\/schema.org\",\"@graph\":[{\"@type\":\"WebPage\",\"@id\":\"https:\\\/\\\/www.gassien.com\\\/de\\\/in-wenigen-worten\\\/\",\"url\":\"https:\\\/\\\/www.gassien.com\\\/de\\\/in-wenigen-worten\\\/\",\"name\":\"In wenigen Worten... - Gassien\",\"isPartOf\":{\"@id\":\"https:\\\/\\\/gassien.com\\\/#website\"},\"primaryImageOfPage\":{\"@id\":\"https:\\\/\\\/www.gassien.com\\\/de\\\/in-wenigen-worten\\\/#primaryimage\"},\"image\":{\"@id\":\"https:\\\/\\\/www.gassien.com\\\/de\\\/in-wenigen-worten\\\/#primaryimage\"},\"thumbnailUrl\":\"https:\\\/\\\/www.gassien.com\\\/wp-content\\\/uploads\\\/2023\\\/02\\\/GASSIEN-Composition-1024x1024.jpg\",\"datePublished\":\"2024-03-25T14:02:37+00:00\",\"dateModified\":\"2024-04-29T10:12:33+00:00\",\"description\":\"Gassien hat ein Regalsystem entwickelt, das es erm\u00f6glicht, Wandbasen zu kombinieren, um ein Ensemble zu bilden, das perfekt auf deinen Raum abgestimmt ist.\",\"inLanguage\":\"de\",\"potentialAction\":[{\"@type\":\"ReadAction\",\"target\":[\"https:\\\/\\\/www.gassien.com\\\/de\\\/in-wenigen-worten\\\/\"]}]},{\"@type\":\"ImageObject\",\"inLanguage\":\"de\",\"@id\":\"https:\\\/\\\/www.gassien.com\\\/de\\\/in-wenigen-worten\\\/#primaryimage\",\"url\":\"https:\\\/\\\/www.gassien.com\\\/wp-content\\\/uploads\\\/2023\\\/02\\\/GASSIEN-Composition-1024x1024.jpg\",\"contentUrl\":\"https:\\\/\\\/www.gassien.com\\\/wp-content\\\/uploads\\\/2023\\\/02\\\/GASSIEN-Composition-1024x1024.jpg\"},{\"@type\":\"WebSite\",\"@id\":\"https:\\\/\\\/gassien.com\\\/#website\",\"url\":\"https:\\\/\\\/gassien.com\\\/\",\"name\":\"Gassien\",\"description\":\"L&#039;\u00e9tag\u00e8re modulable\",\"publisher\":{\"@id\":\"https:\\\/\\\/gassien.com\\\/#organization\"},\"potentialAction\":[{\"@type\":\"SearchAction\",\"target\":{\"@type\":\"EntryPoint\",\"urlTemplate\":\"https:\\\/\\\/gassien.com\\\/?s={search_term_string}\"},\"query-input\":{\"@type\":\"PropertyValueSpecification\",\"valueRequired\":true,\"valueName\":\"search_term_string\"}}],\"inLanguage\":\"de\"},{\"@type\":\"Organization\",\"@id\":\"https:\\\/\\\/gassien.com\\\/#organization\",\"name\":\"Gassien\",\"url\":\"https:\\\/\\\/gassien.com\\\/\",\"logo\":{\"@type\":\"ImageObject\",\"inLanguage\":\"de\",\"@id\":\"https:\\\/\\\/gassien.com\\\/#\\\/schema\\\/logo\\\/image\\\/\",\"url\":\"https:\\\/\\\/www.gassien.com\\\/wp-content\\\/uploads\\\/2017\\\/01\\\/logo.png\",\"contentUrl\":\"https:\\\/\\\/www.gassien.com\\\/wp-content\\\/uploads\\\/2017\\\/01\\\/logo.png\",\"width\":896,\"height\":328,\"caption\":\"Gassien\"},\"image\":{\"@id\":\"https:\\\/\\\/gassien.com\\\/#\\\/schema\\\/logo\\\/image\\\/\"},\"sameAs\":[\"https:\\\/\\\/www.facebook.com\\\/gassienparis\",\"https:\\\/\\\/www.instagram.com\\\/gassienparis\",\"https:\\\/\\\/fr.pinterest.com\\\/gassienparis\\\/\"]}]}<\/script>\n<!-- \/ Yoast SEO plugin. -->","yoast_head_json":{"title":"In wenigen Worten... - Gassien","description":"Gassien hat ein Regalsystem entwickelt, das es erm\u00f6glicht, Wandbasen zu kombinieren, um ein Ensemble zu bilden, das perfekt auf deinen Raum abgestimmt ist.","robots":{"index":"index","follow":"follow","max-snippet":"max-snippet:-1","max-image-preview":"max-image-preview:large","max-video-preview":"max-video-preview:-1"},"canonical":"https:\/\/www.gassien.com\/de\/in-wenigen-worten\/","og_locale":"de_DE","og_type":"article","og_title":"In wenigen Worten... - Gassien","og_description":"Gassien hat ein Regalsystem entwickelt, das es erm\u00f6glicht, Wandbasen zu kombinieren, um ein Ensemble zu bilden, das perfekt auf deinen Raum abgestimmt ist.","og_url":"https:\/\/www.gassien.com\/de\/in-wenigen-worten\/","og_site_name":"Gassien","article_publisher":"https:\/\/www.facebook.com\/gassienparis","article_modified_time":"2024-04-29T10:12:33+00:00","og_image":[{"url":"https:\/\/www.gassien.com\/wp-content\/uploads\/2023\/02\/GASSIEN-Composition-1024x1024.jpg","type":"","width":"","height":""}],"twitter_card":"summary_large_image","twitter_misc":{"Gesch\u00e4tzte Lesezeit":"1\u00a0Minute"},"schema":{"@context":"https:\/\/schema.org","@graph":[{"@type":"WebPage","@id":"https:\/\/www.gassien.com\/de\/in-wenigen-worten\/","url":"https:\/\/www.gassien.com\/de\/in-wenigen-worten\/","name":"In wenigen Worten... - Gassien","isPartOf":{"@id":"https:\/\/gassien.com\/#website"},"primaryImageOfPage":{"@id":"https:\/\/www.gassien.com\/de\/in-wenigen-worten\/#primaryimage"},"image":{"@id":"https:\/\/www.gassien.com\/de\/in-wenigen-worten\/#primaryimage"},"thumbnailUrl":"https:\/\/www.gassien.com\/wp-content\/uploads\/2023\/02\/GASSIEN-Composition-1024x1024.jpg","datePublished":"2024-03-25T14:02:37+00:00","dateModified":"2024-04-29T10:12:33+00:00","description":"Gassien hat ein Regalsystem entwickelt, das es erm\u00f6glicht, Wandbasen zu kombinieren, um ein Ensemble zu bilden, das perfekt auf deinen Raum abgestimmt ist.","inLanguage":"de","potentialAction":[{"@type":"ReadAction","target":["https:\/\/www.gassien.com\/de\/in-wenigen-worten\/"]}]},{"@type":"ImageObject","inLanguage":"de","@id":"https:\/\/www.gassien.com\/de\/in-wenigen-worten\/#primaryimage","url":"https:\/\/www.gassien.com\/wp-content\/uploads\/2023\/02\/GASSIEN-Composition-1024x1024.jpg","contentUrl":"https:\/\/www.gassien.com\/wp-content\/uploads\/2023\/02\/GASSIEN-Composition-1024x1024.jpg"},{"@type":"WebSite","@id":"https:\/\/gassien.com\/#website","url":"https:\/\/gassien.com\/","name":"Gassien","description":"L&#039;\u00e9tag\u00e8re modulable","publisher":{"@id":"https:\/\/gassien.com\/#organization"},"potentialAction":[{"@type":"SearchAction","target":{"@type":"EntryPoint","urlTemplate":"https:\/\/gassien.com\/?s={search_term_string}"},"query-input":{"@type":"PropertyValueSpecification","valueRequired":true,"valueName":"search_term_string"}}],"inLanguage":"de"},{"@type":"Organization","@id":"https:\/\/gassien.com\/#organization","name":"Gassien","url":"https:\/\/gassien.com\/","logo":{"@type":"ImageObject","inLanguage":"de","@id":"https:\/\/gassien.com\/#\/schema\/logo\/image\/","url":"https:\/\/www.gassien.com\/wp-content\/uploads\/2017\/01\/logo.png","contentUrl":"https:\/\/www.gassien.com\/wp-content\/uploads\/2017\/01\/logo.png","width":896,"height":328,"caption":"Gassien"},"image":{"@id":"https:\/\/gassien.com\/#\/schema\/logo\/image\/"},"sameAs":["https:\/\/www.facebook.com\/gassienparis","https:\/\/www.instagram.com\/gassienparis","https:\/\/fr.pinterest.com\/gassienparis\/"]}]}},"_links":{"self":[{"href":"https:\/\/www.gassien.com\/de\/wp-json\/wp\/v2\/pages\/10140","targetHints":{"allow":["GET"]}}],"collection":[{"href":"https:\/\/www.gassien.com\/de\/wp-json\/wp\/v2\/pages"}],"about":[{"href":"https:\/\/www.gassien.com\/de\/wp-json\/wp\/v2\/types\/page"}],"author":[{"embeddable":true,"href":"https:\/\/www.gassien.com\/de\/wp-json\/wp\/v2\/users\/1"}],"replies":[{"embeddable":true,"href":"https:\/\/www.gassien.com\/de\/wp-json\/wp\/v2\/comments?post=10140"}],"version-history":[{"count":3,"href":"https:\/\/www.gassien.com\/de\/wp-json\/wp\/v2\/pages\/10140\/revisions"}],"predecessor-version":[{"id":11846,"href":"https:\/\/www.gassien.com\/de\/wp-json\/wp\/v2\/pages\/10140\/revisions\/11846"}],"wp:attachment":[{"href":"https:\/\/www.gassien.com\/de\/wp-json\/wp\/v2\/media?parent=10140"}],"curies":[{"name":"wp","href":"https:\/\/api.w.org\/{rel}","templated":true}]}}