{"id":10191,"date":"2024-03-25T19:35:05","date_gmt":"2024-03-25T18:35:05","guid":{"rendered":"https:\/\/www.gassien.com\/die-geschichte\/"},"modified":"2024-04-29T12:15:42","modified_gmt":"2024-04-29T10:15:42","slug":"die-geschichte","status":"publish","type":"page","link":"https:\/\/www.gassien.com\/de\/die-geschichte\/","title":{"rendered":"Die Geschichte"},"content":{"rendered":"<div class=\"gassien-page\">\n<h1>Eine Marke, ein Konzept<\/h1>\n<div class=\"histoire bloc1\">\n<div class=\"left\">\n<p>Weil das Regal ein wesentliches und schwer zu findendes M\u00f6belst\u00fcck ist (zu gro\u00df, zu niedrig, zu tief oder nicht tief genug\u2026), haben wir ein Konzept von Regalen entwickelt, das sich an jedes Bed\u00fcrfnis anpasst. Als Hybrid zwischen Aufbewahrung und Dekoration basiert es auf einem innovativen, aber sehr einfachen Modularit\u00e4tssystem. Das Gassien-Regal besteht aus unabh\u00e4ngigen Elementen, die jeder nach seinen W\u00fcnschen ausw\u00e4hlt und kombiniert.<br \/>\n<strong>Personalisierbar, erweiterbar und schlicht passt sich das Gassien-Regal allen Anforderungen an, jedem Interieur, von der K\u00fcche \u00fcber das Wohnzimmer bis hin zum Schlafzimmer.<\/strong><\/p>\n<\/div>\n<div class=\"right\"><img decoding=\"async\" class=\"alignnone size-full wp-image-2043\" src=\"https:\/\/www.gassien.com\/wp-content\/uploads\/2017\/05\/SITE-FLYER-3.png\" alt=\"\" width=\"1000\" height=\"754\" srcset=\"https:\/\/www.gassien.com\/wp-content\/uploads\/2017\/05\/SITE-FLYER-3.png 1000w, https:\/\/www.gassien.com\/wp-content\/uploads\/2017\/05\/SITE-FLYER-3-300x226.png 300w, https:\/\/www.gassien.com\/wp-content\/uploads\/2017\/05\/SITE-FLYER-3-768x579.png 768w, https:\/\/www.gassien.com\/wp-content\/uploads\/2017\/05\/SITE-FLYER-3-350x264.png 350w, https:\/\/www.gassien.com\/wp-content\/uploads\/2017\/05\/SITE-FLYER-3-570x430.png 570w\" sizes=\"(max-width: 1000px) 100vw, 1000px\" \/><\/div>\n<\/div>\n<h1>Franz\u00f6sische Fertigung, Qualit\u00e4t, Umweltschutz<\/h1>\n<div class=\"gassien-page histoire bloc2\">\n<div class=\"left\"><img decoding=\"async\" class=\"alignnone wp-image-1611 size-thumbnail\" src=\"https:\/\/www.gassien.com\/wp-content\/uploads\/2017\/04\/logo-Made-in-france.png\" alt=\"\" width=\"150\" height=\"150\" \/><\/div>\n<div class=\"right\">\n<p>Nachdem wir die verschiedenen Elemente des Konzepts entworfen und entwickelt haben, haben wir hochwertige Materialien ausgew\u00e4hlt und uns daf\u00fcr entschieden, mit Herstellern zusammenzuarbeiten, die \u00fcber anerkanntes Know-how verf\u00fcgen und <strong>in Frankreich ans\u00e4ssig sind<\/strong>, um ein hochwertiges Endprodukt anzubieten, das f\u00fcr die Ewigkeit gemacht ist.<\/p>\n<\/div>\n<\/div>\n<div class=\"gassien-page histoire bloc1\">\n<div class=\"left\">\n<p>Die Wandhalterungen und Halterungen, <strong>in Frankreich hergestellt<\/strong>, bestehen aus Stahl und sind mit einer Epoxidbeschichtung versehen.<\/p>\n<\/div>\n<div class=\"right\">\n<div><img decoding=\"async\" class=\"alignnone size-medium wp-image-2968\" src=\"https:\/\/www.gassien.com\/wp-content\/uploads\/2018\/03\/montage_grille.jpg\" alt=\"\" width=\"1000\" height=\"500\" \/><\/div>\n<div><\/div>\n<\/div>\n<\/div>\n<div class=\"gassien-page histoire bloc4\">\n<div class=\"left\">\n<div><\/div>\n<div><\/div>\n<div>\u00a0\u00a0\u00a0\u00a0<img decoding=\"async\" class=\"alignnone wp-image-1615 size-full\" src=\"https:\/\/www.gassien.com\/wp-content\/uploads\/2017\/04\/planches-che\u0302ne-empile\u0301es.jpg\" alt=\"\" width=\"522\" height=\"522\" srcset=\"https:\/\/www.gassien.com\/wp-content\/uploads\/2017\/04\/planches-che\u0302ne-empile\u0301es.jpg 522w, https:\/\/www.gassien.com\/wp-content\/uploads\/2017\/04\/planches-che\u0302ne-empile\u0301es-150x150.jpg 150w, https:\/\/www.gassien.com\/wp-content\/uploads\/2017\/04\/planches-che\u0302ne-empile\u0301es-300x300.jpg 300w, https:\/\/www.gassien.com\/wp-content\/uploads\/2017\/04\/planches-che\u0302ne-empile\u0301es-350x350.jpg 350w\" sizes=\"(max-width: 522px) 100vw, 522px\" \/><\/div>\n<\/div>\n<div class=\"right\">\n<p>Die Regalbretter, auch <strong>in Frankreich hergestellt<\/strong>, bestehen aus Holzarten aus <strong>nachhaltig bewirtschafteten W\u00e4ldern<\/strong> (Massivholz Eiche, Birken-Sperrholz, MDF).<\/p>\n<\/div>\n<\/div>\n<\/div>\n","protected":false},"excerpt":{"rendered":"<p>Eine Marke, ein Konzept Weil das Regal ein wesentliches und schwer zu findendes M\u00f6belst\u00fcck ist (zu gro\u00df, zu niedrig, zu tief oder nicht tief genug\u2026), haben wir ein Konzept von Regalen entwickelt, das sich an jedes Bed\u00fcrfnis anpasst. Als Hybrid zwischen Aufbewahrung und Dekoration basiert es auf einem innovativen, aber sehr einfachen Modularit\u00e4tssystem. Das Gassien-Regal<\/p>\n<div><a class=\"btn-filled btn\" href=\"https:\/\/www.gassien.com\/de\/die-geschichte\/\" title=\"Die Geschichte\">Read More<\/a><\/div>\n","protected":false},"author":1,"featured_media":0,"parent":0,"menu_order":0,"comment_status":"closed","ping_status":"closed","template":"","meta":{"footnotes":""},"class_list":["post-10191","page","type-page","status-publish","hentry"],"yoast_head":"<!-- This site is optimized with the Yoast SEO plugin v27.0 - https:\/\/yoast.com\/product\/yoast-seo-wordpress\/ -->\n<title>Die Geschichte - Gassien<\/title>\n<meta name=\"robots\" content=\"index, follow, max-snippet:-1, max-image-preview:large, max-video-preview:-1\" \/>\n<link rel=\"canonical\" href=\"https:\/\/www.gassien.com\/de\/die-geschichte\/\" \/>\n<meta property=\"og:locale\" content=\"de_DE\" \/>\n<meta property=\"og:type\" content=\"article\" \/>\n<meta property=\"og:title\" content=\"Die Geschichte - Gassien\" \/>\n<meta property=\"og:description\" content=\"Eine Marke, ein Konzept Weil das Regal ein wesentliches und schwer zu findendes M\u00f6belst\u00fcck ist (zu gro\u00df, zu niedrig, zu tief oder nicht tief genug\u2026), haben wir ein Konzept von Regalen entwickelt, das sich an jedes Bed\u00fcrfnis anpasst. Als Hybrid zwischen Aufbewahrung und Dekoration basiert es auf einem innovativen, aber sehr einfachen Modularit\u00e4tssystem. Das Gassien-RegalRead More\" \/>\n<meta property=\"og:url\" content=\"https:\/\/www.gassien.com\/de\/die-geschichte\/\" \/>\n<meta property=\"og:site_name\" content=\"Gassien\" \/>\n<meta property=\"article:publisher\" content=\"https:\/\/www.facebook.com\/gassienparis\" \/>\n<meta property=\"article:modified_time\" content=\"2024-04-29T10:15:42+00:00\" \/>\n<meta property=\"og:image\" content=\"https:\/\/www.gassien.com\/wp-content\/uploads\/2017\/05\/SITE-FLYER-3.png\" \/>\n<meta name=\"twitter:card\" content=\"summary_large_image\" \/>\n<meta name=\"twitter:site\" content=\"@gassienparis\" \/>\n<meta name=\"twitter:label1\" content=\"Gesch\u00e4tzte Lesezeit\" \/>\n\t<meta name=\"twitter:data1\" content=\"1\u00a0Minute\" \/>\n<script type=\"application\/ld+json\" class=\"yoast-schema-graph\">{\"@context\":\"https:\/\/schema.org\",\"@graph\":[{\"@type\":\"WebPage\",\"@id\":\"https:\/\/www.gassien.com\/de\/die-geschichte\/\",\"url\":\"https:\/\/www.gassien.com\/de\/die-geschichte\/\",\"name\":\"Die Geschichte - Gassien\",\"isPartOf\":{\"@id\":\"https:\/\/gassien.com\/#website\"},\"primaryImageOfPage\":{\"@id\":\"https:\/\/www.gassien.com\/de\/die-geschichte\/#primaryimage\"},\"image\":{\"@id\":\"https:\/\/www.gassien.com\/de\/die-geschichte\/#primaryimage\"},\"thumbnailUrl\":\"https:\/\/www.gassien.com\/wp-content\/uploads\/2017\/05\/SITE-FLYER-3.png\",\"datePublished\":\"2024-03-25T18:35:05+00:00\",\"dateModified\":\"2024-04-29T10:15:42+00:00\",\"inLanguage\":\"de\",\"potentialAction\":[{\"@type\":\"ReadAction\",\"target\":[\"https:\/\/www.gassien.com\/de\/die-geschichte\/\"]}]},{\"@type\":\"ImageObject\",\"inLanguage\":\"de\",\"@id\":\"https:\/\/www.gassien.com\/de\/die-geschichte\/#primaryimage\",\"url\":\"https:\/\/www.gassien.com\/wp-content\/uploads\/2017\/05\/SITE-FLYER-3.png\",\"contentUrl\":\"https:\/\/www.gassien.com\/wp-content\/uploads\/2017\/05\/SITE-FLYER-3.png\"},{\"@type\":\"WebSite\",\"@id\":\"https:\/\/gassien.com\/#website\",\"url\":\"https:\/\/gassien.com\/\",\"name\":\"Gassien\",\"description\":\"L&#039;\u00e9tag\u00e8re modulable\",\"publisher\":{\"@id\":\"https:\/\/gassien.com\/#organization\"},\"potentialAction\":[{\"@type\":\"SearchAction\",\"target\":{\"@type\":\"EntryPoint\",\"urlTemplate\":\"https:\/\/gassien.com\/?s={search_term_string}\"},\"query-input\":{\"@type\":\"PropertyValueSpecification\",\"valueRequired\":true,\"valueName\":\"search_term_string\"}}],\"inLanguage\":\"de\"},{\"@type\":\"Organization\",\"@id\":\"https:\/\/gassien.com\/#organization\",\"name\":\"Gassien\",\"url\":\"https:\/\/gassien.com\/\",\"logo\":{\"@type\":\"ImageObject\",\"inLanguage\":\"de\",\"@id\":\"https:\/\/gassien.com\/#\/schema\/logo\/image\/\",\"url\":\"https:\/\/gassien.com\/wp-content\/uploads\/2017\/01\/logo.png\",\"contentUrl\":\"https:\/\/gassien.com\/wp-content\/uploads\/2017\/01\/logo.png\",\"width\":896,\"height\":328,\"caption\":\"Gassien\"},\"image\":{\"@id\":\"https:\/\/gassien.com\/#\/schema\/logo\/image\/\"},\"sameAs\":[\"https:\/\/www.facebook.com\/gassienparis\",\"https:\/\/x.com\/gassienparis\",\"https:\/\/www.instagram.com\/gassienparis\",\"https:\/\/fr.pinterest.com\/gassienparis\/\"]}]}<\/script>\n<!-- \/ Yoast SEO plugin. -->","yoast_head_json":{"title":"Die Geschichte - Gassien","robots":{"index":"index","follow":"follow","max-snippet":"max-snippet:-1","max-image-preview":"max-image-preview:large","max-video-preview":"max-video-preview:-1"},"canonical":"https:\/\/www.gassien.com\/de\/die-geschichte\/","og_locale":"de_DE","og_type":"article","og_title":"Die Geschichte - Gassien","og_description":"Eine Marke, ein Konzept Weil das Regal ein wesentliches und schwer zu findendes M\u00f6belst\u00fcck ist (zu gro\u00df, zu niedrig, zu tief oder nicht tief genug\u2026), haben wir ein Konzept von Regalen entwickelt, das sich an jedes Bed\u00fcrfnis anpasst. Als Hybrid zwischen Aufbewahrung und Dekoration basiert es auf einem innovativen, aber sehr einfachen Modularit\u00e4tssystem. Das Gassien-RegalRead More","og_url":"https:\/\/www.gassien.com\/de\/die-geschichte\/","og_site_name":"Gassien","article_publisher":"https:\/\/www.facebook.com\/gassienparis","article_modified_time":"2024-04-29T10:15:42+00:00","og_image":[{"url":"https:\/\/www.gassien.com\/wp-content\/uploads\/2017\/05\/SITE-FLYER-3.png","type":"","width":"","height":""}],"twitter_card":"summary_large_image","twitter_site":"@gassienparis","twitter_misc":{"Gesch\u00e4tzte Lesezeit":"1\u00a0Minute"},"schema":{"@context":"https:\/\/schema.org","@graph":[{"@type":"WebPage","@id":"https:\/\/www.gassien.com\/de\/die-geschichte\/","url":"https:\/\/www.gassien.com\/de\/die-geschichte\/","name":"Die Geschichte - Gassien","isPartOf":{"@id":"https:\/\/gassien.com\/#website"},"primaryImageOfPage":{"@id":"https:\/\/www.gassien.com\/de\/die-geschichte\/#primaryimage"},"image":{"@id":"https:\/\/www.gassien.com\/de\/die-geschichte\/#primaryimage"},"thumbnailUrl":"https:\/\/www.gassien.com\/wp-content\/uploads\/2017\/05\/SITE-FLYER-3.png","datePublished":"2024-03-25T18:35:05+00:00","dateModified":"2024-04-29T10:15:42+00:00","inLanguage":"de","potentialAction":[{"@type":"ReadAction","target":["https:\/\/www.gassien.com\/de\/die-geschichte\/"]}]},{"@type":"ImageObject","inLanguage":"de","@id":"https:\/\/www.gassien.com\/de\/die-geschichte\/#primaryimage","url":"https:\/\/www.gassien.com\/wp-content\/uploads\/2017\/05\/SITE-FLYER-3.png","contentUrl":"https:\/\/www.gassien.com\/wp-content\/uploads\/2017\/05\/SITE-FLYER-3.png"},{"@type":"WebSite","@id":"https:\/\/gassien.com\/#website","url":"https:\/\/gassien.com\/","name":"Gassien","description":"L&#039;\u00e9tag\u00e8re modulable","publisher":{"@id":"https:\/\/gassien.com\/#organization"},"potentialAction":[{"@type":"SearchAction","target":{"@type":"EntryPoint","urlTemplate":"https:\/\/gassien.com\/?s={search_term_string}"},"query-input":{"@type":"PropertyValueSpecification","valueRequired":true,"valueName":"search_term_string"}}],"inLanguage":"de"},{"@type":"Organization","@id":"https:\/\/gassien.com\/#organization","name":"Gassien","url":"https:\/\/gassien.com\/","logo":{"@type":"ImageObject","inLanguage":"de","@id":"https:\/\/gassien.com\/#\/schema\/logo\/image\/","url":"https:\/\/gassien.com\/wp-content\/uploads\/2017\/01\/logo.png","contentUrl":"https:\/\/gassien.com\/wp-content\/uploads\/2017\/01\/logo.png","width":896,"height":328,"caption":"Gassien"},"image":{"@id":"https:\/\/gassien.com\/#\/schema\/logo\/image\/"},"sameAs":["https:\/\/www.facebook.com\/gassienparis","https:\/\/x.com\/gassienparis","https:\/\/www.instagram.com\/gassienparis","https:\/\/fr.pinterest.com\/gassienparis\/"]}]}},"_links":{"self":[{"href":"https:\/\/www.gassien.com\/de\/wp-json\/wp\/v2\/pages\/10191","targetHints":{"allow":["GET"]}}],"collection":[{"href":"https:\/\/www.gassien.com\/de\/wp-json\/wp\/v2\/pages"}],"about":[{"href":"https:\/\/www.gassien.com\/de\/wp-json\/wp\/v2\/types\/page"}],"author":[{"embeddable":true,"href":"https:\/\/www.gassien.com\/de\/wp-json\/wp\/v2\/users\/1"}],"replies":[{"embeddable":true,"href":"https:\/\/www.gassien.com\/de\/wp-json\/wp\/v2\/comments?post=10191"}],"version-history":[{"count":1,"href":"https:\/\/www.gassien.com\/de\/wp-json\/wp\/v2\/pages\/10191\/revisions"}],"predecessor-version":[{"id":11847,"href":"https:\/\/www.gassien.com\/de\/wp-json\/wp\/v2\/pages\/10191\/revisions\/11847"}],"wp:attachment":[{"href":"https:\/\/www.gassien.com\/de\/wp-json\/wp\/v2\/media?parent=10191"}],"curies":[{"name":"wp","href":"https:\/\/api.w.org\/{rel}","templated":true}]}}