{"id":10214,"date":"2024-03-26T10:40:56","date_gmt":"2024-03-26T09:40:56","guid":{"rendered":"https:\/\/www.gassien.com\/lieferung-und-rueckgabe\/"},"modified":"2024-04-29T14:47:42","modified_gmt":"2024-04-29T12:47:42","slug":"lieferung-und-rueckgabe","status":"publish","type":"page","link":"https:\/\/www.gassien.com\/de\/lieferung-und-rueckgabe\/","title":{"rendered":"Lieferung und R\u00fcckgabe"},"content":{"rendered":"<h1>1. LIEFERUNG<\/h1>\n<p>Die Bestellungen werden von GASSIEN aus unserem in Frankreich gelegenen Logistikzentrum versendet.<\/p>\n<p>Die Lieferung erfolgt mit Unterschrift.<\/p>\n<p>Die Lieferung erfolgt bis zur Haust\u00fcr und in den Stock.<\/p>\n<p>Die Lieferzeiten betragen etwa 1 bis 4 Tage in Frankreich nach dem Versand (au\u00dfer f\u00fcr nicht vorr\u00e4tige Produkte).<\/p>\n<p>Bei Abwesenheit am Tag der Lieferung wird der Lieferant erneut zu dir nach Hause kommen. Nach mehr als 3 erfolglosen Zustellversuchen wird das Paket entweder in einem Paketshop abgegeben oder in das Lager des Unternehmens zur\u00fcckgeschickt. Die erneuten Versandkosten gehen dann zu Lasten des Kunden.<\/p>\n<h2>Frankreich (Festland ohne Inseln), Belgien, Luxemburg, Andorra, Monaco<\/h2>\n<p>Die Lieferung nach Frankreich (Festland ohne Inseln), Belgien, Luxemburg, Andorra und Monaco ist ab 150\u20ac kostenlos. F\u00fcr Bestellungen unter 150\u20ac betragen die Versandkosten je nach Gr\u00f6\u00dfe des Produkts 7\u20ac oder 19\u20ac.<\/p>\n<h2>Lieferung nach Korsika und den Inseln<\/h2>\n<p>Die Lieferkosten nach Korsika betragen 30\u20ac inkl. MwSt.<\/p>\n<h2>Europa<\/h2>\n<p>Unsere Regale werden in alle L\u00e4nder Europas geliefert. Die Versandkosten betragen je nach Zielort:<\/p>\n<ul>\n<li>20\u20ac inkl. MwSt. f\u00fcr Deutschland, Italien, Spanien und die Niederlande<\/li>\n<li>36\u20ac inkl. MwSt. f\u00fcr andere L\u00e4nder<\/li>\n<\/ul>\n<h2>Schweiz<\/h2>\n<p>Die Versandkosten betragen 40\u20ac netto.<\/p>\n<p>Die Preise sind Nettopreise: Steuern und Zollgeb\u00fchren sind nicht inbegriffen und werden vom Kunden direkt gezahlt.<\/p>\n<h2>Gro\u00dfbritannien<\/h2>\n<p>Die Mindestbestellmenge f\u00fcr Gro\u00dfbritannien betr\u00e4gt 140\u20ac netto. Die Versandkosten betragen 60\u20ac netto.<\/p>\n<p>Die Preise sind Nettopreise: Steuern und Zollgeb\u00fchren sind nicht inbegriffen und werden vom Kunden direkt gezahlt.<\/p>\n<h2>Andere L\u00e4nder<\/h2>\n<p>F\u00fcr Informationen zu den Bedingungen und Preisen kontaktiere uns bitte unter contact@gassien.com<\/p>\n<h1>2. R\u00dcCKGABE<\/h1>\n<h2>Kostenloser Umtausch<\/h2>\n<p>Innerhalb von 15 Tagen nach deiner Bestellung kannst du dein Produkt gegen einen Gutschein austauschen, der 6 Monate lang g\u00fcltig ist. Dieser Gutschein entspricht dem Wert deines urspr\u00fcnglichen Kaufs (ohne Versandkosten), sofern die R\u00fccksendebedingungen eingehalten werden*.<\/p>\n<p>Kunden, die einen Werbecode erhalten haben und sp\u00e4ter umtauschen m\u00f6chten, erhalten einen Gutschein \u00fcber den netto bezahlten Betrag. Wenn der Rabatt nicht mehr g\u00fcltig oder nicht kombinierbar ist, muss der Betrag, der dem Rabatt auf den ersten Kauf entspricht, bezahlt werden, um das bestellte Produkt umtauschen zu k\u00f6nnen.<\/p>\n<p>Die Versandkosten f\u00fcr die R\u00fccksendung gehen zu Lasten des Kunden.<\/p>\n<p>Der Kunde kann nur eine kostenlose Umtauschanfrage online pro Bestellung auf der Website www.gassien.com stellen.<\/p>\n<h2>R\u00fccksendungen und R\u00fcckerstattungen<\/h2>\n<p>Sie haben 15 Tage Zeit, um die Ware zur\u00fcckzusenden und eine vollst\u00e4ndige R\u00fcckerstattung des Kaufpreises zu erhalten, sofern die R\u00fccksendebedingungen* eingehalten werden. Die Versandkosten f\u00fcr die R\u00fccksendung werden von GASSIEN nicht erstattet und gehen vollst\u00e4ndig zu Lasten des K\u00e4ufers.<\/p>\n<p>Weitere Informationen findest du in unseren <a href=\"https:\/\/www.gassien.com\/de\/agb\/\">Allgemeinen Gesch\u00e4ftsbedingungen<\/a>.<\/p>\n<p>* Die zur\u00fcckgesendeten Produkte m\u00fcssen neu und vollst\u00e4ndig in ihrer Verpackung und ordnungsgem\u00e4\u00df verpackt und gesch\u00fctzt f\u00fcr den Transport sein. Bei Erhalt des Pakets werden unsere Teams den einwandfreien Zustand der zur\u00fcckgesandten Ware \u00fcberpr\u00fcfen. Keine R\u00fccksendung oder Umtausch wird akzeptiert, wenn die zur\u00fcckgesandten Artikel offensichtlich verwendet oder vom Kunden besch\u00e4digt wurden und diese Nutzung oder Sch\u00e4den die Artikel unverk\u00e4uflich machen. Wenn die R\u00fccksendung oder der Umtausch abgelehnt wird, werden die Artikel an den Kunden zur\u00fcckgesandt. Die R\u00fccksendekosten gehen daher zu Lasten des Kunden. Weitere Informationen finden Sie in den Allgemeinen Gesch\u00e4ftsbedingungen.<\/p>\n","protected":false},"excerpt":{"rendered":"<p>1. LIEFERUNG Die Bestellungen werden von GASSIEN aus unserem in Frankreich gelegenen Logistikzentrum versendet. Die Lieferung erfolgt mit Unterschrift. Die Lieferung erfolgt bis zur Haust\u00fcr und in den Stock. Die Lieferzeiten betragen etwa 1 bis 4 Tage in Frankreich nach dem Versand (au\u00dfer f\u00fcr nicht vorr\u00e4tige Produkte). Bei Abwesenheit am Tag der Lieferung wird der<\/p>\n<div><a class=\"btn-filled btn\" href=\"https:\/\/www.gassien.com\/de\/lieferung-und-rueckgabe\/\" title=\"Lieferung und R\u00fcckgabe\">Read More<\/a><\/div>\n","protected":false},"author":1,"featured_media":0,"parent":0,"menu_order":0,"comment_status":"closed","ping_status":"closed","template":"","meta":{"footnotes":""},"class_list":["post-10214","page","type-page","status-publish","hentry"],"yoast_head":"<!-- This site is optimized with the Yoast SEO plugin v27.4 - https:\/\/yoast.com\/product\/yoast-seo-wordpress\/ -->\n<title>Lieferung und R\u00fcckgabe - Gassien<\/title>\n<meta name=\"robots\" content=\"index, follow, max-snippet:-1, max-image-preview:large, max-video-preview:-1\" \/>\n<link rel=\"canonical\" href=\"https:\/\/www.gassien.com\/de\/lieferung-und-rueckgabe\/\" \/>\n<meta property=\"og:locale\" content=\"de_DE\" \/>\n<meta property=\"og:type\" content=\"article\" \/>\n<meta property=\"og:title\" content=\"Lieferung und R\u00fcckgabe - Gassien\" \/>\n<meta property=\"og:description\" content=\"1. LIEFERUNG Die Bestellungen werden von GASSIEN aus unserem in Frankreich gelegenen Logistikzentrum versendet. Die Lieferung erfolgt mit Unterschrift. Die Lieferung erfolgt bis zur Haust\u00fcr und in den Stock. Die Lieferzeiten betragen etwa 1 bis 4 Tage in Frankreich nach dem Versand (au\u00dfer f\u00fcr nicht vorr\u00e4tige Produkte). Bei Abwesenheit am Tag der Lieferung wird derRead More\" \/>\n<meta property=\"og:url\" content=\"https:\/\/www.gassien.com\/de\/lieferung-und-rueckgabe\/\" \/>\n<meta property=\"og:site_name\" content=\"Gassien\" \/>\n<meta property=\"article:publisher\" content=\"https:\/\/www.facebook.com\/gassienparis\" \/>\n<meta property=\"article:modified_time\" content=\"2024-04-29T12:47:42+00:00\" \/>\n<meta name=\"twitter:card\" content=\"summary_large_image\" \/>\n<meta name=\"twitter:label1\" content=\"Gesch\u00e4tzte Lesezeit\" \/>\n\t<meta name=\"twitter:data1\" content=\"3\u00a0Minuten\" \/>\n<script type=\"application\/ld+json\" class=\"yoast-schema-graph\">{\"@context\":\"https:\\\/\\\/schema.org\",\"@graph\":[{\"@type\":\"WebPage\",\"@id\":\"https:\\\/\\\/www.gassien.com\\\/de\\\/lieferung-und-rueckgabe\\\/\",\"url\":\"https:\\\/\\\/www.gassien.com\\\/de\\\/lieferung-und-rueckgabe\\\/\",\"name\":\"Lieferung und R\u00fcckgabe - Gassien\",\"isPartOf\":{\"@id\":\"https:\\\/\\\/gassien.com\\\/#website\"},\"datePublished\":\"2024-03-26T09:40:56+00:00\",\"dateModified\":\"2024-04-29T12:47:42+00:00\",\"inLanguage\":\"de\",\"potentialAction\":[{\"@type\":\"ReadAction\",\"target\":[\"https:\\\/\\\/www.gassien.com\\\/de\\\/lieferung-und-rueckgabe\\\/\"]}]},{\"@type\":\"WebSite\",\"@id\":\"https:\\\/\\\/gassien.com\\\/#website\",\"url\":\"https:\\\/\\\/gassien.com\\\/\",\"name\":\"Gassien\",\"description\":\"L&#039;\u00e9tag\u00e8re modulable\",\"publisher\":{\"@id\":\"https:\\\/\\\/gassien.com\\\/#organization\"},\"potentialAction\":[{\"@type\":\"SearchAction\",\"target\":{\"@type\":\"EntryPoint\",\"urlTemplate\":\"https:\\\/\\\/gassien.com\\\/?s={search_term_string}\"},\"query-input\":{\"@type\":\"PropertyValueSpecification\",\"valueRequired\":true,\"valueName\":\"search_term_string\"}}],\"inLanguage\":\"de\"},{\"@type\":\"Organization\",\"@id\":\"https:\\\/\\\/gassien.com\\\/#organization\",\"name\":\"Gassien\",\"url\":\"https:\\\/\\\/gassien.com\\\/\",\"logo\":{\"@type\":\"ImageObject\",\"inLanguage\":\"de\",\"@id\":\"https:\\\/\\\/gassien.com\\\/#\\\/schema\\\/logo\\\/image\\\/\",\"url\":\"https:\\\/\\\/www.gassien.com\\\/wp-content\\\/uploads\\\/2017\\\/01\\\/logo.png\",\"contentUrl\":\"https:\\\/\\\/www.gassien.com\\\/wp-content\\\/uploads\\\/2017\\\/01\\\/logo.png\",\"width\":896,\"height\":328,\"caption\":\"Gassien\"},\"image\":{\"@id\":\"https:\\\/\\\/gassien.com\\\/#\\\/schema\\\/logo\\\/image\\\/\"},\"sameAs\":[\"https:\\\/\\\/www.facebook.com\\\/gassienparis\",\"https:\\\/\\\/www.instagram.com\\\/gassienparis\",\"https:\\\/\\\/fr.pinterest.com\\\/gassienparis\\\/\"]}]}<\/script>\n<!-- \/ Yoast SEO plugin. -->","yoast_head_json":{"title":"Lieferung und R\u00fcckgabe - Gassien","robots":{"index":"index","follow":"follow","max-snippet":"max-snippet:-1","max-image-preview":"max-image-preview:large","max-video-preview":"max-video-preview:-1"},"canonical":"https:\/\/www.gassien.com\/de\/lieferung-und-rueckgabe\/","og_locale":"de_DE","og_type":"article","og_title":"Lieferung und R\u00fcckgabe - Gassien","og_description":"1. LIEFERUNG Die Bestellungen werden von GASSIEN aus unserem in Frankreich gelegenen Logistikzentrum versendet. Die Lieferung erfolgt mit Unterschrift. Die Lieferung erfolgt bis zur Haust\u00fcr und in den Stock. Die Lieferzeiten betragen etwa 1 bis 4 Tage in Frankreich nach dem Versand (au\u00dfer f\u00fcr nicht vorr\u00e4tige Produkte). Bei Abwesenheit am Tag der Lieferung wird derRead More","og_url":"https:\/\/www.gassien.com\/de\/lieferung-und-rueckgabe\/","og_site_name":"Gassien","article_publisher":"https:\/\/www.facebook.com\/gassienparis","article_modified_time":"2024-04-29T12:47:42+00:00","twitter_card":"summary_large_image","twitter_misc":{"Gesch\u00e4tzte Lesezeit":"3\u00a0Minuten"},"schema":{"@context":"https:\/\/schema.org","@graph":[{"@type":"WebPage","@id":"https:\/\/www.gassien.com\/de\/lieferung-und-rueckgabe\/","url":"https:\/\/www.gassien.com\/de\/lieferung-und-rueckgabe\/","name":"Lieferung und R\u00fcckgabe - Gassien","isPartOf":{"@id":"https:\/\/gassien.com\/#website"},"datePublished":"2024-03-26T09:40:56+00:00","dateModified":"2024-04-29T12:47:42+00:00","inLanguage":"de","potentialAction":[{"@type":"ReadAction","target":["https:\/\/www.gassien.com\/de\/lieferung-und-rueckgabe\/"]}]},{"@type":"WebSite","@id":"https:\/\/gassien.com\/#website","url":"https:\/\/gassien.com\/","name":"Gassien","description":"L&#039;\u00e9tag\u00e8re modulable","publisher":{"@id":"https:\/\/gassien.com\/#organization"},"potentialAction":[{"@type":"SearchAction","target":{"@type":"EntryPoint","urlTemplate":"https:\/\/gassien.com\/?s={search_term_string}"},"query-input":{"@type":"PropertyValueSpecification","valueRequired":true,"valueName":"search_term_string"}}],"inLanguage":"de"},{"@type":"Organization","@id":"https:\/\/gassien.com\/#organization","name":"Gassien","url":"https:\/\/gassien.com\/","logo":{"@type":"ImageObject","inLanguage":"de","@id":"https:\/\/gassien.com\/#\/schema\/logo\/image\/","url":"https:\/\/www.gassien.com\/wp-content\/uploads\/2017\/01\/logo.png","contentUrl":"https:\/\/www.gassien.com\/wp-content\/uploads\/2017\/01\/logo.png","width":896,"height":328,"caption":"Gassien"},"image":{"@id":"https:\/\/gassien.com\/#\/schema\/logo\/image\/"},"sameAs":["https:\/\/www.facebook.com\/gassienparis","https:\/\/www.instagram.com\/gassienparis","https:\/\/fr.pinterest.com\/gassienparis\/"]}]}},"_links":{"self":[{"href":"https:\/\/www.gassien.com\/de\/wp-json\/wp\/v2\/pages\/10214","targetHints":{"allow":["GET"]}}],"collection":[{"href":"https:\/\/www.gassien.com\/de\/wp-json\/wp\/v2\/pages"}],"about":[{"href":"https:\/\/www.gassien.com\/de\/wp-json\/wp\/v2\/types\/page"}],"author":[{"embeddable":true,"href":"https:\/\/www.gassien.com\/de\/wp-json\/wp\/v2\/users\/1"}],"replies":[{"embeddable":true,"href":"https:\/\/www.gassien.com\/de\/wp-json\/wp\/v2\/comments?post=10214"}],"version-history":[{"count":2,"href":"https:\/\/www.gassien.com\/de\/wp-json\/wp\/v2\/pages\/10214\/revisions"}],"predecessor-version":[{"id":11849,"href":"https:\/\/www.gassien.com\/de\/wp-json\/wp\/v2\/pages\/10214\/revisions\/11849"}],"wp:attachment":[{"href":"https:\/\/www.gassien.com\/de\/wp-json\/wp\/v2\/media?parent=10214"}],"curies":[{"name":"wp","href":"https:\/\/api.w.org\/{rel}","templated":true}]}}