{"id":10108,"date":"2023-03-15T18:41:23","date_gmt":"2023-03-15T17:41:23","guid":{"rendered":"https:\/\/www.gassien.com\/produit\/materialproben\/"},"modified":"2023-03-15T18:41:23","modified_gmt":"2023-03-15T17:41:23","slug":"materialproben","status":"publish","type":"product","link":"https:\/\/www.gassien.com\/de\/produkt\/materialproben\/","title":{"rendered":"Materialproben"},"content":{"rendered":"<p>Materialmuster-Kit verf\u00fcgbar f\u00fcr die Gassien Paris Kompositionen.<\/p>\n<ul>\n<li>Holz: Massivholz Eiche, Birke, Wei\u00df lackierte Buche, Schwarz lackierte Buche<\/li>\n<li>Metall: Schwarz, Wei\u00df, Messing (Epoxy)<\/li>\n<\/ul>\n<p>Geliefert in einem Karton mit einer Halterung zum Pr\u00e4sentieren der Muster an einer Wandbasis.<\/p>\n<p>&nbsp;<\/p>\n<p><strong>Die Muster werden mit der ersten Bestellung erstattet.<\/strong><\/p>\n","protected":false},"excerpt":{"rendered":"<p>Materialmuster-Kit verf\u00fcgbar f\u00fcr die Gassien Paris Kompositionen. Holz: Massivholz Eiche, Birke, Wei\u00df lackierte Buche, Schwarz lackierte Buche Metall: Schwarz, Wei\u00df, Messing (Epoxy) Geliefert in einem Karton mit einer Halterung zum Pr\u00e4sentieren der Muster an einer Wandbasis. &nbsp; Die Muster werden mit der ersten Bestellung erstattet.<\/p>\n","protected":false},"featured_media":10109,"template":"","meta":[],"product_brand":[],"product_cat":[243],"product_tag":[],"class_list":{"0":"post-10108","1":"product","2":"type-product","3":"status-publish","4":"has-post-thumbnail","6":"product_cat-einzelelemente","7":"product_shipping_class-materialproben","9":"first","10":"instock","11":"taxable","12":"shipping-taxable","13":"purchasable","14":"product-type-simple"},"yoast_head":"<!-- This site is optimized with the Yoast SEO plugin v27.0 - https:\/\/yoast.com\/product\/yoast-seo-wordpress\/ -->\n<title>Materialproben - Gassien<\/title>\n<meta name=\"description\" content=\"Muster der verf\u00fcgbaren Materialien und Oberfl\u00e4chen f\u00fcr die Gassien Paris Kompositionen. Werden bei der ersten Bestellung erstattet. Hergestellt in Frankreich.\" \/>\n<meta name=\"robots\" content=\"index, follow, max-snippet:-1, max-image-preview:large, max-video-preview:-1\" \/>\n<link rel=\"canonical\" href=\"https:\/\/www.gassien.com\/de\/produkt\/materialproben\/\" \/>\n<meta property=\"og:locale\" content=\"de_DE\" \/>\n<meta property=\"og:type\" content=\"article\" \/>\n<meta property=\"og:title\" content=\"Materialproben - Gassien\" \/>\n<meta property=\"og:description\" content=\"Muster der verf\u00fcgbaren Materialien und Oberfl\u00e4chen f\u00fcr die Gassien Paris Kompositionen. Werden bei der ersten Bestellung erstattet. Hergestellt in Frankreich.\" \/>\n<meta property=\"og:url\" content=\"https:\/\/www.gassien.com\/de\/produkt\/materialproben\/\" \/>\n<meta property=\"og:site_name\" content=\"Gassien\" \/>\n<meta property=\"article:publisher\" content=\"https:\/\/www.facebook.com\/gassienparis\" \/>\n<meta property=\"og:image\" content=\"https:\/\/www.gassien.com\/wp-content\/uploads\/2023\/03\/20230315_GASSIEN_echantillons.jpg\" \/>\n\t<meta property=\"og:image:width\" content=\"1000\" \/>\n\t<meta property=\"og:image:height\" content=\"1000\" \/>\n\t<meta property=\"og:image:type\" content=\"image\/jpeg\" \/>\n<meta name=\"twitter:card\" content=\"summary_large_image\" \/>\n<meta name=\"twitter:site\" content=\"@gassienparis\" \/>\n<script type=\"application\/ld+json\" class=\"yoast-schema-graph\">{\"@context\":\"https:\/\/schema.org\",\"@graph\":[{\"@type\":\"WebPage\",\"@id\":\"https:\/\/www.gassien.com\/de\/produkt\/materialproben\/\",\"url\":\"https:\/\/www.gassien.com\/de\/produkt\/materialproben\/\",\"name\":\"Materialproben - Gassien\",\"isPartOf\":{\"@id\":\"https:\/\/gassien.com\/#website\"},\"primaryImageOfPage\":{\"@id\":\"https:\/\/www.gassien.com\/de\/produkt\/materialproben\/#primaryimage\"},\"image\":{\"@id\":\"https:\/\/www.gassien.com\/de\/produkt\/materialproben\/#primaryimage\"},\"thumbnailUrl\":\"https:\/\/www.gassien.com\/wp-content\/uploads\/2023\/03\/20230315_GASSIEN_echantillons.jpg\",\"datePublished\":\"2023-03-15T17:41:23+00:00\",\"description\":\"Muster der verf\u00fcgbaren Materialien und Oberfl\u00e4chen f\u00fcr die Gassien Paris Kompositionen. Werden bei der ersten Bestellung erstattet. Hergestellt in Frankreich.\",\"breadcrumb\":{\"@id\":\"https:\/\/www.gassien.com\/de\/produkt\/materialproben\/#breadcrumb\"},\"inLanguage\":\"de\",\"potentialAction\":[{\"@type\":\"ReadAction\",\"target\":[\"https:\/\/www.gassien.com\/de\/produkt\/materialproben\/\"]}]},{\"@type\":\"ImageObject\",\"inLanguage\":\"de\",\"@id\":\"https:\/\/www.gassien.com\/de\/produkt\/materialproben\/#primaryimage\",\"url\":\"https:\/\/www.gassien.com\/wp-content\/uploads\/2023\/03\/20230315_GASSIEN_echantillons.jpg\",\"contentUrl\":\"https:\/\/www.gassien.com\/wp-content\/uploads\/2023\/03\/20230315_GASSIEN_echantillons.jpg\",\"width\":1000,\"height\":1000,\"caption\":\"Materialproben Gassien Paris\"},{\"@type\":\"BreadcrumbList\",\"@id\":\"https:\/\/www.gassien.com\/de\/produkt\/materialproben\/#breadcrumb\",\"itemListElement\":[{\"@type\":\"ListItem\",\"position\":1,\"name\":\"Gesch\u00e4ft\",\"item\":\"https:\/\/www.gassien.com\/shop\/\"},{\"@type\":\"ListItem\",\"position\":2,\"name\":\"Materialproben\"}]},{\"@type\":\"WebSite\",\"@id\":\"https:\/\/gassien.com\/#website\",\"url\":\"https:\/\/gassien.com\/\",\"name\":\"Gassien\",\"description\":\"L&#039;\u00e9tag\u00e8re modulable\",\"publisher\":{\"@id\":\"https:\/\/gassien.com\/#organization\"},\"potentialAction\":[{\"@type\":\"SearchAction\",\"target\":{\"@type\":\"EntryPoint\",\"urlTemplate\":\"https:\/\/gassien.com\/?s={search_term_string}\"},\"query-input\":{\"@type\":\"PropertyValueSpecification\",\"valueRequired\":true,\"valueName\":\"search_term_string\"}}],\"inLanguage\":\"de\"},{\"@type\":\"Organization\",\"@id\":\"https:\/\/gassien.com\/#organization\",\"name\":\"Gassien\",\"url\":\"https:\/\/gassien.com\/\",\"logo\":{\"@type\":\"ImageObject\",\"inLanguage\":\"de\",\"@id\":\"https:\/\/gassien.com\/#\/schema\/logo\/image\/\",\"url\":\"https:\/\/gassien.com\/wp-content\/uploads\/2017\/01\/logo.png\",\"contentUrl\":\"https:\/\/gassien.com\/wp-content\/uploads\/2017\/01\/logo.png\",\"width\":896,\"height\":328,\"caption\":\"Gassien\"},\"image\":{\"@id\":\"https:\/\/gassien.com\/#\/schema\/logo\/image\/\"},\"sameAs\":[\"https:\/\/www.facebook.com\/gassienparis\",\"https:\/\/x.com\/gassienparis\",\"https:\/\/www.instagram.com\/gassienparis\",\"https:\/\/fr.pinterest.com\/gassienparis\/\"]}]}<\/script>\n<!-- \/ Yoast SEO plugin. -->","yoast_head_json":{"title":"Materialproben - Gassien","description":"Muster der verf\u00fcgbaren Materialien und Oberfl\u00e4chen f\u00fcr die Gassien Paris Kompositionen. Werden bei der ersten Bestellung erstattet. Hergestellt in Frankreich.","robots":{"index":"index","follow":"follow","max-snippet":"max-snippet:-1","max-image-preview":"max-image-preview:large","max-video-preview":"max-video-preview:-1"},"canonical":"https:\/\/www.gassien.com\/de\/produkt\/materialproben\/","og_locale":"de_DE","og_type":"article","og_title":"Materialproben - Gassien","og_description":"Muster der verf\u00fcgbaren Materialien und Oberfl\u00e4chen f\u00fcr die Gassien Paris Kompositionen. Werden bei der ersten Bestellung erstattet. Hergestellt in Frankreich.","og_url":"https:\/\/www.gassien.com\/de\/produkt\/materialproben\/","og_site_name":"Gassien","article_publisher":"https:\/\/www.facebook.com\/gassienparis","og_image":[{"width":1000,"height":1000,"url":"https:\/\/www.gassien.com\/wp-content\/uploads\/2023\/03\/20230315_GASSIEN_echantillons.jpg","type":"image\/jpeg"}],"twitter_card":"summary_large_image","twitter_site":"@gassienparis","schema":{"@context":"https:\/\/schema.org","@graph":[{"@type":"WebPage","@id":"https:\/\/www.gassien.com\/de\/produkt\/materialproben\/","url":"https:\/\/www.gassien.com\/de\/produkt\/materialproben\/","name":"Materialproben - Gassien","isPartOf":{"@id":"https:\/\/gassien.com\/#website"},"primaryImageOfPage":{"@id":"https:\/\/www.gassien.com\/de\/produkt\/materialproben\/#primaryimage"},"image":{"@id":"https:\/\/www.gassien.com\/de\/produkt\/materialproben\/#primaryimage"},"thumbnailUrl":"https:\/\/www.gassien.com\/wp-content\/uploads\/2023\/03\/20230315_GASSIEN_echantillons.jpg","datePublished":"2023-03-15T17:41:23+00:00","description":"Muster der verf\u00fcgbaren Materialien und Oberfl\u00e4chen f\u00fcr die Gassien Paris Kompositionen. Werden bei der ersten Bestellung erstattet. Hergestellt in Frankreich.","breadcrumb":{"@id":"https:\/\/www.gassien.com\/de\/produkt\/materialproben\/#breadcrumb"},"inLanguage":"de","potentialAction":[{"@type":"ReadAction","target":["https:\/\/www.gassien.com\/de\/produkt\/materialproben\/"]}]},{"@type":"ImageObject","inLanguage":"de","@id":"https:\/\/www.gassien.com\/de\/produkt\/materialproben\/#primaryimage","url":"https:\/\/www.gassien.com\/wp-content\/uploads\/2023\/03\/20230315_GASSIEN_echantillons.jpg","contentUrl":"https:\/\/www.gassien.com\/wp-content\/uploads\/2023\/03\/20230315_GASSIEN_echantillons.jpg","width":1000,"height":1000,"caption":"Materialproben Gassien Paris"},{"@type":"BreadcrumbList","@id":"https:\/\/www.gassien.com\/de\/produkt\/materialproben\/#breadcrumb","itemListElement":[{"@type":"ListItem","position":1,"name":"Gesch\u00e4ft","item":"https:\/\/www.gassien.com\/shop\/"},{"@type":"ListItem","position":2,"name":"Materialproben"}]},{"@type":"WebSite","@id":"https:\/\/gassien.com\/#website","url":"https:\/\/gassien.com\/","name":"Gassien","description":"L&#039;\u00e9tag\u00e8re modulable","publisher":{"@id":"https:\/\/gassien.com\/#organization"},"potentialAction":[{"@type":"SearchAction","target":{"@type":"EntryPoint","urlTemplate":"https:\/\/gassien.com\/?s={search_term_string}"},"query-input":{"@type":"PropertyValueSpecification","valueRequired":true,"valueName":"search_term_string"}}],"inLanguage":"de"},{"@type":"Organization","@id":"https:\/\/gassien.com\/#organization","name":"Gassien","url":"https:\/\/gassien.com\/","logo":{"@type":"ImageObject","inLanguage":"de","@id":"https:\/\/gassien.com\/#\/schema\/logo\/image\/","url":"https:\/\/gassien.com\/wp-content\/uploads\/2017\/01\/logo.png","contentUrl":"https:\/\/gassien.com\/wp-content\/uploads\/2017\/01\/logo.png","width":896,"height":328,"caption":"Gassien"},"image":{"@id":"https:\/\/gassien.com\/#\/schema\/logo\/image\/"},"sameAs":["https:\/\/www.facebook.com\/gassienparis","https:\/\/x.com\/gassienparis","https:\/\/www.instagram.com\/gassienparis","https:\/\/fr.pinterest.com\/gassienparis\/"]}]}},"_links":{"self":[{"href":"https:\/\/www.gassien.com\/de\/wp-json\/wp\/v2\/product\/10108","targetHints":{"allow":["GET"]}}],"collection":[{"href":"https:\/\/www.gassien.com\/de\/wp-json\/wp\/v2\/product"}],"about":[{"href":"https:\/\/www.gassien.com\/de\/wp-json\/wp\/v2\/types\/product"}],"wp:featuredmedia":[{"embeddable":true,"href":"https:\/\/www.gassien.com\/de\/wp-json\/wp\/v2\/media\/10109"}],"wp:attachment":[{"href":"https:\/\/www.gassien.com\/de\/wp-json\/wp\/v2\/media?parent=10108"}],"wp:term":[{"taxonomy":"product_brand","embeddable":true,"href":"https:\/\/www.gassien.com\/de\/wp-json\/wp\/v2\/product_brand?post=10108"},{"taxonomy":"product_cat","embeddable":true,"href":"https:\/\/www.gassien.com\/de\/wp-json\/wp\/v2\/product_cat?post=10108"},{"taxonomy":"product_tag","embeddable":true,"href":"https:\/\/www.gassien.com\/de\/wp-json\/wp\/v2\/product_tag?post=10108"}],"curies":[{"name":"wp","href":"https:\/\/api.w.org\/{rel}","templated":true}]}}