{"id":10254,"date":"2022-09-13T19:46:18","date_gmt":"2022-09-13T17:46:18","guid":{"rendered":"https:\/\/www.gassien.com\/produit\/wandregal-lucien\/"},"modified":"2026-04-27T13:24:05","modified_gmt":"2026-04-27T11:24:05","slug":"wandregal-lucien","status":"publish","type":"product","link":"https:\/\/www.gassien.com\/de\/produkt\/wandregal-lucien\/","title":{"rendered":"Wandregal Lucien"},"content":{"rendered":"<p><strong>Wandregal bestehend aus<\/strong>:<\/p>\n<ul>\n<li>1 Wandbasis L80cm, H44cm<\/li>\n<li>2 Bilderrahmenhalter L40cm, T10cm<\/li>\n<li>1 Vasenhalter L10cm, T10cm<\/li>\n<li>1 Vasenhalter L15cm, T15cm<\/li>\n<\/ul>\n<p><strong>Materialien<\/strong><\/p>\n<p>Wandbasis und Zubeh\u00f6r: Stahl mit einer Epoxidschutzbeschichtung<\/p>\n<p><strong>Hergestellt in Frankreich<\/strong><\/p>\n<p><b>Verpackung:<\/b> Packung enth\u00e4lt Wandbasis und Zubeh\u00f6r<\/p>\n<p>Zur Selbstmontage<\/p>\n","protected":false},"excerpt":{"rendered":"<p>Wandregal bestehend aus: 1 Wandbasis L80cm, H44cm 2 Bilderrahmenhalter L40cm, T10cm 1 Vasenhalter L10cm, T10cm 1 Vasenhalter L15cm, T15cm Materialien Wandbasis und Zubeh\u00f6r: Stahl mit einer Epoxidschutzbeschichtung Hergestellt in Frankreich Verpackung: Packung enth\u00e4lt Wandbasis und Zubeh\u00f6r Zur Selbstmontage<\/p>\n","protected":false},"featured_media":10255,"template":"","meta":[],"product_brand":[],"product_cat":[230],"product_tag":[],"class_list":{"0":"post-10254","1":"product","2":"type-product","3":"status-publish","4":"has-post-thumbnail","6":"product_cat-regale","8":"first","9":"instock","10":"taxable","11":"shipping-taxable","12":"purchasable","13":"product-type-variable","14":"has-default-attributes"},"yoast_head":"<!-- This site is optimized with the Yoast SEO plugin v27.4 - https:\/\/yoast.com\/product\/yoast-seo-wordpress\/ -->\n<title>Wandregal Lucien - Gassien<\/title>\n<meta name=\"robots\" content=\"index, follow, max-snippet:-1, max-image-preview:large, max-video-preview:-1\" \/>\n<link rel=\"canonical\" href=\"https:\/\/www.gassien.com\/de\/produkt\/wandregal-lucien\/\" \/>\n<meta property=\"og:locale\" content=\"de_DE\" \/>\n<meta property=\"og:type\" content=\"article\" \/>\n<meta property=\"og:title\" content=\"Wandregal Lucien - Gassien\" \/>\n<meta property=\"og:description\" content=\"Wandregal bestehend aus: 1 Wandbasis L80cm, H44cm 2 Bilderrahmenhalter L40cm, T10cm 1 Vasenhalter L10cm, T10cm 1 Vasenhalter L15cm, T15cm Materialien Wandbasis und Zubeh\u00f6r: Stahl mit einer Epoxidschutzbeschichtung Hergestellt in Frankreich Verpackung: Packung enth\u00e4lt Wandbasis und Zubeh\u00f6r Zur Selbstmontage\" \/>\n<meta property=\"og:url\" content=\"https:\/\/www.gassien.com\/de\/produkt\/wandregal-lucien\/\" \/>\n<meta property=\"og:site_name\" content=\"Gassien\" \/>\n<meta property=\"article:publisher\" content=\"https:\/\/www.facebook.com\/gassienparis\" \/>\n<meta property=\"article:modified_time\" content=\"2026-04-27T11:24:05+00:00\" \/>\n<meta property=\"og:image\" content=\"https:\/\/www.gassien.com\/wp-content\/uploads\/2022\/09\/39_LUCIEN_-16-2bis-scaled.jpg\" \/>\n\t<meta property=\"og:image:width\" content=\"2560\" \/>\n\t<meta property=\"og:image:height\" content=\"2560\" \/>\n\t<meta property=\"og:image:type\" content=\"image\/jpeg\" \/>\n<meta name=\"twitter:card\" content=\"summary_large_image\" \/>\n<script type=\"application\/ld+json\" class=\"yoast-schema-graph\">{\"@context\":\"https:\\\/\\\/schema.org\",\"@graph\":[{\"@type\":\"WebPage\",\"@id\":\"https:\\\/\\\/www.gassien.com\\\/de\\\/produkt\\\/wandregal-lucien\\\/\",\"url\":\"https:\\\/\\\/www.gassien.com\\\/de\\\/produkt\\\/wandregal-lucien\\\/\",\"name\":\"Wandregal Lucien - Gassien\",\"isPartOf\":{\"@id\":\"https:\\\/\\\/gassien.com\\\/#website\"},\"primaryImageOfPage\":{\"@id\":\"https:\\\/\\\/www.gassien.com\\\/de\\\/produkt\\\/wandregal-lucien\\\/#primaryimage\"},\"image\":{\"@id\":\"https:\\\/\\\/www.gassien.com\\\/de\\\/produkt\\\/wandregal-lucien\\\/#primaryimage\"},\"thumbnailUrl\":\"https:\\\/\\\/www.gassien.com\\\/wp-content\\\/uploads\\\/2022\\\/09\\\/39_LUCIEN_-16-2bis-scaled.jpg\",\"datePublished\":\"2022-09-13T17:46:18+00:00\",\"dateModified\":\"2026-04-27T11:24:05+00:00\",\"breadcrumb\":{\"@id\":\"https:\\\/\\\/www.gassien.com\\\/de\\\/produkt\\\/wandregal-lucien\\\/#breadcrumb\"},\"inLanguage\":\"de\",\"potentialAction\":[{\"@type\":\"ReadAction\",\"target\":[\"https:\\\/\\\/www.gassien.com\\\/de\\\/produkt\\\/wandregal-lucien\\\/\"]}]},{\"@type\":\"ImageObject\",\"inLanguage\":\"de\",\"@id\":\"https:\\\/\\\/www.gassien.com\\\/de\\\/produkt\\\/wandregal-lucien\\\/#primaryimage\",\"url\":\"https:\\\/\\\/www.gassien.com\\\/wp-content\\\/uploads\\\/2022\\\/09\\\/39_LUCIEN_-16-2bis-scaled.jpg\",\"contentUrl\":\"https:\\\/\\\/www.gassien.com\\\/wp-content\\\/uploads\\\/2022\\\/09\\\/39_LUCIEN_-16-2bis-scaled.jpg\",\"width\":2560,\"height\":2560,\"caption\":\"Regal Gassien Paris Lucien pr\u00e4sentiert mit K\u00fcchenutensilien. Farbe Wei\u00df\"},{\"@type\":\"BreadcrumbList\",\"@id\":\"https:\\\/\\\/www.gassien.com\\\/de\\\/produkt\\\/wandregal-lucien\\\/#breadcrumb\",\"itemListElement\":[{\"@type\":\"ListItem\",\"position\":1,\"name\":\"Gesch\u00e4ft\",\"item\":\"https:\\\/\\\/www.gassien.com\\\/shop\\\/\"},{\"@type\":\"ListItem\",\"position\":2,\"name\":\"Wandregal Lucien\"}]},{\"@type\":\"WebSite\",\"@id\":\"https:\\\/\\\/gassien.com\\\/#website\",\"url\":\"https:\\\/\\\/gassien.com\\\/\",\"name\":\"Gassien\",\"description\":\"L&#039;\u00e9tag\u00e8re modulable\",\"publisher\":{\"@id\":\"https:\\\/\\\/gassien.com\\\/#organization\"},\"potentialAction\":[{\"@type\":\"SearchAction\",\"target\":{\"@type\":\"EntryPoint\",\"urlTemplate\":\"https:\\\/\\\/gassien.com\\\/?s={search_term_string}\"},\"query-input\":{\"@type\":\"PropertyValueSpecification\",\"valueRequired\":true,\"valueName\":\"search_term_string\"}}],\"inLanguage\":\"de\"},{\"@type\":\"Organization\",\"@id\":\"https:\\\/\\\/gassien.com\\\/#organization\",\"name\":\"Gassien\",\"url\":\"https:\\\/\\\/gassien.com\\\/\",\"logo\":{\"@type\":\"ImageObject\",\"inLanguage\":\"de\",\"@id\":\"https:\\\/\\\/gassien.com\\\/#\\\/schema\\\/logo\\\/image\\\/\",\"url\":\"https:\\\/\\\/www.gassien.com\\\/wp-content\\\/uploads\\\/2017\\\/01\\\/logo.png\",\"contentUrl\":\"https:\\\/\\\/www.gassien.com\\\/wp-content\\\/uploads\\\/2017\\\/01\\\/logo.png\",\"width\":896,\"height\":328,\"caption\":\"Gassien\"},\"image\":{\"@id\":\"https:\\\/\\\/gassien.com\\\/#\\\/schema\\\/logo\\\/image\\\/\"},\"sameAs\":[\"https:\\\/\\\/www.facebook.com\\\/gassienparis\",\"https:\\\/\\\/www.instagram.com\\\/gassienparis\",\"https:\\\/\\\/fr.pinterest.com\\\/gassienparis\\\/\"]}]}<\/script>\n<!-- \/ Yoast SEO plugin. -->","yoast_head_json":{"title":"Wandregal Lucien - Gassien","robots":{"index":"index","follow":"follow","max-snippet":"max-snippet:-1","max-image-preview":"max-image-preview:large","max-video-preview":"max-video-preview:-1"},"canonical":"https:\/\/www.gassien.com\/de\/produkt\/wandregal-lucien\/","og_locale":"de_DE","og_type":"article","og_title":"Wandregal Lucien - Gassien","og_description":"Wandregal bestehend aus: 1 Wandbasis L80cm, H44cm 2 Bilderrahmenhalter L40cm, T10cm 1 Vasenhalter L10cm, T10cm 1 Vasenhalter L15cm, T15cm Materialien Wandbasis und Zubeh\u00f6r: Stahl mit einer Epoxidschutzbeschichtung Hergestellt in Frankreich Verpackung: Packung enth\u00e4lt Wandbasis und Zubeh\u00f6r Zur Selbstmontage","og_url":"https:\/\/www.gassien.com\/de\/produkt\/wandregal-lucien\/","og_site_name":"Gassien","article_publisher":"https:\/\/www.facebook.com\/gassienparis","article_modified_time":"2026-04-27T11:24:05+00:00","og_image":[{"width":2560,"height":2560,"url":"https:\/\/www.gassien.com\/wp-content\/uploads\/2022\/09\/39_LUCIEN_-16-2bis-scaled.jpg","type":"image\/jpeg"}],"twitter_card":"summary_large_image","schema":{"@context":"https:\/\/schema.org","@graph":[{"@type":"WebPage","@id":"https:\/\/www.gassien.com\/de\/produkt\/wandregal-lucien\/","url":"https:\/\/www.gassien.com\/de\/produkt\/wandregal-lucien\/","name":"Wandregal Lucien - Gassien","isPartOf":{"@id":"https:\/\/gassien.com\/#website"},"primaryImageOfPage":{"@id":"https:\/\/www.gassien.com\/de\/produkt\/wandregal-lucien\/#primaryimage"},"image":{"@id":"https:\/\/www.gassien.com\/de\/produkt\/wandregal-lucien\/#primaryimage"},"thumbnailUrl":"https:\/\/www.gassien.com\/wp-content\/uploads\/2022\/09\/39_LUCIEN_-16-2bis-scaled.jpg","datePublished":"2022-09-13T17:46:18+00:00","dateModified":"2026-04-27T11:24:05+00:00","breadcrumb":{"@id":"https:\/\/www.gassien.com\/de\/produkt\/wandregal-lucien\/#breadcrumb"},"inLanguage":"de","potentialAction":[{"@type":"ReadAction","target":["https:\/\/www.gassien.com\/de\/produkt\/wandregal-lucien\/"]}]},{"@type":"ImageObject","inLanguage":"de","@id":"https:\/\/www.gassien.com\/de\/produkt\/wandregal-lucien\/#primaryimage","url":"https:\/\/www.gassien.com\/wp-content\/uploads\/2022\/09\/39_LUCIEN_-16-2bis-scaled.jpg","contentUrl":"https:\/\/www.gassien.com\/wp-content\/uploads\/2022\/09\/39_LUCIEN_-16-2bis-scaled.jpg","width":2560,"height":2560,"caption":"Regal Gassien Paris Lucien pr\u00e4sentiert mit K\u00fcchenutensilien. Farbe Wei\u00df"},{"@type":"BreadcrumbList","@id":"https:\/\/www.gassien.com\/de\/produkt\/wandregal-lucien\/#breadcrumb","itemListElement":[{"@type":"ListItem","position":1,"name":"Gesch\u00e4ft","item":"https:\/\/www.gassien.com\/shop\/"},{"@type":"ListItem","position":2,"name":"Wandregal Lucien"}]},{"@type":"WebSite","@id":"https:\/\/gassien.com\/#website","url":"https:\/\/gassien.com\/","name":"Gassien","description":"L&#039;\u00e9tag\u00e8re modulable","publisher":{"@id":"https:\/\/gassien.com\/#organization"},"potentialAction":[{"@type":"SearchAction","target":{"@type":"EntryPoint","urlTemplate":"https:\/\/gassien.com\/?s={search_term_string}"},"query-input":{"@type":"PropertyValueSpecification","valueRequired":true,"valueName":"search_term_string"}}],"inLanguage":"de"},{"@type":"Organization","@id":"https:\/\/gassien.com\/#organization","name":"Gassien","url":"https:\/\/gassien.com\/","logo":{"@type":"ImageObject","inLanguage":"de","@id":"https:\/\/gassien.com\/#\/schema\/logo\/image\/","url":"https:\/\/www.gassien.com\/wp-content\/uploads\/2017\/01\/logo.png","contentUrl":"https:\/\/www.gassien.com\/wp-content\/uploads\/2017\/01\/logo.png","width":896,"height":328,"caption":"Gassien"},"image":{"@id":"https:\/\/gassien.com\/#\/schema\/logo\/image\/"},"sameAs":["https:\/\/www.facebook.com\/gassienparis","https:\/\/www.instagram.com\/gassienparis","https:\/\/fr.pinterest.com\/gassienparis\/"]}]}},"_links":{"self":[{"href":"https:\/\/www.gassien.com\/de\/wp-json\/wp\/v2\/product\/10254","targetHints":{"allow":["GET"]}}],"collection":[{"href":"https:\/\/www.gassien.com\/de\/wp-json\/wp\/v2\/product"}],"about":[{"href":"https:\/\/www.gassien.com\/de\/wp-json\/wp\/v2\/types\/product"}],"wp:featuredmedia":[{"embeddable":true,"href":"https:\/\/www.gassien.com\/de\/wp-json\/wp\/v2\/media\/10255"}],"wp:attachment":[{"href":"https:\/\/www.gassien.com\/de\/wp-json\/wp\/v2\/media?parent=10254"}],"wp:term":[{"taxonomy":"product_brand","embeddable":true,"href":"https:\/\/www.gassien.com\/de\/wp-json\/wp\/v2\/product_brand?post=10254"},{"taxonomy":"product_cat","embeddable":true,"href":"https:\/\/www.gassien.com\/de\/wp-json\/wp\/v2\/product_cat?post=10254"},{"taxonomy":"product_tag","embeddable":true,"href":"https:\/\/www.gassien.com\/de\/wp-json\/wp\/v2\/product_tag?post=10254"}],"curies":[{"name":"wp","href":"https:\/\/api.w.org\/{rel}","templated":true}]}}