{"id":10309,"date":"2022-06-28T14:38:04","date_gmt":"2022-06-28T12:38:04","guid":{"rendered":"https:\/\/www.gassien.com\/produit\/wandregal-louis\/"},"modified":"2022-06-28T14:38:04","modified_gmt":"2022-06-28T12:38:04","slug":"wandregal-louis","status":"publish","type":"product","link":"https:\/\/www.gassien.com\/de\/produkt\/wandregal-louis\/","title":{"rendered":"Wandregal Louis"},"content":{"rendered":"<p><strong>Regal bestehend aus<\/strong>:<\/p>\n<ul>\n<li>1 Wandbasis GF (L80cm, H77cm)<\/li>\n<li>1 Brett L40cm, T15cm<\/li>\n<li>1 Brett L40cm, T20cm<\/li>\n<li>1 Brett L80cm, T30cm<\/li>\n<li>2 Paar Haken T1<\/li>\n<li>1 Satz Haken T2\/T3<\/li>\n<\/ul>\n<p><strong>Materialien<\/strong><\/p>\n<p>Wandbasis: thermolackierter weicher Stahl<\/p>\n<p>Bretter: Holz aus bewirtschafteten W\u00e4ldern, Lacke und Lasuren ohne L\u00f6sungsmittel; massives Eichenholz lackiert, Birken-Multiplex lackiert, MDF schwarz oder wei\u00df lackiert<\/p>\n<p><strong>Hergestellt<\/strong> in Frankreich<\/p>\n<p><b>Maximales zul\u00e4ssiges Gewicht<\/b>: 15kg pro Brett, vorausgesetzt, dass die Befestigungen f\u00fcr die Wandbasen der Beschaffenheit der Wand entsprechend angepasst sind<\/p>\n<p><b>Verpackung:<\/b> Packung inklusive Wandbasis(en), Brettern und Haken<\/p>\n<p>Zum Selbstmontieren<\/p>\n","protected":false},"excerpt":{"rendered":"<p>Regal bestehend aus: 1 Wandbasis GF (L80cm, H77cm) 1 Brett L40cm, T15cm 1 Brett L40cm, T20cm 1 Brett L80cm, T30cm 2 Paar Haken T1 1 Satz Haken T2\/T3 Materialien Wandbasis: thermolackierter weicher Stahl Bretter: Holz aus bewirtschafteten W\u00e4ldern, Lacke und Lasuren ohne L\u00f6sungsmittel; massives Eichenholz lackiert, Birken-Multiplex lackiert, MDF schwarz oder wei\u00df lackiert Hergestellt in<\/p>\n<div><a class=\"btn-filled btn\" href=\"https:\/\/www.gassien.com\/de\/produkt\/wandregal-louis\/\" title=\"Wandregal Louis\">Read More<\/a><\/div>\n","protected":false},"featured_media":10292,"template":"","meta":[],"product_brand":[],"product_cat":[230],"product_tag":[],"class_list":{"0":"post-10309","1":"product","2":"type-product","3":"status-publish","4":"has-post-thumbnail","6":"product_cat-regale","8":"first","9":"instock","10":"taxable","11":"shipping-taxable","12":"purchasable","13":"product-type-variable","14":"has-default-attributes"},"yoast_head":"<!-- This site is optimized with the Yoast SEO plugin v27.4 - https:\/\/yoast.com\/product\/yoast-seo-wordpress\/ -->\n<title>Wandregal Louis - Gassien<\/title>\n<meta name=\"description\" content=\"Wandregal, modulierbar und anpassbar, Louis. 12 m\u00f6gliche Farbkombinationen. \u00d6ko-verantwortlich, hergestellt in Frankreich.\" \/>\n<meta name=\"robots\" content=\"index, follow, max-snippet:-1, max-image-preview:large, max-video-preview:-1\" \/>\n<link rel=\"canonical\" href=\"https:\/\/www.gassien.com\/de\/produkt\/wandregal-louis\/\" \/>\n<meta property=\"og:locale\" content=\"de_DE\" \/>\n<meta property=\"og:type\" content=\"article\" \/>\n<meta property=\"og:title\" content=\"Wandregal Louis - Gassien\" \/>\n<meta property=\"og:description\" content=\"Wandregal, modulierbar und anpassbar, Louis. 12 m\u00f6gliche Farbkombinationen. \u00d6ko-verantwortlich, hergestellt in Frankreich.\" \/>\n<meta property=\"og:url\" content=\"https:\/\/www.gassien.com\/de\/produkt\/wandregal-louis\/\" \/>\n<meta property=\"og:site_name\" content=\"Gassien\" \/>\n<meta property=\"article:publisher\" content=\"https:\/\/www.facebook.com\/gassienparis\" \/>\n<meta property=\"og:image\" content=\"https:\/\/www.gassien.com\/wp-content\/uploads\/2017\/01\/7_GF_Noir-2.jpg\" \/>\n\t<meta property=\"og:image:width\" content=\"1000\" \/>\n\t<meta property=\"og:image:height\" content=\"1000\" \/>\n\t<meta property=\"og:image:type\" content=\"image\/jpeg\" \/>\n<meta name=\"twitter:card\" content=\"summary_large_image\" \/>\n<script type=\"application\/ld+json\" class=\"yoast-schema-graph\">{\"@context\":\"https:\\\/\\\/schema.org\",\"@graph\":[{\"@type\":\"WebPage\",\"@id\":\"https:\\\/\\\/www.gassien.com\\\/de\\\/produkt\\\/wandregal-louis\\\/\",\"url\":\"https:\\\/\\\/www.gassien.com\\\/de\\\/produkt\\\/wandregal-louis\\\/\",\"name\":\"Wandregal Louis - Gassien\",\"isPartOf\":{\"@id\":\"https:\\\/\\\/gassien.com\\\/#website\"},\"primaryImageOfPage\":{\"@id\":\"https:\\\/\\\/www.gassien.com\\\/de\\\/produkt\\\/wandregal-louis\\\/#primaryimage\"},\"image\":{\"@id\":\"https:\\\/\\\/www.gassien.com\\\/de\\\/produkt\\\/wandregal-louis\\\/#primaryimage\"},\"thumbnailUrl\":\"https:\\\/\\\/www.gassien.com\\\/wp-content\\\/uploads\\\/2017\\\/01\\\/7_GF_Noir-2.jpg\",\"datePublished\":\"2022-06-28T12:38:04+00:00\",\"description\":\"Wandregal, modulierbar und anpassbar, Louis. 12 m\u00f6gliche Farbkombinationen. \u00d6ko-verantwortlich, hergestellt in Frankreich.\",\"breadcrumb\":{\"@id\":\"https:\\\/\\\/www.gassien.com\\\/de\\\/produkt\\\/wandregal-louis\\\/#breadcrumb\"},\"inLanguage\":\"de\",\"potentialAction\":[{\"@type\":\"ReadAction\",\"target\":[\"https:\\\/\\\/www.gassien.com\\\/de\\\/produkt\\\/wandregal-louis\\\/\"]}]},{\"@type\":\"ImageObject\",\"inLanguage\":\"de\",\"@id\":\"https:\\\/\\\/www.gassien.com\\\/de\\\/produkt\\\/wandregal-louis\\\/#primaryimage\",\"url\":\"https:\\\/\\\/www.gassien.com\\\/wp-content\\\/uploads\\\/2017\\\/01\\\/7_GF_Noir-2.jpg\",\"contentUrl\":\"https:\\\/\\\/www.gassien.com\\\/wp-content\\\/uploads\\\/2017\\\/01\\\/7_GF_Noir-2.jpg\",\"width\":1000,\"height\":1000},{\"@type\":\"BreadcrumbList\",\"@id\":\"https:\\\/\\\/www.gassien.com\\\/de\\\/produkt\\\/wandregal-louis\\\/#breadcrumb\",\"itemListElement\":[{\"@type\":\"ListItem\",\"position\":1,\"name\":\"Gesch\u00e4ft\",\"item\":\"https:\\\/\\\/www.gassien.com\\\/shop\\\/\"},{\"@type\":\"ListItem\",\"position\":2,\"name\":\"Wandregal Louis\"}]},{\"@type\":\"WebSite\",\"@id\":\"https:\\\/\\\/gassien.com\\\/#website\",\"url\":\"https:\\\/\\\/gassien.com\\\/\",\"name\":\"Gassien\",\"description\":\"L&#039;\u00e9tag\u00e8re modulable\",\"publisher\":{\"@id\":\"https:\\\/\\\/gassien.com\\\/#organization\"},\"potentialAction\":[{\"@type\":\"SearchAction\",\"target\":{\"@type\":\"EntryPoint\",\"urlTemplate\":\"https:\\\/\\\/gassien.com\\\/?s={search_term_string}\"},\"query-input\":{\"@type\":\"PropertyValueSpecification\",\"valueRequired\":true,\"valueName\":\"search_term_string\"}}],\"inLanguage\":\"de\"},{\"@type\":\"Organization\",\"@id\":\"https:\\\/\\\/gassien.com\\\/#organization\",\"name\":\"Gassien\",\"url\":\"https:\\\/\\\/gassien.com\\\/\",\"logo\":{\"@type\":\"ImageObject\",\"inLanguage\":\"de\",\"@id\":\"https:\\\/\\\/gassien.com\\\/#\\\/schema\\\/logo\\\/image\\\/\",\"url\":\"https:\\\/\\\/www.gassien.com\\\/wp-content\\\/uploads\\\/2017\\\/01\\\/logo.png\",\"contentUrl\":\"https:\\\/\\\/www.gassien.com\\\/wp-content\\\/uploads\\\/2017\\\/01\\\/logo.png\",\"width\":896,\"height\":328,\"caption\":\"Gassien\"},\"image\":{\"@id\":\"https:\\\/\\\/gassien.com\\\/#\\\/schema\\\/logo\\\/image\\\/\"},\"sameAs\":[\"https:\\\/\\\/www.facebook.com\\\/gassienparis\",\"https:\\\/\\\/www.instagram.com\\\/gassienparis\",\"https:\\\/\\\/fr.pinterest.com\\\/gassienparis\\\/\"]}]}<\/script>\n<!-- \/ Yoast SEO plugin. -->","yoast_head_json":{"title":"Wandregal Louis - Gassien","description":"Wandregal, modulierbar und anpassbar, Louis. 12 m\u00f6gliche Farbkombinationen. \u00d6ko-verantwortlich, hergestellt in Frankreich.","robots":{"index":"index","follow":"follow","max-snippet":"max-snippet:-1","max-image-preview":"max-image-preview:large","max-video-preview":"max-video-preview:-1"},"canonical":"https:\/\/www.gassien.com\/de\/produkt\/wandregal-louis\/","og_locale":"de_DE","og_type":"article","og_title":"Wandregal Louis - Gassien","og_description":"Wandregal, modulierbar und anpassbar, Louis. 12 m\u00f6gliche Farbkombinationen. \u00d6ko-verantwortlich, hergestellt in Frankreich.","og_url":"https:\/\/www.gassien.com\/de\/produkt\/wandregal-louis\/","og_site_name":"Gassien","article_publisher":"https:\/\/www.facebook.com\/gassienparis","og_image":[{"width":1000,"height":1000,"url":"https:\/\/www.gassien.com\/wp-content\/uploads\/2017\/01\/7_GF_Noir-2.jpg","type":"image\/jpeg"}],"twitter_card":"summary_large_image","schema":{"@context":"https:\/\/schema.org","@graph":[{"@type":"WebPage","@id":"https:\/\/www.gassien.com\/de\/produkt\/wandregal-louis\/","url":"https:\/\/www.gassien.com\/de\/produkt\/wandregal-louis\/","name":"Wandregal Louis - Gassien","isPartOf":{"@id":"https:\/\/gassien.com\/#website"},"primaryImageOfPage":{"@id":"https:\/\/www.gassien.com\/de\/produkt\/wandregal-louis\/#primaryimage"},"image":{"@id":"https:\/\/www.gassien.com\/de\/produkt\/wandregal-louis\/#primaryimage"},"thumbnailUrl":"https:\/\/www.gassien.com\/wp-content\/uploads\/2017\/01\/7_GF_Noir-2.jpg","datePublished":"2022-06-28T12:38:04+00:00","description":"Wandregal, modulierbar und anpassbar, Louis. 12 m\u00f6gliche Farbkombinationen. \u00d6ko-verantwortlich, hergestellt in Frankreich.","breadcrumb":{"@id":"https:\/\/www.gassien.com\/de\/produkt\/wandregal-louis\/#breadcrumb"},"inLanguage":"de","potentialAction":[{"@type":"ReadAction","target":["https:\/\/www.gassien.com\/de\/produkt\/wandregal-louis\/"]}]},{"@type":"ImageObject","inLanguage":"de","@id":"https:\/\/www.gassien.com\/de\/produkt\/wandregal-louis\/#primaryimage","url":"https:\/\/www.gassien.com\/wp-content\/uploads\/2017\/01\/7_GF_Noir-2.jpg","contentUrl":"https:\/\/www.gassien.com\/wp-content\/uploads\/2017\/01\/7_GF_Noir-2.jpg","width":1000,"height":1000},{"@type":"BreadcrumbList","@id":"https:\/\/www.gassien.com\/de\/produkt\/wandregal-louis\/#breadcrumb","itemListElement":[{"@type":"ListItem","position":1,"name":"Gesch\u00e4ft","item":"https:\/\/www.gassien.com\/shop\/"},{"@type":"ListItem","position":2,"name":"Wandregal Louis"}]},{"@type":"WebSite","@id":"https:\/\/gassien.com\/#website","url":"https:\/\/gassien.com\/","name":"Gassien","description":"L&#039;\u00e9tag\u00e8re modulable","publisher":{"@id":"https:\/\/gassien.com\/#organization"},"potentialAction":[{"@type":"SearchAction","target":{"@type":"EntryPoint","urlTemplate":"https:\/\/gassien.com\/?s={search_term_string}"},"query-input":{"@type":"PropertyValueSpecification","valueRequired":true,"valueName":"search_term_string"}}],"inLanguage":"de"},{"@type":"Organization","@id":"https:\/\/gassien.com\/#organization","name":"Gassien","url":"https:\/\/gassien.com\/","logo":{"@type":"ImageObject","inLanguage":"de","@id":"https:\/\/gassien.com\/#\/schema\/logo\/image\/","url":"https:\/\/www.gassien.com\/wp-content\/uploads\/2017\/01\/logo.png","contentUrl":"https:\/\/www.gassien.com\/wp-content\/uploads\/2017\/01\/logo.png","width":896,"height":328,"caption":"Gassien"},"image":{"@id":"https:\/\/gassien.com\/#\/schema\/logo\/image\/"},"sameAs":["https:\/\/www.facebook.com\/gassienparis","https:\/\/www.instagram.com\/gassienparis","https:\/\/fr.pinterest.com\/gassienparis\/"]}]}},"_links":{"self":[{"href":"https:\/\/www.gassien.com\/de\/wp-json\/wp\/v2\/product\/10309","targetHints":{"allow":["GET"]}}],"collection":[{"href":"https:\/\/www.gassien.com\/de\/wp-json\/wp\/v2\/product"}],"about":[{"href":"https:\/\/www.gassien.com\/de\/wp-json\/wp\/v2\/types\/product"}],"wp:featuredmedia":[{"embeddable":true,"href":"https:\/\/www.gassien.com\/de\/wp-json\/wp\/v2\/media\/10292"}],"wp:attachment":[{"href":"https:\/\/www.gassien.com\/de\/wp-json\/wp\/v2\/media?parent=10309"}],"wp:term":[{"taxonomy":"product_brand","embeddable":true,"href":"https:\/\/www.gassien.com\/de\/wp-json\/wp\/v2\/product_brand?post=10309"},{"taxonomy":"product_cat","embeddable":true,"href":"https:\/\/www.gassien.com\/de\/wp-json\/wp\/v2\/product_cat?post=10309"},{"taxonomy":"product_tag","embeddable":true,"href":"https:\/\/www.gassien.com\/de\/wp-json\/wp\/v2\/product_tag?post=10309"}],"curies":[{"name":"wp","href":"https:\/\/api.w.org\/{rel}","templated":true}]}}