{"id":10387,"date":"2021-12-01T11:18:09","date_gmt":"2021-12-01T10:18:09","guid":{"rendered":"https:\/\/www.gassien.com\/produit\/nesting-tische\/"},"modified":"2021-12-01T11:18:09","modified_gmt":"2021-12-01T10:18:09","slug":"nesting-tische","status":"publish","type":"product","link":"https:\/\/www.gassien.com\/de\/produkt\/nesting-tische\/","title":{"rendered":"Nesting-Tische"},"content":{"rendered":"<p>In einer Logik der Raumoptimierung konzipiert und in einem leichten und minimalistischen Geist gestaltet, werden diese Tische sich in all Ihre R\u00e4ume integrieren, sei es als Sofatisch, Nachttisch oder kleine Beistelltisch&#8230;<\/p>\n<p><strong>Set von 3 Nesting-Tischen, bestehend aus<\/strong>:<\/p>\n<ul>\n<li>1 Tisch 46x36cm, H\u00f6he 43cm<\/li>\n<li>1 Tisch 38x33cm, H\u00f6he 38cm<\/li>\n<li>1 Tisch 30x30cm, H\u00f6he 33cm<\/li>\n<\/ul>\n<p>Diese 3 Tische werden zusammen verkauft.<\/p>\n<p><strong>Materialien<\/strong><\/p>\n<p>Tischplatten: Holz aus nachhaltiger Forstwirtschaft; massives Eichenholz mit Lackierung, mehrschichtiges Birkenholz mit Lackierung<br \/>\nBeine: Stahl mit Epoxidbeschichtung, Farben: Wei\u00df, Schwarz, Messing<\/p>\n<p><strong>Hergestellt in Frankreich<\/strong><\/p>\n<p><b>Verpackung:<\/b> Packung mit Wandhalterung(en), Platten und Aufh\u00e4ngungen<\/p>\n<p>Zur Selbstmontage<\/p>\n","protected":false},"excerpt":{"rendered":"<p>In einer Logik der Raumoptimierung konzipiert und in einem leichten und minimalistischen Geist gestaltet, werden diese Tische sich in all Ihre R\u00e4ume integrieren, sei es als Sofatisch, Nachttisch oder kleine Beistelltisch&#8230; Set von 3 Nesting-Tischen, bestehend aus: 1 Tisch 46x36cm, H\u00f6he 43cm 1 Tisch 38x33cm, H\u00f6he 38cm 1 Tisch 30x30cm, H\u00f6he 33cm Diese 3 Tische<\/p>\n<div><a class=\"btn-filled btn\" href=\"https:\/\/www.gassien.com\/de\/produkt\/nesting-tische\/\" title=\"Nesting-Tische\">Read More<\/a><\/div>\n","protected":false},"featured_media":10388,"template":"","meta":[],"product_brand":[],"product_cat":[241],"product_tag":[],"class_list":{"0":"post-10387","1":"product","2":"type-product","3":"status-publish","4":"has-post-thumbnail","6":"product_cat-tische","8":"first","9":"instock","10":"taxable","11":"shipping-taxable","12":"purchasable","13":"product-type-variable","14":"has-default-attributes"},"yoast_head":"<!-- This site is optimized with the Yoast SEO plugin v27.4 - https:\/\/yoast.com\/product\/yoast-seo-wordpress\/ -->\n<title>Nesting-Tische - Gassien<\/title>\n<meta name=\"robots\" content=\"index, follow, max-snippet:-1, max-image-preview:large, max-video-preview:-1\" \/>\n<link rel=\"canonical\" href=\"https:\/\/www.gassien.com\/de\/produkt\/nesting-tische\/\" \/>\n<meta property=\"og:locale\" content=\"de_DE\" \/>\n<meta property=\"og:type\" content=\"article\" \/>\n<meta property=\"og:title\" content=\"Nesting-Tische - Gassien\" \/>\n<meta property=\"og:description\" content=\"In einer Logik der Raumoptimierung konzipiert und in einem leichten und minimalistischen Geist gestaltet, werden diese Tische sich in all Ihre R\u00e4ume integrieren, sei es als Sofatisch, Nachttisch oder kleine Beistelltisch&#8230; Set von 3 Nesting-Tischen, bestehend aus: 1 Tisch 46x36cm, H\u00f6he 43cm 1 Tisch 38x33cm, H\u00f6he 38cm 1 Tisch 30x30cm, H\u00f6he 33cm Diese 3 TischeRead More\" \/>\n<meta property=\"og:url\" content=\"https:\/\/www.gassien.com\/de\/produkt\/nesting-tische\/\" \/>\n<meta property=\"og:site_name\" content=\"Gassien\" \/>\n<meta property=\"article:publisher\" content=\"https:\/\/www.facebook.com\/gassienparis\" \/>\n<meta property=\"og:image\" content=\"https:\/\/www.gassien.com\/wp-content\/uploads\/2021\/12\/GASSIEN_Gigognes_blanc_bouleau_1065-1.jpg\" \/>\n\t<meta property=\"og:image:width\" content=\"1000\" \/>\n\t<meta property=\"og:image:height\" content=\"1000\" \/>\n\t<meta property=\"og:image:type\" content=\"image\/jpeg\" \/>\n<meta name=\"twitter:card\" content=\"summary_large_image\" \/>\n<script type=\"application\/ld+json\" class=\"yoast-schema-graph\">{\"@context\":\"https:\\\/\\\/schema.org\",\"@graph\":[{\"@type\":\"WebPage\",\"@id\":\"https:\\\/\\\/www.gassien.com\\\/de\\\/produkt\\\/nesting-tische\\\/\",\"url\":\"https:\\\/\\\/www.gassien.com\\\/de\\\/produkt\\\/nesting-tische\\\/\",\"name\":\"Nesting-Tische - Gassien\",\"isPartOf\":{\"@id\":\"https:\\\/\\\/gassien.com\\\/#website\"},\"primaryImageOfPage\":{\"@id\":\"https:\\\/\\\/www.gassien.com\\\/de\\\/produkt\\\/nesting-tische\\\/#primaryimage\"},\"image\":{\"@id\":\"https:\\\/\\\/www.gassien.com\\\/de\\\/produkt\\\/nesting-tische\\\/#primaryimage\"},\"thumbnailUrl\":\"https:\\\/\\\/www.gassien.com\\\/wp-content\\\/uploads\\\/2021\\\/12\\\/GASSIEN_Gigognes_blanc_bouleau_1065-1.jpg\",\"datePublished\":\"2021-12-01T10:18:09+00:00\",\"breadcrumb\":{\"@id\":\"https:\\\/\\\/www.gassien.com\\\/de\\\/produkt\\\/nesting-tische\\\/#breadcrumb\"},\"inLanguage\":\"de\",\"potentialAction\":[{\"@type\":\"ReadAction\",\"target\":[\"https:\\\/\\\/www.gassien.com\\\/de\\\/produkt\\\/nesting-tische\\\/\"]}]},{\"@type\":\"ImageObject\",\"inLanguage\":\"de\",\"@id\":\"https:\\\/\\\/www.gassien.com\\\/de\\\/produkt\\\/nesting-tische\\\/#primaryimage\",\"url\":\"https:\\\/\\\/www.gassien.com\\\/wp-content\\\/uploads\\\/2021\\\/12\\\/GASSIEN_Gigognes_blanc_bouleau_1065-1.jpg\",\"contentUrl\":\"https:\\\/\\\/www.gassien.com\\\/wp-content\\\/uploads\\\/2021\\\/12\\\/GASSIEN_Gigognes_blanc_bouleau_1065-1.jpg\",\"width\":1000,\"height\":1000},{\"@type\":\"BreadcrumbList\",\"@id\":\"https:\\\/\\\/www.gassien.com\\\/de\\\/produkt\\\/nesting-tische\\\/#breadcrumb\",\"itemListElement\":[{\"@type\":\"ListItem\",\"position\":1,\"name\":\"Gesch\u00e4ft\",\"item\":\"https:\\\/\\\/www.gassien.com\\\/shop\\\/\"},{\"@type\":\"ListItem\",\"position\":2,\"name\":\"Nesting-Tische\"}]},{\"@type\":\"WebSite\",\"@id\":\"https:\\\/\\\/gassien.com\\\/#website\",\"url\":\"https:\\\/\\\/gassien.com\\\/\",\"name\":\"Gassien\",\"description\":\"L&#039;\u00e9tag\u00e8re modulable\",\"publisher\":{\"@id\":\"https:\\\/\\\/gassien.com\\\/#organization\"},\"potentialAction\":[{\"@type\":\"SearchAction\",\"target\":{\"@type\":\"EntryPoint\",\"urlTemplate\":\"https:\\\/\\\/gassien.com\\\/?s={search_term_string}\"},\"query-input\":{\"@type\":\"PropertyValueSpecification\",\"valueRequired\":true,\"valueName\":\"search_term_string\"}}],\"inLanguage\":\"de\"},{\"@type\":\"Organization\",\"@id\":\"https:\\\/\\\/gassien.com\\\/#organization\",\"name\":\"Gassien\",\"url\":\"https:\\\/\\\/gassien.com\\\/\",\"logo\":{\"@type\":\"ImageObject\",\"inLanguage\":\"de\",\"@id\":\"https:\\\/\\\/gassien.com\\\/#\\\/schema\\\/logo\\\/image\\\/\",\"url\":\"https:\\\/\\\/www.gassien.com\\\/wp-content\\\/uploads\\\/2017\\\/01\\\/logo.png\",\"contentUrl\":\"https:\\\/\\\/www.gassien.com\\\/wp-content\\\/uploads\\\/2017\\\/01\\\/logo.png\",\"width\":896,\"height\":328,\"caption\":\"Gassien\"},\"image\":{\"@id\":\"https:\\\/\\\/gassien.com\\\/#\\\/schema\\\/logo\\\/image\\\/\"},\"sameAs\":[\"https:\\\/\\\/www.facebook.com\\\/gassienparis\",\"https:\\\/\\\/www.instagram.com\\\/gassienparis\",\"https:\\\/\\\/fr.pinterest.com\\\/gassienparis\\\/\"]}]}<\/script>\n<!-- \/ Yoast SEO plugin. -->","yoast_head_json":{"title":"Nesting-Tische - Gassien","robots":{"index":"index","follow":"follow","max-snippet":"max-snippet:-1","max-image-preview":"max-image-preview:large","max-video-preview":"max-video-preview:-1"},"canonical":"https:\/\/www.gassien.com\/de\/produkt\/nesting-tische\/","og_locale":"de_DE","og_type":"article","og_title":"Nesting-Tische - Gassien","og_description":"In einer Logik der Raumoptimierung konzipiert und in einem leichten und minimalistischen Geist gestaltet, werden diese Tische sich in all Ihre R\u00e4ume integrieren, sei es als Sofatisch, Nachttisch oder kleine Beistelltisch&#8230; Set von 3 Nesting-Tischen, bestehend aus: 1 Tisch 46x36cm, H\u00f6he 43cm 1 Tisch 38x33cm, H\u00f6he 38cm 1 Tisch 30x30cm, H\u00f6he 33cm Diese 3 TischeRead More","og_url":"https:\/\/www.gassien.com\/de\/produkt\/nesting-tische\/","og_site_name":"Gassien","article_publisher":"https:\/\/www.facebook.com\/gassienparis","og_image":[{"width":1000,"height":1000,"url":"https:\/\/www.gassien.com\/wp-content\/uploads\/2021\/12\/GASSIEN_Gigognes_blanc_bouleau_1065-1.jpg","type":"image\/jpeg"}],"twitter_card":"summary_large_image","schema":{"@context":"https:\/\/schema.org","@graph":[{"@type":"WebPage","@id":"https:\/\/www.gassien.com\/de\/produkt\/nesting-tische\/","url":"https:\/\/www.gassien.com\/de\/produkt\/nesting-tische\/","name":"Nesting-Tische - Gassien","isPartOf":{"@id":"https:\/\/gassien.com\/#website"},"primaryImageOfPage":{"@id":"https:\/\/www.gassien.com\/de\/produkt\/nesting-tische\/#primaryimage"},"image":{"@id":"https:\/\/www.gassien.com\/de\/produkt\/nesting-tische\/#primaryimage"},"thumbnailUrl":"https:\/\/www.gassien.com\/wp-content\/uploads\/2021\/12\/GASSIEN_Gigognes_blanc_bouleau_1065-1.jpg","datePublished":"2021-12-01T10:18:09+00:00","breadcrumb":{"@id":"https:\/\/www.gassien.com\/de\/produkt\/nesting-tische\/#breadcrumb"},"inLanguage":"de","potentialAction":[{"@type":"ReadAction","target":["https:\/\/www.gassien.com\/de\/produkt\/nesting-tische\/"]}]},{"@type":"ImageObject","inLanguage":"de","@id":"https:\/\/www.gassien.com\/de\/produkt\/nesting-tische\/#primaryimage","url":"https:\/\/www.gassien.com\/wp-content\/uploads\/2021\/12\/GASSIEN_Gigognes_blanc_bouleau_1065-1.jpg","contentUrl":"https:\/\/www.gassien.com\/wp-content\/uploads\/2021\/12\/GASSIEN_Gigognes_blanc_bouleau_1065-1.jpg","width":1000,"height":1000},{"@type":"BreadcrumbList","@id":"https:\/\/www.gassien.com\/de\/produkt\/nesting-tische\/#breadcrumb","itemListElement":[{"@type":"ListItem","position":1,"name":"Gesch\u00e4ft","item":"https:\/\/www.gassien.com\/shop\/"},{"@type":"ListItem","position":2,"name":"Nesting-Tische"}]},{"@type":"WebSite","@id":"https:\/\/gassien.com\/#website","url":"https:\/\/gassien.com\/","name":"Gassien","description":"L&#039;\u00e9tag\u00e8re modulable","publisher":{"@id":"https:\/\/gassien.com\/#organization"},"potentialAction":[{"@type":"SearchAction","target":{"@type":"EntryPoint","urlTemplate":"https:\/\/gassien.com\/?s={search_term_string}"},"query-input":{"@type":"PropertyValueSpecification","valueRequired":true,"valueName":"search_term_string"}}],"inLanguage":"de"},{"@type":"Organization","@id":"https:\/\/gassien.com\/#organization","name":"Gassien","url":"https:\/\/gassien.com\/","logo":{"@type":"ImageObject","inLanguage":"de","@id":"https:\/\/gassien.com\/#\/schema\/logo\/image\/","url":"https:\/\/www.gassien.com\/wp-content\/uploads\/2017\/01\/logo.png","contentUrl":"https:\/\/www.gassien.com\/wp-content\/uploads\/2017\/01\/logo.png","width":896,"height":328,"caption":"Gassien"},"image":{"@id":"https:\/\/gassien.com\/#\/schema\/logo\/image\/"},"sameAs":["https:\/\/www.facebook.com\/gassienparis","https:\/\/www.instagram.com\/gassienparis","https:\/\/fr.pinterest.com\/gassienparis\/"]}]}},"_links":{"self":[{"href":"https:\/\/www.gassien.com\/de\/wp-json\/wp\/v2\/product\/10387","targetHints":{"allow":["GET"]}}],"collection":[{"href":"https:\/\/www.gassien.com\/de\/wp-json\/wp\/v2\/product"}],"about":[{"href":"https:\/\/www.gassien.com\/de\/wp-json\/wp\/v2\/types\/product"}],"wp:featuredmedia":[{"embeddable":true,"href":"https:\/\/www.gassien.com\/de\/wp-json\/wp\/v2\/media\/10388"}],"wp:attachment":[{"href":"https:\/\/www.gassien.com\/de\/wp-json\/wp\/v2\/media?parent=10387"}],"wp:term":[{"taxonomy":"product_brand","embeddable":true,"href":"https:\/\/www.gassien.com\/de\/wp-json\/wp\/v2\/product_brand?post=10387"},{"taxonomy":"product_cat","embeddable":true,"href":"https:\/\/www.gassien.com\/de\/wp-json\/wp\/v2\/product_cat?post=10387"},{"taxonomy":"product_tag","embeddable":true,"href":"https:\/\/www.gassien.com\/de\/wp-json\/wp\/v2\/product_tag?post=10387"}],"curies":[{"name":"wp","href":"https:\/\/api.w.org\/{rel}","templated":true}]}}