{"id":10404,"date":"2021-11-20T18:57:03","date_gmt":"2021-11-20T17:57:03","guid":{"rendered":"https:\/\/www.gassien.com\/produit\/laptop-halterung\/"},"modified":"2021-11-20T18:57:03","modified_gmt":"2021-11-20T17:57:03","slug":"laptop-halterung","status":"publish","type":"product","link":"https:\/\/www.gassien.com\/de\/produkt\/laptop-halterung\/","title":{"rendered":"Laptop-Halterung"},"content":{"rendered":"<p>Metallischer Halter, der an der Wandhalterung Gassien befestigt wird, um Ihren Laptop darauf abzulegen.<\/p>\n<p>Dadurch k\u00f6nnen Sie Ihren Bildschirm auf Augenh\u00f6he positionieren und Ihre Nackenmuskulatur entlasten.<\/p>\n<p>Dieser Halter ist auch sehr n\u00fctzlich, um ein Buch, offen oder geschlossen, abzulegen, zum Beispiel in der K\u00fcche.<\/p>\n<p><strong>Material:<\/strong> Stahl mit Epoxidbeschichtung.<\/p>\n<p><strong>Farben:<\/strong> Schwarz, Wei\u00df oder Messing<\/p>\n<p>Hergestellt in Frankreich<\/p>\n<p><strong>Verpackung:<\/strong> Einzeln verkauft.<\/p>\n","protected":false},"excerpt":{"rendered":"<p>Metallischer Halter, der an der Wandhalterung Gassien befestigt wird, um Ihren Laptop darauf abzulegen. Dadurch k\u00f6nnen Sie Ihren Bildschirm auf Augenh\u00f6he positionieren und Ihre Nackenmuskulatur entlasten. Dieser Halter ist auch sehr n\u00fctzlich, um ein Buch, offen oder geschlossen, abzulegen, zum Beispiel in der K\u00fcche. Material: Stahl mit Epoxidbeschichtung. Farben: Schwarz, Wei\u00df oder Messing Hergestellt in<\/p>\n<div><a class=\"btn-filled btn\" href=\"https:\/\/www.gassien.com\/de\/produkt\/laptop-halterung\/\" title=\"Laptop-Halterung\">Read More<\/a><\/div>\n","protected":false},"featured_media":10405,"template":"","meta":[],"product_brand":[],"product_cat":[243,225],"product_tag":[],"class_list":{"0":"post-10404","1":"product","2":"type-product","3":"status-publish","4":"has-post-thumbnail","6":"product_cat-einzelelemente","7":"product_cat-zubehor","9":"first","10":"instock","11":"taxable","12":"shipping-taxable","13":"purchasable","14":"product-type-variable","15":"has-default-attributes"},"yoast_head":"<!-- This site is optimized with the Yoast SEO plugin v27.4 - https:\/\/yoast.com\/product\/yoast-seo-wordpress\/ -->\n<title>Laptop-Halterung - Gassien<\/title>\n<meta name=\"description\" content=\"Metallischer Halter, der an der Wandhalterung befestigt wird, um Ihren Laptop oder ein Buch, offen oder geschlossen, abzulegen.\" \/>\n<meta name=\"robots\" content=\"index, follow, max-snippet:-1, max-image-preview:large, max-video-preview:-1\" \/>\n<link rel=\"canonical\" href=\"https:\/\/www.gassien.com\/de\/produkt\/laptop-halterung\/\" \/>\n<meta property=\"og:locale\" content=\"de_DE\" \/>\n<meta property=\"og:type\" content=\"article\" \/>\n<meta property=\"og:title\" content=\"Laptop-Halterung - Gassien\" \/>\n<meta property=\"og:description\" content=\"Metallischer Halter, der an der Wandhalterung befestigt wird, um Ihren Laptop oder ein Buch, offen oder geschlossen, abzulegen.\" \/>\n<meta property=\"og:url\" content=\"https:\/\/www.gassien.com\/de\/produkt\/laptop-halterung\/\" \/>\n<meta property=\"og:site_name\" content=\"Gassien\" \/>\n<meta property=\"article:publisher\" content=\"https:\/\/www.facebook.com\/gassienparis\" \/>\n<meta property=\"og:image\" content=\"https:\/\/www.gassien.com\/wp-content\/uploads\/2021\/11\/GASSIEN-IMG_0491.jpg\" \/>\n\t<meta property=\"og:image:width\" content=\"985\" \/>\n\t<meta property=\"og:image:height\" content=\"985\" \/>\n\t<meta property=\"og:image:type\" content=\"image\/jpeg\" \/>\n<meta name=\"twitter:card\" content=\"summary_large_image\" \/>\n<meta name=\"twitter:site\" content=\"@gassienparis\" \/>\n<script type=\"application\/ld+json\" class=\"yoast-schema-graph\">{\"@context\":\"https:\\\/\\\/schema.org\",\"@graph\":[{\"@type\":\"WebPage\",\"@id\":\"https:\\\/\\\/www.gassien.com\\\/de\\\/produkt\\\/laptop-halterung\\\/\",\"url\":\"https:\\\/\\\/www.gassien.com\\\/de\\\/produkt\\\/laptop-halterung\\\/\",\"name\":\"Laptop-Halterung - Gassien\",\"isPartOf\":{\"@id\":\"https:\\\/\\\/gassien.com\\\/#website\"},\"primaryImageOfPage\":{\"@id\":\"https:\\\/\\\/www.gassien.com\\\/de\\\/produkt\\\/laptop-halterung\\\/#primaryimage\"},\"image\":{\"@id\":\"https:\\\/\\\/www.gassien.com\\\/de\\\/produkt\\\/laptop-halterung\\\/#primaryimage\"},\"thumbnailUrl\":\"https:\\\/\\\/www.gassien.com\\\/wp-content\\\/uploads\\\/2021\\\/11\\\/GASSIEN-IMG_0491.jpg\",\"datePublished\":\"2021-11-20T17:57:03+00:00\",\"description\":\"Metallischer Halter, der an der Wandhalterung befestigt wird, um Ihren Laptop oder ein Buch, offen oder geschlossen, abzulegen.\",\"breadcrumb\":{\"@id\":\"https:\\\/\\\/www.gassien.com\\\/de\\\/produkt\\\/laptop-halterung\\\/#breadcrumb\"},\"inLanguage\":\"de\",\"potentialAction\":[{\"@type\":\"ReadAction\",\"target\":[\"https:\\\/\\\/www.gassien.com\\\/de\\\/produkt\\\/laptop-halterung\\\/\"]}]},{\"@type\":\"ImageObject\",\"inLanguage\":\"de\",\"@id\":\"https:\\\/\\\/www.gassien.com\\\/de\\\/produkt\\\/laptop-halterung\\\/#primaryimage\",\"url\":\"https:\\\/\\\/www.gassien.com\\\/wp-content\\\/uploads\\\/2021\\\/11\\\/GASSIEN-IMG_0491.jpg\",\"contentUrl\":\"https:\\\/\\\/www.gassien.com\\\/wp-content\\\/uploads\\\/2021\\\/11\\\/GASSIEN-IMG_0491.jpg\",\"width\":985,\"height\":985},{\"@type\":\"BreadcrumbList\",\"@id\":\"https:\\\/\\\/www.gassien.com\\\/de\\\/produkt\\\/laptop-halterung\\\/#breadcrumb\",\"itemListElement\":[{\"@type\":\"ListItem\",\"position\":1,\"name\":\"Gesch\u00e4ft\",\"item\":\"https:\\\/\\\/www.gassien.com\\\/shop\\\/\"},{\"@type\":\"ListItem\",\"position\":2,\"name\":\"Laptop-Halterung\"}]},{\"@type\":\"WebSite\",\"@id\":\"https:\\\/\\\/gassien.com\\\/#website\",\"url\":\"https:\\\/\\\/gassien.com\\\/\",\"name\":\"Gassien\",\"description\":\"L&#039;\u00e9tag\u00e8re modulable\",\"publisher\":{\"@id\":\"https:\\\/\\\/gassien.com\\\/#organization\"},\"potentialAction\":[{\"@type\":\"SearchAction\",\"target\":{\"@type\":\"EntryPoint\",\"urlTemplate\":\"https:\\\/\\\/gassien.com\\\/?s={search_term_string}\"},\"query-input\":{\"@type\":\"PropertyValueSpecification\",\"valueRequired\":true,\"valueName\":\"search_term_string\"}}],\"inLanguage\":\"de\"},{\"@type\":\"Organization\",\"@id\":\"https:\\\/\\\/gassien.com\\\/#organization\",\"name\":\"Gassien\",\"url\":\"https:\\\/\\\/gassien.com\\\/\",\"logo\":{\"@type\":\"ImageObject\",\"inLanguage\":\"de\",\"@id\":\"https:\\\/\\\/gassien.com\\\/#\\\/schema\\\/logo\\\/image\\\/\",\"url\":\"https:\\\/\\\/gassien.com\\\/wp-content\\\/uploads\\\/2017\\\/01\\\/logo.png\",\"contentUrl\":\"https:\\\/\\\/gassien.com\\\/wp-content\\\/uploads\\\/2017\\\/01\\\/logo.png\",\"width\":896,\"height\":328,\"caption\":\"Gassien\"},\"image\":{\"@id\":\"https:\\\/\\\/gassien.com\\\/#\\\/schema\\\/logo\\\/image\\\/\"},\"sameAs\":[\"https:\\\/\\\/www.facebook.com\\\/gassienparis\",\"https:\\\/\\\/x.com\\\/gassienparis\",\"https:\\\/\\\/www.instagram.com\\\/gassienparis\",\"https:\\\/\\\/fr.pinterest.com\\\/gassienparis\\\/\"]}]}<\/script>\n<!-- \/ Yoast SEO plugin. -->","yoast_head_json":{"title":"Laptop-Halterung - Gassien","description":"Metallischer Halter, der an der Wandhalterung befestigt wird, um Ihren Laptop oder ein Buch, offen oder geschlossen, abzulegen.","robots":{"index":"index","follow":"follow","max-snippet":"max-snippet:-1","max-image-preview":"max-image-preview:large","max-video-preview":"max-video-preview:-1"},"canonical":"https:\/\/www.gassien.com\/de\/produkt\/laptop-halterung\/","og_locale":"de_DE","og_type":"article","og_title":"Laptop-Halterung - Gassien","og_description":"Metallischer Halter, der an der Wandhalterung befestigt wird, um Ihren Laptop oder ein Buch, offen oder geschlossen, abzulegen.","og_url":"https:\/\/www.gassien.com\/de\/produkt\/laptop-halterung\/","og_site_name":"Gassien","article_publisher":"https:\/\/www.facebook.com\/gassienparis","og_image":[{"width":985,"height":985,"url":"https:\/\/www.gassien.com\/wp-content\/uploads\/2021\/11\/GASSIEN-IMG_0491.jpg","type":"image\/jpeg"}],"twitter_card":"summary_large_image","twitter_site":"@gassienparis","schema":{"@context":"https:\/\/schema.org","@graph":[{"@type":"WebPage","@id":"https:\/\/www.gassien.com\/de\/produkt\/laptop-halterung\/","url":"https:\/\/www.gassien.com\/de\/produkt\/laptop-halterung\/","name":"Laptop-Halterung - Gassien","isPartOf":{"@id":"https:\/\/gassien.com\/#website"},"primaryImageOfPage":{"@id":"https:\/\/www.gassien.com\/de\/produkt\/laptop-halterung\/#primaryimage"},"image":{"@id":"https:\/\/www.gassien.com\/de\/produkt\/laptop-halterung\/#primaryimage"},"thumbnailUrl":"https:\/\/www.gassien.com\/wp-content\/uploads\/2021\/11\/GASSIEN-IMG_0491.jpg","datePublished":"2021-11-20T17:57:03+00:00","description":"Metallischer Halter, der an der Wandhalterung befestigt wird, um Ihren Laptop oder ein Buch, offen oder geschlossen, abzulegen.","breadcrumb":{"@id":"https:\/\/www.gassien.com\/de\/produkt\/laptop-halterung\/#breadcrumb"},"inLanguage":"de","potentialAction":[{"@type":"ReadAction","target":["https:\/\/www.gassien.com\/de\/produkt\/laptop-halterung\/"]}]},{"@type":"ImageObject","inLanguage":"de","@id":"https:\/\/www.gassien.com\/de\/produkt\/laptop-halterung\/#primaryimage","url":"https:\/\/www.gassien.com\/wp-content\/uploads\/2021\/11\/GASSIEN-IMG_0491.jpg","contentUrl":"https:\/\/www.gassien.com\/wp-content\/uploads\/2021\/11\/GASSIEN-IMG_0491.jpg","width":985,"height":985},{"@type":"BreadcrumbList","@id":"https:\/\/www.gassien.com\/de\/produkt\/laptop-halterung\/#breadcrumb","itemListElement":[{"@type":"ListItem","position":1,"name":"Gesch\u00e4ft","item":"https:\/\/www.gassien.com\/shop\/"},{"@type":"ListItem","position":2,"name":"Laptop-Halterung"}]},{"@type":"WebSite","@id":"https:\/\/gassien.com\/#website","url":"https:\/\/gassien.com\/","name":"Gassien","description":"L&#039;\u00e9tag\u00e8re modulable","publisher":{"@id":"https:\/\/gassien.com\/#organization"},"potentialAction":[{"@type":"SearchAction","target":{"@type":"EntryPoint","urlTemplate":"https:\/\/gassien.com\/?s={search_term_string}"},"query-input":{"@type":"PropertyValueSpecification","valueRequired":true,"valueName":"search_term_string"}}],"inLanguage":"de"},{"@type":"Organization","@id":"https:\/\/gassien.com\/#organization","name":"Gassien","url":"https:\/\/gassien.com\/","logo":{"@type":"ImageObject","inLanguage":"de","@id":"https:\/\/gassien.com\/#\/schema\/logo\/image\/","url":"https:\/\/gassien.com\/wp-content\/uploads\/2017\/01\/logo.png","contentUrl":"https:\/\/gassien.com\/wp-content\/uploads\/2017\/01\/logo.png","width":896,"height":328,"caption":"Gassien"},"image":{"@id":"https:\/\/gassien.com\/#\/schema\/logo\/image\/"},"sameAs":["https:\/\/www.facebook.com\/gassienparis","https:\/\/x.com\/gassienparis","https:\/\/www.instagram.com\/gassienparis","https:\/\/fr.pinterest.com\/gassienparis\/"]}]}},"_links":{"self":[{"href":"https:\/\/www.gassien.com\/de\/wp-json\/wp\/v2\/product\/10404","targetHints":{"allow":["GET"]}}],"collection":[{"href":"https:\/\/www.gassien.com\/de\/wp-json\/wp\/v2\/product"}],"about":[{"href":"https:\/\/www.gassien.com\/de\/wp-json\/wp\/v2\/types\/product"}],"wp:featuredmedia":[{"embeddable":true,"href":"https:\/\/www.gassien.com\/de\/wp-json\/wp\/v2\/media\/10405"}],"wp:attachment":[{"href":"https:\/\/www.gassien.com\/de\/wp-json\/wp\/v2\/media?parent=10404"}],"wp:term":[{"taxonomy":"product_brand","embeddable":true,"href":"https:\/\/www.gassien.com\/de\/wp-json\/wp\/v2\/product_brand?post=10404"},{"taxonomy":"product_cat","embeddable":true,"href":"https:\/\/www.gassien.com\/de\/wp-json\/wp\/v2\/product_cat?post=10404"},{"taxonomy":"product_tag","embeddable":true,"href":"https:\/\/www.gassien.com\/de\/wp-json\/wp\/v2\/product_tag?post=10404"}],"curies":[{"name":"wp","href":"https:\/\/api.w.org\/{rel}","templated":true}]}}