{"id":10653,"date":"2017-05-09T17:20:14","date_gmt":"2017-05-09T15:20:14","guid":{"rendered":"https:\/\/www.gassien.com\/produit\/regal-louison\/"},"modified":"2024-03-26T17:50:36","modified_gmt":"2024-03-26T16:50:36","slug":"regal-louison","status":"publish","type":"product","link":"https:\/\/www.gassien.com\/de\/produkt\/regal-louison\/","title":{"rendered":"Regal Louison"},"content":{"rendered":"<p><strong>Regal bestehend aus:<\/strong><\/p>\n<ul>\n<li>1 Wandbasis GF (L80cm, H77cm)<\/li>\n<li>2 Brettern L40cm, T15cm<\/li>\n<li>1 Brett L60cm, T15cm<\/li>\n<li>1 Brett L80cm, T15cm<\/li>\n<li>4 Paar T1-Haken<\/li>\n<\/ul>\n<p><strong>Materialien:<\/strong><\/p>\n<p>Wandbasis: pulverbeschichteter Stahl<\/p>\n<p>Bretter: Holz aus nachhaltiger Forstwirtschaft, Farben und Lacke ohne L\u00f6sungsmittel; massives Eichenholz mit Lackierung, mehrschichtiges Birkenholz mit Lackierung, MDF lackiert in Schwarz oder Wei\u00df<\/p>\n<p><strong>Hergestellt in Frankreich<\/strong><\/p>\n<p><b>Maximales zul\u00e4ssiges Gewicht:<\/b> 15kg pro Brett, vorausgesetzt, dass die f\u00fcr die Wandbefestigungen verwendeten Befestigungen zur Beschaffenheit der Wand passen<\/p>\n<p><b>Verpackung:<\/b> Packung mit Wandbasis(en), Brettern und Haken<\/p>\n<p>Zur Selbstmontage<\/p>\n","protected":false},"excerpt":{"rendered":"<p>Regal bestehend aus: 1 Wandbasis GF (L80cm, H77cm) 2 Brettern L40cm, T15cm 1 Brett L60cm, T15cm 1 Brett L80cm, T15cm 4 Paar T1-Haken Materialien: Wandbasis: pulverbeschichteter Stahl Bretter: Holz aus nachhaltiger Forstwirtschaft, Farben und Lacke ohne L\u00f6sungsmittel; massives Eichenholz mit Lackierung, mehrschichtiges Birkenholz mit Lackierung, MDF lackiert in Schwarz oder Wei\u00df Hergestellt in Frankreich Maximales<\/p>\n<div><a class=\"btn-filled btn\" href=\"https:\/\/www.gassien.com\/de\/produkt\/regal-louison\/\" title=\"Regal Louison\">Read More<\/a><\/div>\n","protected":false},"featured_media":10666,"template":"","meta":[],"product_brand":[],"product_cat":[230],"product_tag":[260],"class_list":{"0":"post-10653","1":"product","2":"type-product","3":"status-publish","4":"has-post-thumbnail","6":"product_cat-regale","7":"product_tag-gassien-regale","9":"first","10":"instock","11":"taxable","12":"shipping-taxable","13":"purchasable","14":"product-type-variable","15":"has-default-attributes"},"yoast_head":"<!-- This site is optimized with the Yoast SEO plugin v27.4 - https:\/\/yoast.com\/product\/yoast-seo-wordpress\/ -->\n<title>Wandregal Louison - Gassien Paris - Online-Kauf<\/title>\n<meta name=\"description\" content=\"Wandregal Louison, personalisierbar. W\u00e4hlen Sie aus 3 Farben der Basen und 4 Oberfl\u00e4chen f\u00fcr die Planken. Made in France. Gassien\" \/>\n<meta name=\"robots\" content=\"index, follow, max-snippet:-1, max-image-preview:large, max-video-preview:-1\" \/>\n<link rel=\"canonical\" href=\"https:\/\/www.gassien.com\/de\/produkt\/regal-louison\/\" \/>\n<meta property=\"og:locale\" content=\"de_DE\" \/>\n<meta property=\"og:type\" content=\"article\" \/>\n<meta property=\"og:title\" content=\"Wandregal Louison - Gassien Paris - Online-Kauf\" \/>\n<meta property=\"og:description\" content=\"Wandregal Louison, personalisierbar. W\u00e4hlen Sie aus 3 Farben der Basen und 4 Oberfl\u00e4chen f\u00fcr die Planken. Made in France. Gassien\" \/>\n<meta property=\"og:url\" content=\"https:\/\/www.gassien.com\/de\/produkt\/regal-louison\/\" \/>\n<meta property=\"og:site_name\" content=\"Gassien\" \/>\n<meta property=\"article:publisher\" content=\"https:\/\/www.facebook.com\/gassienparis\" \/>\n<meta property=\"article:modified_time\" content=\"2024-03-26T16:50:36+00:00\" \/>\n<meta name=\"twitter:card\" content=\"summary_large_image\" \/>\n<script type=\"application\/ld+json\" class=\"yoast-schema-graph\">{\"@context\":\"https:\\\/\\\/schema.org\",\"@graph\":[{\"@type\":\"WebPage\",\"@id\":\"https:\\\/\\\/www.gassien.com\\\/de\\\/produkt\\\/regal-louison\\\/\",\"url\":\"https:\\\/\\\/www.gassien.com\\\/de\\\/produkt\\\/regal-louison\\\/\",\"name\":\"Wandregal Louison - Gassien Paris - Online-Kauf\",\"isPartOf\":{\"@id\":\"https:\\\/\\\/gassien.com\\\/#website\"},\"primaryImageOfPage\":{\"@id\":\"https:\\\/\\\/www.gassien.com\\\/de\\\/produkt\\\/regal-louison\\\/#primaryimage\"},\"image\":{\"@id\":\"https:\\\/\\\/www.gassien.com\\\/de\\\/produkt\\\/regal-louison\\\/#primaryimage\"},\"thumbnailUrl\":\"https:\\\/\\\/www.gassien.com\\\/wp-content\\\/uploads\\\/2017\\\/01\\\/8_GF_Noir-3.jpg\",\"datePublished\":\"2017-05-09T15:20:14+00:00\",\"dateModified\":\"2024-03-26T16:50:36+00:00\",\"description\":\"Wandregal Louison, personalisierbar. W\u00e4hlen Sie aus 3 Farben der Basen und 4 Oberfl\u00e4chen f\u00fcr die Planken. Made in France. Gassien\",\"breadcrumb\":{\"@id\":\"https:\\\/\\\/www.gassien.com\\\/de\\\/produkt\\\/regal-louison\\\/#breadcrumb\"},\"inLanguage\":\"de\",\"potentialAction\":[{\"@type\":\"ReadAction\",\"target\":[\"https:\\\/\\\/www.gassien.com\\\/de\\\/produkt\\\/regal-louison\\\/\"]}]},{\"@type\":\"ImageObject\",\"inLanguage\":\"de\",\"@id\":\"https:\\\/\\\/www.gassien.com\\\/de\\\/produkt\\\/regal-louison\\\/#primaryimage\",\"url\":\"https:\\\/\\\/www.gassien.com\\\/wp-content\\\/uploads\\\/2017\\\/01\\\/8_GF_Noir-3.jpg\",\"contentUrl\":\"https:\\\/\\\/www.gassien.com\\\/wp-content\\\/uploads\\\/2017\\\/01\\\/8_GF_Noir-3.jpg\",\"width\":1000,\"height\":1000},{\"@type\":\"BreadcrumbList\",\"@id\":\"https:\\\/\\\/www.gassien.com\\\/de\\\/produkt\\\/regal-louison\\\/#breadcrumb\",\"itemListElement\":[{\"@type\":\"ListItem\",\"position\":1,\"name\":\"Gesch\u00e4ft\",\"item\":\"https:\\\/\\\/www.gassien.com\\\/shop\\\/\"},{\"@type\":\"ListItem\",\"position\":2,\"name\":\"Regal Louison\"}]},{\"@type\":\"WebSite\",\"@id\":\"https:\\\/\\\/gassien.com\\\/#website\",\"url\":\"https:\\\/\\\/gassien.com\\\/\",\"name\":\"Gassien\",\"description\":\"L&#039;\u00e9tag\u00e8re modulable\",\"publisher\":{\"@id\":\"https:\\\/\\\/gassien.com\\\/#organization\"},\"potentialAction\":[{\"@type\":\"SearchAction\",\"target\":{\"@type\":\"EntryPoint\",\"urlTemplate\":\"https:\\\/\\\/gassien.com\\\/?s={search_term_string}\"},\"query-input\":{\"@type\":\"PropertyValueSpecification\",\"valueRequired\":true,\"valueName\":\"search_term_string\"}}],\"inLanguage\":\"de\"},{\"@type\":\"Organization\",\"@id\":\"https:\\\/\\\/gassien.com\\\/#organization\",\"name\":\"Gassien\",\"url\":\"https:\\\/\\\/gassien.com\\\/\",\"logo\":{\"@type\":\"ImageObject\",\"inLanguage\":\"de\",\"@id\":\"https:\\\/\\\/gassien.com\\\/#\\\/schema\\\/logo\\\/image\\\/\",\"url\":\"https:\\\/\\\/www.gassien.com\\\/wp-content\\\/uploads\\\/2017\\\/01\\\/logo.png\",\"contentUrl\":\"https:\\\/\\\/www.gassien.com\\\/wp-content\\\/uploads\\\/2017\\\/01\\\/logo.png\",\"width\":896,\"height\":328,\"caption\":\"Gassien\"},\"image\":{\"@id\":\"https:\\\/\\\/gassien.com\\\/#\\\/schema\\\/logo\\\/image\\\/\"},\"sameAs\":[\"https:\\\/\\\/www.facebook.com\\\/gassienparis\",\"https:\\\/\\\/www.instagram.com\\\/gassienparis\",\"https:\\\/\\\/fr.pinterest.com\\\/gassienparis\\\/\"]}]}<\/script>\n<!-- \/ Yoast SEO plugin. -->","yoast_head_json":{"title":"Wandregal Louison - Gassien Paris - Online-Kauf","description":"Wandregal Louison, personalisierbar. W\u00e4hlen Sie aus 3 Farben der Basen und 4 Oberfl\u00e4chen f\u00fcr die Planken. Made in France. Gassien","robots":{"index":"index","follow":"follow","max-snippet":"max-snippet:-1","max-image-preview":"max-image-preview:large","max-video-preview":"max-video-preview:-1"},"canonical":"https:\/\/www.gassien.com\/de\/produkt\/regal-louison\/","og_locale":"de_DE","og_type":"article","og_title":"Wandregal Louison - Gassien Paris - Online-Kauf","og_description":"Wandregal Louison, personalisierbar. W\u00e4hlen Sie aus 3 Farben der Basen und 4 Oberfl\u00e4chen f\u00fcr die Planken. Made in France. Gassien","og_url":"https:\/\/www.gassien.com\/de\/produkt\/regal-louison\/","og_site_name":"Gassien","article_publisher":"https:\/\/www.facebook.com\/gassienparis","article_modified_time":"2024-03-26T16:50:36+00:00","twitter_card":"summary_large_image","schema":{"@context":"https:\/\/schema.org","@graph":[{"@type":"WebPage","@id":"https:\/\/www.gassien.com\/de\/produkt\/regal-louison\/","url":"https:\/\/www.gassien.com\/de\/produkt\/regal-louison\/","name":"Wandregal Louison - Gassien Paris - Online-Kauf","isPartOf":{"@id":"https:\/\/gassien.com\/#website"},"primaryImageOfPage":{"@id":"https:\/\/www.gassien.com\/de\/produkt\/regal-louison\/#primaryimage"},"image":{"@id":"https:\/\/www.gassien.com\/de\/produkt\/regal-louison\/#primaryimage"},"thumbnailUrl":"https:\/\/www.gassien.com\/wp-content\/uploads\/2017\/01\/8_GF_Noir-3.jpg","datePublished":"2017-05-09T15:20:14+00:00","dateModified":"2024-03-26T16:50:36+00:00","description":"Wandregal Louison, personalisierbar. W\u00e4hlen Sie aus 3 Farben der Basen und 4 Oberfl\u00e4chen f\u00fcr die Planken. Made in France. Gassien","breadcrumb":{"@id":"https:\/\/www.gassien.com\/de\/produkt\/regal-louison\/#breadcrumb"},"inLanguage":"de","potentialAction":[{"@type":"ReadAction","target":["https:\/\/www.gassien.com\/de\/produkt\/regal-louison\/"]}]},{"@type":"ImageObject","inLanguage":"de","@id":"https:\/\/www.gassien.com\/de\/produkt\/regal-louison\/#primaryimage","url":"https:\/\/www.gassien.com\/wp-content\/uploads\/2017\/01\/8_GF_Noir-3.jpg","contentUrl":"https:\/\/www.gassien.com\/wp-content\/uploads\/2017\/01\/8_GF_Noir-3.jpg","width":1000,"height":1000},{"@type":"BreadcrumbList","@id":"https:\/\/www.gassien.com\/de\/produkt\/regal-louison\/#breadcrumb","itemListElement":[{"@type":"ListItem","position":1,"name":"Gesch\u00e4ft","item":"https:\/\/www.gassien.com\/shop\/"},{"@type":"ListItem","position":2,"name":"Regal Louison"}]},{"@type":"WebSite","@id":"https:\/\/gassien.com\/#website","url":"https:\/\/gassien.com\/","name":"Gassien","description":"L&#039;\u00e9tag\u00e8re modulable","publisher":{"@id":"https:\/\/gassien.com\/#organization"},"potentialAction":[{"@type":"SearchAction","target":{"@type":"EntryPoint","urlTemplate":"https:\/\/gassien.com\/?s={search_term_string}"},"query-input":{"@type":"PropertyValueSpecification","valueRequired":true,"valueName":"search_term_string"}}],"inLanguage":"de"},{"@type":"Organization","@id":"https:\/\/gassien.com\/#organization","name":"Gassien","url":"https:\/\/gassien.com\/","logo":{"@type":"ImageObject","inLanguage":"de","@id":"https:\/\/gassien.com\/#\/schema\/logo\/image\/","url":"https:\/\/www.gassien.com\/wp-content\/uploads\/2017\/01\/logo.png","contentUrl":"https:\/\/www.gassien.com\/wp-content\/uploads\/2017\/01\/logo.png","width":896,"height":328,"caption":"Gassien"},"image":{"@id":"https:\/\/gassien.com\/#\/schema\/logo\/image\/"},"sameAs":["https:\/\/www.facebook.com\/gassienparis","https:\/\/www.instagram.com\/gassienparis","https:\/\/fr.pinterest.com\/gassienparis\/"]}]}},"_links":{"self":[{"href":"https:\/\/www.gassien.com\/de\/wp-json\/wp\/v2\/product\/10653","targetHints":{"allow":["GET"]}}],"collection":[{"href":"https:\/\/www.gassien.com\/de\/wp-json\/wp\/v2\/product"}],"about":[{"href":"https:\/\/www.gassien.com\/de\/wp-json\/wp\/v2\/types\/product"}],"wp:featuredmedia":[{"embeddable":true,"href":"https:\/\/www.gassien.com\/de\/wp-json\/wp\/v2\/media\/10666"}],"wp:attachment":[{"href":"https:\/\/www.gassien.com\/de\/wp-json\/wp\/v2\/media?parent=10653"}],"wp:term":[{"taxonomy":"product_brand","embeddable":true,"href":"https:\/\/www.gassien.com\/de\/wp-json\/wp\/v2\/product_brand?post=10653"},{"taxonomy":"product_cat","embeddable":true,"href":"https:\/\/www.gassien.com\/de\/wp-json\/wp\/v2\/product_cat?post=10653"},{"taxonomy":"product_tag","embeddable":true,"href":"https:\/\/www.gassien.com\/de\/wp-json\/wp\/v2\/product_tag?post=10653"}],"curies":[{"name":"wp","href":"https:\/\/api.w.org\/{rel}","templated":true}]}}