{"id":10817,"date":"2019-09-18T13:06:54","date_gmt":"2019-09-18T11:06:54","guid":{"rendered":"https:\/\/www.gassien.com\/produit\/schreibtisch-lucile\/"},"modified":"2019-09-18T13:06:54","modified_gmt":"2019-09-18T11:06:54","slug":"schreibtisch-lucile","status":"publish","type":"product","link":"https:\/\/www.gassien.com\/de\/produkt\/schreibtisch-lucile\/","title":{"rendered":"Schreibtisch Lucile"},"content":{"rendered":"<p><strong>Wandregal mit Schreibtisch bestehend aus:<\/strong><\/p>\n<ul>\n<li>2 Wandbasen GF L80cm, H77cm<\/li>\n<li>1 Brett L40cm, T15cm<\/li>\n<li>2 Bretter L60cm, T15cm<\/li>\n<li>1 Brett L80cm, T15cm<\/li>\n<li>1 Schreibtisch L80cm, T50cm<\/li>\n<li>4 Paar Aufh\u00e4ngungen T1<\/li>\n<li>1 Paar Aufh\u00e4ngungen T4 f\u00fcr Schreibtisch<\/li>\n<\/ul>\n<p><strong>Materialien<\/strong><\/p>\n<p>Wandbasis: pulverbeschichteter Stahl<\/p>\n<p>Bretter: Holz aus nachhaltiger Forstwirtschaft; massives Eichenholz mit Lackierung, Birken-Multiplex mit Lackierung, schwarz oder wei\u00df lackierte MDF<\/p>\n<p><strong>Hergestellt<\/strong> in Frankreich<\/p>\n<p><b>Zul\u00e4ssiges Maximalgewicht* <\/b>:<br \/>\n&#8211; Schreibtischplatte: 25kg<br \/>\n&#8211; Brett: 15kg<br \/>\n*unter der Voraussetzung, dass die f\u00fcr die Wandbasen verwendeten Befestigungen zur Beschaffenheit der Wand passen<\/p>\n<p><b>Verpackung:<\/b> Set bestehend aus Wandbasis(en), Brettern und Aufh\u00e4ngungen<\/p>\n<p>Zur Selbstmontage<\/p>\n<p>&nbsp;<\/p>\n","protected":false},"excerpt":{"rendered":"<p>Wandregal mit Schreibtisch bestehend aus: 2 Wandbasen GF L80cm, H77cm 1 Brett L40cm, T15cm 2 Bretter L60cm, T15cm 1 Brett L80cm, T15cm 1 Schreibtisch L80cm, T50cm 4 Paar Aufh\u00e4ngungen T1 1 Paar Aufh\u00e4ngungen T4 f\u00fcr Schreibtisch Materialien Wandbasis: pulverbeschichteter Stahl Bretter: Holz aus nachhaltiger Forstwirtschaft; massives Eichenholz mit Lackierung, Birken-Multiplex mit Lackierung, schwarz oder wei\u00df<\/p>\n<div><a class=\"btn-filled btn\" href=\"https:\/\/www.gassien.com\/de\/produkt\/schreibtisch-lucile\/\" title=\"Schreibtisch Lucile\">Read More<\/a><\/div>\n","protected":false},"featured_media":10818,"template":"","meta":[],"product_brand":[],"product_cat":[230,227],"product_tag":[260],"class_list":{"0":"post-10817","1":"product","2":"type-product","3":"status-publish","4":"has-post-thumbnail","6":"product_cat-regale","7":"product_cat-schreibtische","8":"product_tag-gassien-regale","10":"first","11":"instock","12":"taxable","13":"shipping-taxable","14":"purchasable","15":"product-type-variable","16":"has-default-attributes"},"yoast_head":"<!-- This site is optimized with the Yoast SEO plugin v27.4 - https:\/\/yoast.com\/product\/yoast-seo-wordpress\/ -->\n<title>Wandregal mit Schreibtisch Lucile - Gassien Paris - Online kaufen<\/title>\n<meta name=\"description\" content=\"Wandregal mit individuell anpassbarem Schreibtisch Lucile. W\u00e4hlen Sie aus 3 Farben f\u00fcr die Basen und 4 Oberfl\u00e4chen f\u00fcr die Bretter. Made in France.\" \/>\n<meta name=\"robots\" content=\"index, follow, max-snippet:-1, max-image-preview:large, max-video-preview:-1\" \/>\n<link rel=\"canonical\" href=\"https:\/\/www.gassien.com\/de\/produkt\/schreibtisch-lucile\/\" \/>\n<meta property=\"og:locale\" content=\"de_DE\" \/>\n<meta property=\"og:type\" content=\"article\" \/>\n<meta property=\"og:title\" content=\"Wandregal mit Schreibtisch Lucile - Gassien Paris - Online kaufen\" \/>\n<meta property=\"og:description\" content=\"Wandregal mit individuell anpassbarem Schreibtisch Lucile. W\u00e4hlen Sie aus 3 Farben f\u00fcr die Basen und 4 Oberfl\u00e4chen f\u00fcr die Bretter. Made in France.\" \/>\n<meta property=\"og:url\" content=\"https:\/\/www.gassien.com\/de\/produkt\/schreibtisch-lucile\/\" \/>\n<meta property=\"og:site_name\" content=\"Gassien\" \/>\n<meta property=\"article:publisher\" content=\"https:\/\/www.facebook.com\/gassienparis\" \/>\n<meta property=\"og:image\" content=\"https:\/\/www.gassien.com\/wp-content\/uploads\/2019\/09\/lucile.jpg\" \/>\n\t<meta property=\"og:image:width\" content=\"1000\" \/>\n\t<meta property=\"og:image:height\" content=\"1000\" \/>\n\t<meta property=\"og:image:type\" content=\"image\/jpeg\" \/>\n<meta name=\"twitter:card\" content=\"summary_large_image\" \/>\n<meta name=\"twitter:label1\" content=\"Gesch\u00e4tzte Lesezeit\" \/>\n\t<meta name=\"twitter:data1\" content=\"1\u00a0Minute\" \/>\n<script type=\"application\/ld+json\" class=\"yoast-schema-graph\">{\"@context\":\"https:\\\/\\\/schema.org\",\"@graph\":[{\"@type\":\"WebPage\",\"@id\":\"https:\\\/\\\/www.gassien.com\\\/de\\\/produkt\\\/schreibtisch-lucile\\\/\",\"url\":\"https:\\\/\\\/www.gassien.com\\\/de\\\/produkt\\\/schreibtisch-lucile\\\/\",\"name\":\"Wandregal mit Schreibtisch Lucile - Gassien Paris - Online kaufen\",\"isPartOf\":{\"@id\":\"https:\\\/\\\/gassien.com\\\/#website\"},\"primaryImageOfPage\":{\"@id\":\"https:\\\/\\\/www.gassien.com\\\/de\\\/produkt\\\/schreibtisch-lucile\\\/#primaryimage\"},\"image\":{\"@id\":\"https:\\\/\\\/www.gassien.com\\\/de\\\/produkt\\\/schreibtisch-lucile\\\/#primaryimage\"},\"thumbnailUrl\":\"https:\\\/\\\/www.gassien.com\\\/wp-content\\\/uploads\\\/2019\\\/09\\\/lucile.jpg\",\"datePublished\":\"2019-09-18T11:06:54+00:00\",\"description\":\"Wandregal mit individuell anpassbarem Schreibtisch Lucile. W\u00e4hlen Sie aus 3 Farben f\u00fcr die Basen und 4 Oberfl\u00e4chen f\u00fcr die Bretter. Made in France.\",\"breadcrumb\":{\"@id\":\"https:\\\/\\\/www.gassien.com\\\/de\\\/produkt\\\/schreibtisch-lucile\\\/#breadcrumb\"},\"inLanguage\":\"de\",\"potentialAction\":[{\"@type\":\"ReadAction\",\"target\":[\"https:\\\/\\\/www.gassien.com\\\/de\\\/produkt\\\/schreibtisch-lucile\\\/\"]}]},{\"@type\":\"ImageObject\",\"inLanguage\":\"de\",\"@id\":\"https:\\\/\\\/www.gassien.com\\\/de\\\/produkt\\\/schreibtisch-lucile\\\/#primaryimage\",\"url\":\"https:\\\/\\\/www.gassien.com\\\/wp-content\\\/uploads\\\/2019\\\/09\\\/lucile.jpg\",\"contentUrl\":\"https:\\\/\\\/www.gassien.com\\\/wp-content\\\/uploads\\\/2019\\\/09\\\/lucile.jpg\",\"width\":1000,\"height\":1000},{\"@type\":\"BreadcrumbList\",\"@id\":\"https:\\\/\\\/www.gassien.com\\\/de\\\/produkt\\\/schreibtisch-lucile\\\/#breadcrumb\",\"itemListElement\":[{\"@type\":\"ListItem\",\"position\":1,\"name\":\"Gesch\u00e4ft\",\"item\":\"https:\\\/\\\/www.gassien.com\\\/shop\\\/\"},{\"@type\":\"ListItem\",\"position\":2,\"name\":\"Schreibtisch Lucile\"}]},{\"@type\":\"WebSite\",\"@id\":\"https:\\\/\\\/gassien.com\\\/#website\",\"url\":\"https:\\\/\\\/gassien.com\\\/\",\"name\":\"Gassien\",\"description\":\"L&#039;\u00e9tag\u00e8re modulable\",\"publisher\":{\"@id\":\"https:\\\/\\\/gassien.com\\\/#organization\"},\"potentialAction\":[{\"@type\":\"SearchAction\",\"target\":{\"@type\":\"EntryPoint\",\"urlTemplate\":\"https:\\\/\\\/gassien.com\\\/?s={search_term_string}\"},\"query-input\":{\"@type\":\"PropertyValueSpecification\",\"valueRequired\":true,\"valueName\":\"search_term_string\"}}],\"inLanguage\":\"de\"},{\"@type\":\"Organization\",\"@id\":\"https:\\\/\\\/gassien.com\\\/#organization\",\"name\":\"Gassien\",\"url\":\"https:\\\/\\\/gassien.com\\\/\",\"logo\":{\"@type\":\"ImageObject\",\"inLanguage\":\"de\",\"@id\":\"https:\\\/\\\/gassien.com\\\/#\\\/schema\\\/logo\\\/image\\\/\",\"url\":\"https:\\\/\\\/www.gassien.com\\\/wp-content\\\/uploads\\\/2017\\\/01\\\/logo.png\",\"contentUrl\":\"https:\\\/\\\/www.gassien.com\\\/wp-content\\\/uploads\\\/2017\\\/01\\\/logo.png\",\"width\":896,\"height\":328,\"caption\":\"Gassien\"},\"image\":{\"@id\":\"https:\\\/\\\/gassien.com\\\/#\\\/schema\\\/logo\\\/image\\\/\"},\"sameAs\":[\"https:\\\/\\\/www.facebook.com\\\/gassienparis\",\"https:\\\/\\\/www.instagram.com\\\/gassienparis\",\"https:\\\/\\\/fr.pinterest.com\\\/gassienparis\\\/\"]}]}<\/script>\n<!-- \/ Yoast SEO plugin. -->","yoast_head_json":{"title":"Wandregal mit Schreibtisch Lucile - Gassien Paris - Online kaufen","description":"Wandregal mit individuell anpassbarem Schreibtisch Lucile. W\u00e4hlen Sie aus 3 Farben f\u00fcr die Basen und 4 Oberfl\u00e4chen f\u00fcr die Bretter. Made in France.","robots":{"index":"index","follow":"follow","max-snippet":"max-snippet:-1","max-image-preview":"max-image-preview:large","max-video-preview":"max-video-preview:-1"},"canonical":"https:\/\/www.gassien.com\/de\/produkt\/schreibtisch-lucile\/","og_locale":"de_DE","og_type":"article","og_title":"Wandregal mit Schreibtisch Lucile - Gassien Paris - Online kaufen","og_description":"Wandregal mit individuell anpassbarem Schreibtisch Lucile. W\u00e4hlen Sie aus 3 Farben f\u00fcr die Basen und 4 Oberfl\u00e4chen f\u00fcr die Bretter. Made in France.","og_url":"https:\/\/www.gassien.com\/de\/produkt\/schreibtisch-lucile\/","og_site_name":"Gassien","article_publisher":"https:\/\/www.facebook.com\/gassienparis","og_image":[{"width":1000,"height":1000,"url":"https:\/\/www.gassien.com\/wp-content\/uploads\/2019\/09\/lucile.jpg","type":"image\/jpeg"}],"twitter_card":"summary_large_image","twitter_misc":{"Gesch\u00e4tzte Lesezeit":"1\u00a0Minute"},"schema":{"@context":"https:\/\/schema.org","@graph":[{"@type":"WebPage","@id":"https:\/\/www.gassien.com\/de\/produkt\/schreibtisch-lucile\/","url":"https:\/\/www.gassien.com\/de\/produkt\/schreibtisch-lucile\/","name":"Wandregal mit Schreibtisch Lucile - Gassien Paris - Online kaufen","isPartOf":{"@id":"https:\/\/gassien.com\/#website"},"primaryImageOfPage":{"@id":"https:\/\/www.gassien.com\/de\/produkt\/schreibtisch-lucile\/#primaryimage"},"image":{"@id":"https:\/\/www.gassien.com\/de\/produkt\/schreibtisch-lucile\/#primaryimage"},"thumbnailUrl":"https:\/\/www.gassien.com\/wp-content\/uploads\/2019\/09\/lucile.jpg","datePublished":"2019-09-18T11:06:54+00:00","description":"Wandregal mit individuell anpassbarem Schreibtisch Lucile. W\u00e4hlen Sie aus 3 Farben f\u00fcr die Basen und 4 Oberfl\u00e4chen f\u00fcr die Bretter. Made in France.","breadcrumb":{"@id":"https:\/\/www.gassien.com\/de\/produkt\/schreibtisch-lucile\/#breadcrumb"},"inLanguage":"de","potentialAction":[{"@type":"ReadAction","target":["https:\/\/www.gassien.com\/de\/produkt\/schreibtisch-lucile\/"]}]},{"@type":"ImageObject","inLanguage":"de","@id":"https:\/\/www.gassien.com\/de\/produkt\/schreibtisch-lucile\/#primaryimage","url":"https:\/\/www.gassien.com\/wp-content\/uploads\/2019\/09\/lucile.jpg","contentUrl":"https:\/\/www.gassien.com\/wp-content\/uploads\/2019\/09\/lucile.jpg","width":1000,"height":1000},{"@type":"BreadcrumbList","@id":"https:\/\/www.gassien.com\/de\/produkt\/schreibtisch-lucile\/#breadcrumb","itemListElement":[{"@type":"ListItem","position":1,"name":"Gesch\u00e4ft","item":"https:\/\/www.gassien.com\/shop\/"},{"@type":"ListItem","position":2,"name":"Schreibtisch Lucile"}]},{"@type":"WebSite","@id":"https:\/\/gassien.com\/#website","url":"https:\/\/gassien.com\/","name":"Gassien","description":"L&#039;\u00e9tag\u00e8re modulable","publisher":{"@id":"https:\/\/gassien.com\/#organization"},"potentialAction":[{"@type":"SearchAction","target":{"@type":"EntryPoint","urlTemplate":"https:\/\/gassien.com\/?s={search_term_string}"},"query-input":{"@type":"PropertyValueSpecification","valueRequired":true,"valueName":"search_term_string"}}],"inLanguage":"de"},{"@type":"Organization","@id":"https:\/\/gassien.com\/#organization","name":"Gassien","url":"https:\/\/gassien.com\/","logo":{"@type":"ImageObject","inLanguage":"de","@id":"https:\/\/gassien.com\/#\/schema\/logo\/image\/","url":"https:\/\/www.gassien.com\/wp-content\/uploads\/2017\/01\/logo.png","contentUrl":"https:\/\/www.gassien.com\/wp-content\/uploads\/2017\/01\/logo.png","width":896,"height":328,"caption":"Gassien"},"image":{"@id":"https:\/\/gassien.com\/#\/schema\/logo\/image\/"},"sameAs":["https:\/\/www.facebook.com\/gassienparis","https:\/\/www.instagram.com\/gassienparis","https:\/\/fr.pinterest.com\/gassienparis\/"]}]}},"_links":{"self":[{"href":"https:\/\/www.gassien.com\/de\/wp-json\/wp\/v2\/product\/10817","targetHints":{"allow":["GET"]}}],"collection":[{"href":"https:\/\/www.gassien.com\/de\/wp-json\/wp\/v2\/product"}],"about":[{"href":"https:\/\/www.gassien.com\/de\/wp-json\/wp\/v2\/types\/product"}],"wp:featuredmedia":[{"embeddable":true,"href":"https:\/\/www.gassien.com\/de\/wp-json\/wp\/v2\/media\/10818"}],"wp:attachment":[{"href":"https:\/\/www.gassien.com\/de\/wp-json\/wp\/v2\/media?parent=10817"}],"wp:term":[{"taxonomy":"product_brand","embeddable":true,"href":"https:\/\/www.gassien.com\/de\/wp-json\/wp\/v2\/product_brand?post=10817"},{"taxonomy":"product_cat","embeddable":true,"href":"https:\/\/www.gassien.com\/de\/wp-json\/wp\/v2\/product_cat?post=10817"},{"taxonomy":"product_tag","embeddable":true,"href":"https:\/\/www.gassien.com\/de\/wp-json\/wp\/v2\/product_tag?post=10817"}],"curies":[{"name":"wp","href":"https:\/\/api.w.org\/{rel}","templated":true}]}}