{"id":10903,"date":"2017-10-25T10:29:29","date_gmt":"2017-10-25T08:29:29","guid":{"rendered":"https:\/\/www.gassien.com\/produit\/wandregal-gabrielle\/"},"modified":"2017-10-25T10:29:29","modified_gmt":"2017-10-25T08:29:29","slug":"wandregal-gabrielle","status":"publish","type":"product","link":"https:\/\/www.gassien.com\/de\/produkt\/wandregal-gabrielle\/","title":{"rendered":"Wandregal Gabrielle"},"content":{"rendered":"<p><strong>Regal bestehend aus<\/strong>:<\/p>\n<ul>\n<li>1 Wandbasis GF (L80cm, H77cm)<\/li>\n<li>1 Brett L60cm, T20cm<\/li>\n<li>1 Brett L60cm, T30cm<\/li>\n<li>1 Brett L80cm, T30cm<\/li>\n<li>1 Paar Aufh\u00e4ngungen T1<\/li>\n<li>2 Sets Aufh\u00e4ngungen T2\/T3<\/li>\n<\/ul>\n<p><strong>Materialien<\/strong><\/p>\n<p>Wandbasis: pulverbeschichteter Stahl<\/p>\n<p>Bretter: Holz aus nachhaltiger Forstwirtschaft, l\u00f6semittelfreie Farben und Lacke; massives Eichenholz mit Lackierung, Birken-Multiplex mit Lackierung, schwarz oder wei\u00df lackierte MDF<\/p>\n<p><strong>Hergestellt<\/strong> in Frankreich<\/p>\n<p><b>Zul\u00e4ssiges Maximalgewicht<\/b>: 15kg pro Brett, vorausgesetzt, dass die f\u00fcr die Wandbasen verwendeten Befestigungen zur Beschaffenheit der Wand passen<\/p>\n<p><b>Verpackung:<\/b> Set bestehend aus Wandbasis(en), Brettern und Aufh\u00e4ngungen<\/p>\n<p>Zur Selbstmontage<\/p>\n<p>&nbsp;<\/p>\n","protected":false},"excerpt":{"rendered":"<p>Regal bestehend aus: 1 Wandbasis GF (L80cm, H77cm) 1 Brett L60cm, T20cm 1 Brett L60cm, T30cm 1 Brett L80cm, T30cm 1 Paar Aufh\u00e4ngungen T1 2 Sets Aufh\u00e4ngungen T2\/T3 Materialien Wandbasis: pulverbeschichteter Stahl Bretter: Holz aus nachhaltiger Forstwirtschaft, l\u00f6semittelfreie Farben und Lacke; massives Eichenholz mit Lackierung, Birken-Multiplex mit Lackierung, schwarz oder wei\u00df lackierte MDF Hergestellt in<\/p>\n<div><a class=\"btn-filled btn\" href=\"https:\/\/www.gassien.com\/de\/produkt\/wandregal-gabrielle\/\" title=\"Wandregal Gabrielle\">Read More<\/a><\/div>\n","protected":false},"featured_media":10916,"template":"","meta":[],"product_brand":[],"product_cat":[230],"product_tag":[260],"class_list":{"0":"post-10903","1":"product","2":"type-product","3":"status-publish","4":"has-post-thumbnail","6":"product_cat-regale","7":"product_tag-gassien-regale","9":"first","10":"instock","11":"taxable","12":"shipping-taxable","13":"purchasable","14":"product-type-variable","15":"has-default-attributes"},"yoast_head":"<!-- This site is optimized with the Yoast SEO plugin v27.4 - https:\/\/yoast.com\/product\/yoast-seo-wordpress\/ -->\n<title>Wandregal Gabrielle - Gassien Paris - Online-Kauf<\/title>\n<meta name=\"description\" content=\"Wandregal Gabrielle, individualisierbar. W\u00e4hlen Sie aus 3 Farben f\u00fcr die Basen und 4 Oberfl\u00e4chenvarianten f\u00fcr die Regalbretter. Hergestellt in Frankreich. Gassien\" \/>\n<meta name=\"robots\" content=\"index, follow, max-snippet:-1, max-image-preview:large, max-video-preview:-1\" \/>\n<link rel=\"canonical\" href=\"https:\/\/www.gassien.com\/de\/produkt\/wandregal-gabrielle\/\" \/>\n<meta property=\"og:locale\" content=\"de_DE\" \/>\n<meta property=\"og:type\" content=\"article\" \/>\n<meta property=\"og:title\" content=\"Wandregal Gabrielle - Gassien Paris - Online-Kauf\" \/>\n<meta property=\"og:description\" content=\"Wandregal Gabrielle, individualisierbar. W\u00e4hlen Sie aus 3 Farben f\u00fcr die Basen und 4 Oberfl\u00e4chenvarianten f\u00fcr die Regalbretter. Hergestellt in Frankreich. Gassien\" \/>\n<meta property=\"og:url\" content=\"https:\/\/www.gassien.com\/de\/produkt\/wandregal-gabrielle\/\" \/>\n<meta property=\"og:site_name\" content=\"Gassien\" \/>\n<meta property=\"article:publisher\" content=\"https:\/\/www.facebook.com\/gassienparis\" \/>\n<meta name=\"twitter:card\" content=\"summary_large_image\" \/>\n<script type=\"application\/ld+json\" class=\"yoast-schema-graph\">{\"@context\":\"https:\\\/\\\/schema.org\",\"@graph\":[{\"@type\":\"WebPage\",\"@id\":\"https:\\\/\\\/www.gassien.com\\\/de\\\/produkt\\\/wandregal-gabrielle\\\/\",\"url\":\"https:\\\/\\\/www.gassien.com\\\/de\\\/produkt\\\/wandregal-gabrielle\\\/\",\"name\":\"Wandregal Gabrielle - Gassien Paris - Online-Kauf\",\"isPartOf\":{\"@id\":\"https:\\\/\\\/gassien.com\\\/#website\"},\"primaryImageOfPage\":{\"@id\":\"https:\\\/\\\/www.gassien.com\\\/de\\\/produkt\\\/wandregal-gabrielle\\\/#primaryimage\"},\"image\":{\"@id\":\"https:\\\/\\\/www.gassien.com\\\/de\\\/produkt\\\/wandregal-gabrielle\\\/#primaryimage\"},\"thumbnailUrl\":\"https:\\\/\\\/www.gassien.com\\\/wp-content\\\/uploads\\\/2017\\\/10\\\/3_GF_Noir-2.jpg\",\"datePublished\":\"2017-10-25T08:29:29+00:00\",\"description\":\"Wandregal Gabrielle, individualisierbar. W\u00e4hlen Sie aus 3 Farben f\u00fcr die Basen und 4 Oberfl\u00e4chenvarianten f\u00fcr die Regalbretter. Hergestellt in Frankreich. Gassien\",\"breadcrumb\":{\"@id\":\"https:\\\/\\\/www.gassien.com\\\/de\\\/produkt\\\/wandregal-gabrielle\\\/#breadcrumb\"},\"inLanguage\":\"de\",\"potentialAction\":[{\"@type\":\"ReadAction\",\"target\":[\"https:\\\/\\\/www.gassien.com\\\/de\\\/produkt\\\/wandregal-gabrielle\\\/\"]}]},{\"@type\":\"ImageObject\",\"inLanguage\":\"de\",\"@id\":\"https:\\\/\\\/www.gassien.com\\\/de\\\/produkt\\\/wandregal-gabrielle\\\/#primaryimage\",\"url\":\"https:\\\/\\\/www.gassien.com\\\/wp-content\\\/uploads\\\/2017\\\/10\\\/3_GF_Noir-2.jpg\",\"contentUrl\":\"https:\\\/\\\/www.gassien.com\\\/wp-content\\\/uploads\\\/2017\\\/10\\\/3_GF_Noir-2.jpg\",\"width\":1000,\"height\":1000},{\"@type\":\"BreadcrumbList\",\"@id\":\"https:\\\/\\\/www.gassien.com\\\/de\\\/produkt\\\/wandregal-gabrielle\\\/#breadcrumb\",\"itemListElement\":[{\"@type\":\"ListItem\",\"position\":1,\"name\":\"Gesch\u00e4ft\",\"item\":\"https:\\\/\\\/www.gassien.com\\\/shop\\\/\"},{\"@type\":\"ListItem\",\"position\":2,\"name\":\"Wandregal Gabrielle\"}]},{\"@type\":\"WebSite\",\"@id\":\"https:\\\/\\\/gassien.com\\\/#website\",\"url\":\"https:\\\/\\\/gassien.com\\\/\",\"name\":\"Gassien\",\"description\":\"L&#039;\u00e9tag\u00e8re modulable\",\"publisher\":{\"@id\":\"https:\\\/\\\/gassien.com\\\/#organization\"},\"potentialAction\":[{\"@type\":\"SearchAction\",\"target\":{\"@type\":\"EntryPoint\",\"urlTemplate\":\"https:\\\/\\\/gassien.com\\\/?s={search_term_string}\"},\"query-input\":{\"@type\":\"PropertyValueSpecification\",\"valueRequired\":true,\"valueName\":\"search_term_string\"}}],\"inLanguage\":\"de\"},{\"@type\":\"Organization\",\"@id\":\"https:\\\/\\\/gassien.com\\\/#organization\",\"name\":\"Gassien\",\"url\":\"https:\\\/\\\/gassien.com\\\/\",\"logo\":{\"@type\":\"ImageObject\",\"inLanguage\":\"de\",\"@id\":\"https:\\\/\\\/gassien.com\\\/#\\\/schema\\\/logo\\\/image\\\/\",\"url\":\"https:\\\/\\\/www.gassien.com\\\/wp-content\\\/uploads\\\/2017\\\/01\\\/logo.png\",\"contentUrl\":\"https:\\\/\\\/www.gassien.com\\\/wp-content\\\/uploads\\\/2017\\\/01\\\/logo.png\",\"width\":896,\"height\":328,\"caption\":\"Gassien\"},\"image\":{\"@id\":\"https:\\\/\\\/gassien.com\\\/#\\\/schema\\\/logo\\\/image\\\/\"},\"sameAs\":[\"https:\\\/\\\/www.facebook.com\\\/gassienparis\",\"https:\\\/\\\/www.instagram.com\\\/gassienparis\",\"https:\\\/\\\/fr.pinterest.com\\\/gassienparis\\\/\"]}]}<\/script>\n<!-- \/ Yoast SEO plugin. -->","yoast_head_json":{"title":"Wandregal Gabrielle - Gassien Paris - Online-Kauf","description":"Wandregal Gabrielle, individualisierbar. W\u00e4hlen Sie aus 3 Farben f\u00fcr die Basen und 4 Oberfl\u00e4chenvarianten f\u00fcr die Regalbretter. Hergestellt in Frankreich. Gassien","robots":{"index":"index","follow":"follow","max-snippet":"max-snippet:-1","max-image-preview":"max-image-preview:large","max-video-preview":"max-video-preview:-1"},"canonical":"https:\/\/www.gassien.com\/de\/produkt\/wandregal-gabrielle\/","og_locale":"de_DE","og_type":"article","og_title":"Wandregal Gabrielle - Gassien Paris - Online-Kauf","og_description":"Wandregal Gabrielle, individualisierbar. W\u00e4hlen Sie aus 3 Farben f\u00fcr die Basen und 4 Oberfl\u00e4chenvarianten f\u00fcr die Regalbretter. Hergestellt in Frankreich. Gassien","og_url":"https:\/\/www.gassien.com\/de\/produkt\/wandregal-gabrielle\/","og_site_name":"Gassien","article_publisher":"https:\/\/www.facebook.com\/gassienparis","twitter_card":"summary_large_image","schema":{"@context":"https:\/\/schema.org","@graph":[{"@type":"WebPage","@id":"https:\/\/www.gassien.com\/de\/produkt\/wandregal-gabrielle\/","url":"https:\/\/www.gassien.com\/de\/produkt\/wandregal-gabrielle\/","name":"Wandregal Gabrielle - Gassien Paris - Online-Kauf","isPartOf":{"@id":"https:\/\/gassien.com\/#website"},"primaryImageOfPage":{"@id":"https:\/\/www.gassien.com\/de\/produkt\/wandregal-gabrielle\/#primaryimage"},"image":{"@id":"https:\/\/www.gassien.com\/de\/produkt\/wandregal-gabrielle\/#primaryimage"},"thumbnailUrl":"https:\/\/www.gassien.com\/wp-content\/uploads\/2017\/10\/3_GF_Noir-2.jpg","datePublished":"2017-10-25T08:29:29+00:00","description":"Wandregal Gabrielle, individualisierbar. W\u00e4hlen Sie aus 3 Farben f\u00fcr die Basen und 4 Oberfl\u00e4chenvarianten f\u00fcr die Regalbretter. Hergestellt in Frankreich. Gassien","breadcrumb":{"@id":"https:\/\/www.gassien.com\/de\/produkt\/wandregal-gabrielle\/#breadcrumb"},"inLanguage":"de","potentialAction":[{"@type":"ReadAction","target":["https:\/\/www.gassien.com\/de\/produkt\/wandregal-gabrielle\/"]}]},{"@type":"ImageObject","inLanguage":"de","@id":"https:\/\/www.gassien.com\/de\/produkt\/wandregal-gabrielle\/#primaryimage","url":"https:\/\/www.gassien.com\/wp-content\/uploads\/2017\/10\/3_GF_Noir-2.jpg","contentUrl":"https:\/\/www.gassien.com\/wp-content\/uploads\/2017\/10\/3_GF_Noir-2.jpg","width":1000,"height":1000},{"@type":"BreadcrumbList","@id":"https:\/\/www.gassien.com\/de\/produkt\/wandregal-gabrielle\/#breadcrumb","itemListElement":[{"@type":"ListItem","position":1,"name":"Gesch\u00e4ft","item":"https:\/\/www.gassien.com\/shop\/"},{"@type":"ListItem","position":2,"name":"Wandregal Gabrielle"}]},{"@type":"WebSite","@id":"https:\/\/gassien.com\/#website","url":"https:\/\/gassien.com\/","name":"Gassien","description":"L&#039;\u00e9tag\u00e8re modulable","publisher":{"@id":"https:\/\/gassien.com\/#organization"},"potentialAction":[{"@type":"SearchAction","target":{"@type":"EntryPoint","urlTemplate":"https:\/\/gassien.com\/?s={search_term_string}"},"query-input":{"@type":"PropertyValueSpecification","valueRequired":true,"valueName":"search_term_string"}}],"inLanguage":"de"},{"@type":"Organization","@id":"https:\/\/gassien.com\/#organization","name":"Gassien","url":"https:\/\/gassien.com\/","logo":{"@type":"ImageObject","inLanguage":"de","@id":"https:\/\/gassien.com\/#\/schema\/logo\/image\/","url":"https:\/\/www.gassien.com\/wp-content\/uploads\/2017\/01\/logo.png","contentUrl":"https:\/\/www.gassien.com\/wp-content\/uploads\/2017\/01\/logo.png","width":896,"height":328,"caption":"Gassien"},"image":{"@id":"https:\/\/gassien.com\/#\/schema\/logo\/image\/"},"sameAs":["https:\/\/www.facebook.com\/gassienparis","https:\/\/www.instagram.com\/gassienparis","https:\/\/fr.pinterest.com\/gassienparis\/"]}]}},"_links":{"self":[{"href":"https:\/\/www.gassien.com\/de\/wp-json\/wp\/v2\/product\/10903","targetHints":{"allow":["GET"]}}],"collection":[{"href":"https:\/\/www.gassien.com\/de\/wp-json\/wp\/v2\/product"}],"about":[{"href":"https:\/\/www.gassien.com\/de\/wp-json\/wp\/v2\/types\/product"}],"wp:featuredmedia":[{"embeddable":true,"href":"https:\/\/www.gassien.com\/de\/wp-json\/wp\/v2\/media\/10916"}],"wp:attachment":[{"href":"https:\/\/www.gassien.com\/de\/wp-json\/wp\/v2\/media?parent=10903"}],"wp:term":[{"taxonomy":"product_brand","embeddable":true,"href":"https:\/\/www.gassien.com\/de\/wp-json\/wp\/v2\/product_brand?post=10903"},{"taxonomy":"product_cat","embeddable":true,"href":"https:\/\/www.gassien.com\/de\/wp-json\/wp\/v2\/product_cat?post=10903"},{"taxonomy":"product_tag","embeddable":true,"href":"https:\/\/www.gassien.com\/de\/wp-json\/wp\/v2\/product_tag?post=10903"}],"curies":[{"name":"wp","href":"https:\/\/api.w.org\/{rel}","templated":true}]}}