{"id":11179,"date":"2017-05-10T09:30:50","date_gmt":"2017-05-10T07:30:50","guid":{"rendered":"https:\/\/www.gassien.com\/produit\/wandregal-sarah\/"},"modified":"2017-05-10T09:30:50","modified_gmt":"2017-05-10T07:30:50","slug":"wandregal-sarah","status":"publish","type":"product","link":"https:\/\/www.gassien.com\/de\/produkt\/wandregal-sarah\/","title":{"rendered":"Wandregal Sarah"},"content":{"rendered":"<p><strong>Regal bestehend aus<\/strong>:<\/p>\n<ul>\n<li>2 Wandbasen GF (L80cm, H77cm)<\/li>\n<li>2 Bretter L80cm, T20cm<\/li>\n<li>3 Bretter L80cm, T30cm<\/li>\n<li>2 Paar Aufh\u00e4ngungen T1, 3 Sets Aufh\u00e4ngungen T2\/T3<\/li>\n<\/ul>\n<p><strong>Materialien<\/strong><\/p>\n<p>Wandbasis: pulverbeschichteter Stahl<\/p>\n<p>Bretter: Holz aus nachhaltiger Forstwirtschaft, l\u00f6semittelfreie Farben und Lacke; massives Eichenholz mit Lackierung, Birken-Multiplex mit Lackierung, schwarz oder wei\u00df lackierte MDF<\/p>\n<p><strong>Hergestellt<\/strong> in Frankreich<\/p>\n<p><b>Zul\u00e4ssiges Maximalgewicht<\/b>: 15kg pro Brett, vorausgesetzt, dass die f\u00fcr die Wandbasen verwendeten Befestigungen zur Beschaffenheit der Wand passen<\/p>\n<p><b>Verpackung:<\/b> Set bestehend aus Wandbasis(en), Brettern und Aufh\u00e4ngungen<\/p>\n<p>Zur Selbstmontage<\/p>\n","protected":false},"excerpt":{"rendered":"<p>Regal bestehend aus: 2 Wandbasen GF (L80cm, H77cm) 2 Bretter L80cm, T20cm 3 Bretter L80cm, T30cm 2 Paar Aufh\u00e4ngungen T1, 3 Sets Aufh\u00e4ngungen T2\/T3 Materialien Wandbasis: pulverbeschichteter Stahl Bretter: Holz aus nachhaltiger Forstwirtschaft, l\u00f6semittelfreie Farben und Lacke; massives Eichenholz mit Lackierung, Birken-Multiplex mit Lackierung, schwarz oder wei\u00df lackierte MDF Hergestellt in Frankreich Zul\u00e4ssiges Maximalgewicht: 15kg<\/p>\n<div><a class=\"btn-filled btn\" href=\"https:\/\/www.gassien.com\/de\/produkt\/wandregal-sarah\/\" title=\"Wandregal Sarah\">Read More<\/a><\/div>\n","protected":false},"featured_media":11180,"template":"","meta":[],"product_brand":[],"product_cat":[230],"product_tag":[260],"class_list":{"0":"post-11179","1":"product","2":"type-product","3":"status-publish","4":"has-post-thumbnail","6":"product_cat-regale","7":"product_tag-gassien-regale","9":"first","10":"instock","11":"taxable","12":"shipping-taxable","13":"purchasable","14":"product-type-variable","15":"has-default-attributes"},"yoast_head":"<!-- This site is optimized with the Yoast SEO plugin v27.4 - https:\/\/yoast.com\/product\/yoast-seo-wordpress\/ -->\n<title>Wandregal Sarah - Gassien Paris - Online-Kauf<\/title>\n<meta name=\"description\" content=\"Wandregal Sarah, individualisierbar. W\u00e4hlen Sie aus 3 Farben f\u00fcr die Basen und 4 Oberfl\u00e4chenvarianten f\u00fcr die Regalbretter. Hergestellt in Frankreich. Gassien\" \/>\n<meta name=\"robots\" content=\"index, follow, max-snippet:-1, max-image-preview:large, max-video-preview:-1\" \/>\n<link rel=\"canonical\" href=\"https:\/\/www.gassien.com\/de\/produkt\/wandregal-sarah\/\" \/>\n<meta property=\"og:locale\" content=\"de_DE\" \/>\n<meta property=\"og:type\" content=\"article\" \/>\n<meta property=\"og:title\" content=\"Wandregal Sarah - Gassien Paris - Online-Kauf\" \/>\n<meta property=\"og:description\" content=\"Wandregal Sarah, individualisierbar. W\u00e4hlen Sie aus 3 Farben f\u00fcr die Basen und 4 Oberfl\u00e4chenvarianten f\u00fcr die Regalbretter. Hergestellt in Frankreich. Gassien\" \/>\n<meta property=\"og:url\" content=\"https:\/\/www.gassien.com\/de\/produkt\/wandregal-sarah\/\" \/>\n<meta property=\"og:site_name\" content=\"Gassien\" \/>\n<meta property=\"article:publisher\" content=\"https:\/\/www.facebook.com\/gassienparis\" \/>\n<meta property=\"og:image\" content=\"https:\/\/www.gassien.com\/wp-content\/uploads\/2017\/05\/32_2VGF_Blanc-2_square.jpg\" \/>\n\t<meta property=\"og:image:width\" content=\"1000\" \/>\n\t<meta property=\"og:image:height\" content=\"1000\" \/>\n\t<meta property=\"og:image:type\" content=\"image\/jpeg\" \/>\n<meta name=\"twitter:card\" content=\"summary_large_image\" \/>\n<script type=\"application\/ld+json\" class=\"yoast-schema-graph\">{\"@context\":\"https:\\\/\\\/schema.org\",\"@graph\":[{\"@type\":\"WebPage\",\"@id\":\"https:\\\/\\\/www.gassien.com\\\/de\\\/produkt\\\/wandregal-sarah\\\/\",\"url\":\"https:\\\/\\\/www.gassien.com\\\/de\\\/produkt\\\/wandregal-sarah\\\/\",\"name\":\"Wandregal Sarah - Gassien Paris - Online-Kauf\",\"isPartOf\":{\"@id\":\"https:\\\/\\\/gassien.com\\\/#website\"},\"primaryImageOfPage\":{\"@id\":\"https:\\\/\\\/www.gassien.com\\\/de\\\/produkt\\\/wandregal-sarah\\\/#primaryimage\"},\"image\":{\"@id\":\"https:\\\/\\\/www.gassien.com\\\/de\\\/produkt\\\/wandregal-sarah\\\/#primaryimage\"},\"thumbnailUrl\":\"https:\\\/\\\/www.gassien.com\\\/wp-content\\\/uploads\\\/2017\\\/05\\\/32_2VGF_Blanc-2_square.jpg\",\"datePublished\":\"2017-05-10T07:30:50+00:00\",\"description\":\"Wandregal Sarah, individualisierbar. W\u00e4hlen Sie aus 3 Farben f\u00fcr die Basen und 4 Oberfl\u00e4chenvarianten f\u00fcr die Regalbretter. Hergestellt in Frankreich. Gassien\",\"breadcrumb\":{\"@id\":\"https:\\\/\\\/www.gassien.com\\\/de\\\/produkt\\\/wandregal-sarah\\\/#breadcrumb\"},\"inLanguage\":\"de\",\"potentialAction\":[{\"@type\":\"ReadAction\",\"target\":[\"https:\\\/\\\/www.gassien.com\\\/de\\\/produkt\\\/wandregal-sarah\\\/\"]}]},{\"@type\":\"ImageObject\",\"inLanguage\":\"de\",\"@id\":\"https:\\\/\\\/www.gassien.com\\\/de\\\/produkt\\\/wandregal-sarah\\\/#primaryimage\",\"url\":\"https:\\\/\\\/www.gassien.com\\\/wp-content\\\/uploads\\\/2017\\\/05\\\/32_2VGF_Blanc-2_square.jpg\",\"contentUrl\":\"https:\\\/\\\/www.gassien.com\\\/wp-content\\\/uploads\\\/2017\\\/05\\\/32_2VGF_Blanc-2_square.jpg\",\"width\":1000,\"height\":1000},{\"@type\":\"BreadcrumbList\",\"@id\":\"https:\\\/\\\/www.gassien.com\\\/de\\\/produkt\\\/wandregal-sarah\\\/#breadcrumb\",\"itemListElement\":[{\"@type\":\"ListItem\",\"position\":1,\"name\":\"Gesch\u00e4ft\",\"item\":\"https:\\\/\\\/www.gassien.com\\\/shop\\\/\"},{\"@type\":\"ListItem\",\"position\":2,\"name\":\"Wandregal Sarah\"}]},{\"@type\":\"WebSite\",\"@id\":\"https:\\\/\\\/gassien.com\\\/#website\",\"url\":\"https:\\\/\\\/gassien.com\\\/\",\"name\":\"Gassien\",\"description\":\"L&#039;\u00e9tag\u00e8re modulable\",\"publisher\":{\"@id\":\"https:\\\/\\\/gassien.com\\\/#organization\"},\"potentialAction\":[{\"@type\":\"SearchAction\",\"target\":{\"@type\":\"EntryPoint\",\"urlTemplate\":\"https:\\\/\\\/gassien.com\\\/?s={search_term_string}\"},\"query-input\":{\"@type\":\"PropertyValueSpecification\",\"valueRequired\":true,\"valueName\":\"search_term_string\"}}],\"inLanguage\":\"de\"},{\"@type\":\"Organization\",\"@id\":\"https:\\\/\\\/gassien.com\\\/#organization\",\"name\":\"Gassien\",\"url\":\"https:\\\/\\\/gassien.com\\\/\",\"logo\":{\"@type\":\"ImageObject\",\"inLanguage\":\"de\",\"@id\":\"https:\\\/\\\/gassien.com\\\/#\\\/schema\\\/logo\\\/image\\\/\",\"url\":\"https:\\\/\\\/www.gassien.com\\\/wp-content\\\/uploads\\\/2017\\\/01\\\/logo.png\",\"contentUrl\":\"https:\\\/\\\/www.gassien.com\\\/wp-content\\\/uploads\\\/2017\\\/01\\\/logo.png\",\"width\":896,\"height\":328,\"caption\":\"Gassien\"},\"image\":{\"@id\":\"https:\\\/\\\/gassien.com\\\/#\\\/schema\\\/logo\\\/image\\\/\"},\"sameAs\":[\"https:\\\/\\\/www.facebook.com\\\/gassienparis\",\"https:\\\/\\\/www.instagram.com\\\/gassienparis\",\"https:\\\/\\\/fr.pinterest.com\\\/gassienparis\\\/\"]}]}<\/script>\n<!-- \/ Yoast SEO plugin. -->","yoast_head_json":{"title":"Wandregal Sarah - Gassien Paris - Online-Kauf","description":"Wandregal Sarah, individualisierbar. W\u00e4hlen Sie aus 3 Farben f\u00fcr die Basen und 4 Oberfl\u00e4chenvarianten f\u00fcr die Regalbretter. Hergestellt in Frankreich. Gassien","robots":{"index":"index","follow":"follow","max-snippet":"max-snippet:-1","max-image-preview":"max-image-preview:large","max-video-preview":"max-video-preview:-1"},"canonical":"https:\/\/www.gassien.com\/de\/produkt\/wandregal-sarah\/","og_locale":"de_DE","og_type":"article","og_title":"Wandregal Sarah - Gassien Paris - Online-Kauf","og_description":"Wandregal Sarah, individualisierbar. W\u00e4hlen Sie aus 3 Farben f\u00fcr die Basen und 4 Oberfl\u00e4chenvarianten f\u00fcr die Regalbretter. Hergestellt in Frankreich. Gassien","og_url":"https:\/\/www.gassien.com\/de\/produkt\/wandregal-sarah\/","og_site_name":"Gassien","article_publisher":"https:\/\/www.facebook.com\/gassienparis","og_image":[{"width":1000,"height":1000,"url":"https:\/\/www.gassien.com\/wp-content\/uploads\/2017\/05\/32_2VGF_Blanc-2_square.jpg","type":"image\/jpeg"}],"twitter_card":"summary_large_image","schema":{"@context":"https:\/\/schema.org","@graph":[{"@type":"WebPage","@id":"https:\/\/www.gassien.com\/de\/produkt\/wandregal-sarah\/","url":"https:\/\/www.gassien.com\/de\/produkt\/wandregal-sarah\/","name":"Wandregal Sarah - Gassien Paris - Online-Kauf","isPartOf":{"@id":"https:\/\/gassien.com\/#website"},"primaryImageOfPage":{"@id":"https:\/\/www.gassien.com\/de\/produkt\/wandregal-sarah\/#primaryimage"},"image":{"@id":"https:\/\/www.gassien.com\/de\/produkt\/wandregal-sarah\/#primaryimage"},"thumbnailUrl":"https:\/\/www.gassien.com\/wp-content\/uploads\/2017\/05\/32_2VGF_Blanc-2_square.jpg","datePublished":"2017-05-10T07:30:50+00:00","description":"Wandregal Sarah, individualisierbar. W\u00e4hlen Sie aus 3 Farben f\u00fcr die Basen und 4 Oberfl\u00e4chenvarianten f\u00fcr die Regalbretter. Hergestellt in Frankreich. Gassien","breadcrumb":{"@id":"https:\/\/www.gassien.com\/de\/produkt\/wandregal-sarah\/#breadcrumb"},"inLanguage":"de","potentialAction":[{"@type":"ReadAction","target":["https:\/\/www.gassien.com\/de\/produkt\/wandregal-sarah\/"]}]},{"@type":"ImageObject","inLanguage":"de","@id":"https:\/\/www.gassien.com\/de\/produkt\/wandregal-sarah\/#primaryimage","url":"https:\/\/www.gassien.com\/wp-content\/uploads\/2017\/05\/32_2VGF_Blanc-2_square.jpg","contentUrl":"https:\/\/www.gassien.com\/wp-content\/uploads\/2017\/05\/32_2VGF_Blanc-2_square.jpg","width":1000,"height":1000},{"@type":"BreadcrumbList","@id":"https:\/\/www.gassien.com\/de\/produkt\/wandregal-sarah\/#breadcrumb","itemListElement":[{"@type":"ListItem","position":1,"name":"Gesch\u00e4ft","item":"https:\/\/www.gassien.com\/shop\/"},{"@type":"ListItem","position":2,"name":"Wandregal Sarah"}]},{"@type":"WebSite","@id":"https:\/\/gassien.com\/#website","url":"https:\/\/gassien.com\/","name":"Gassien","description":"L&#039;\u00e9tag\u00e8re modulable","publisher":{"@id":"https:\/\/gassien.com\/#organization"},"potentialAction":[{"@type":"SearchAction","target":{"@type":"EntryPoint","urlTemplate":"https:\/\/gassien.com\/?s={search_term_string}"},"query-input":{"@type":"PropertyValueSpecification","valueRequired":true,"valueName":"search_term_string"}}],"inLanguage":"de"},{"@type":"Organization","@id":"https:\/\/gassien.com\/#organization","name":"Gassien","url":"https:\/\/gassien.com\/","logo":{"@type":"ImageObject","inLanguage":"de","@id":"https:\/\/gassien.com\/#\/schema\/logo\/image\/","url":"https:\/\/www.gassien.com\/wp-content\/uploads\/2017\/01\/logo.png","contentUrl":"https:\/\/www.gassien.com\/wp-content\/uploads\/2017\/01\/logo.png","width":896,"height":328,"caption":"Gassien"},"image":{"@id":"https:\/\/gassien.com\/#\/schema\/logo\/image\/"},"sameAs":["https:\/\/www.facebook.com\/gassienparis","https:\/\/www.instagram.com\/gassienparis","https:\/\/fr.pinterest.com\/gassienparis\/"]}]}},"_links":{"self":[{"href":"https:\/\/www.gassien.com\/de\/wp-json\/wp\/v2\/product\/11179","targetHints":{"allow":["GET"]}}],"collection":[{"href":"https:\/\/www.gassien.com\/de\/wp-json\/wp\/v2\/product"}],"about":[{"href":"https:\/\/www.gassien.com\/de\/wp-json\/wp\/v2\/types\/product"}],"wp:featuredmedia":[{"embeddable":true,"href":"https:\/\/www.gassien.com\/de\/wp-json\/wp\/v2\/media\/11180"}],"wp:attachment":[{"href":"https:\/\/www.gassien.com\/de\/wp-json\/wp\/v2\/media?parent=11179"}],"wp:term":[{"taxonomy":"product_brand","embeddable":true,"href":"https:\/\/www.gassien.com\/de\/wp-json\/wp\/v2\/product_brand?post=11179"},{"taxonomy":"product_cat","embeddable":true,"href":"https:\/\/www.gassien.com\/de\/wp-json\/wp\/v2\/product_cat?post=11179"},{"taxonomy":"product_tag","embeddable":true,"href":"https:\/\/www.gassien.com\/de\/wp-json\/wp\/v2\/product_tag?post=11179"}],"curies":[{"name":"wp","href":"https:\/\/api.w.org\/{rel}","templated":true}]}}