{"id":11377,"date":"2017-05-09T15:09:38","date_gmt":"2017-05-09T13:09:38","guid":{"rendered":"https:\/\/www.gassien.com\/produit\/wandregal-ines\/"},"modified":"2017-05-09T15:09:38","modified_gmt":"2017-05-09T13:09:38","slug":"wandregal-ines","status":"publish","type":"product","link":"https:\/\/www.gassien.com\/de\/produkt\/wandregal-ines\/","title":{"rendered":"Wandregal In\u00e8s"},"content":{"rendered":"<p><strong>Regal bestehend aus<\/strong>:<\/p>\n<ul>\n<li>1 Wandbasis MF (L60cm, H77cm)<\/li>\n<li>2 Bretter L40cm, T15cm<\/li>\n<li>1 Brett L60cm, T20cm<\/li>\n<li>3 Paare Aufh\u00e4ngungen T1<\/li>\n<\/ul>\n<p><strong>Materialien<\/strong><\/p>\n<p>Wandbasis: pulverbeschichteter Stahl<\/p>\n<p>Bretter: Holz aus nachhaltiger Forstwirtschaft, l\u00f6semittelfreie Farben und Lacke; massives Eichenholz mit Lackierung, Birken-Multiplex mit Lackierung, schwarz oder wei\u00df lackierte MDF<\/p>\n<p><strong>Hergestellt<\/strong> in Frankreich<\/p>\n<p><b>Zul\u00e4ssiges Maximalgewicht <\/b>: 15kg pro Brett, vorausgesetzt, dass die f\u00fcr die Wandbasen verwendeten Befestigungen zur Beschaffenheit der Wand passen<\/p>\n<p><b>Verpackung: <\/b>Set bestehend aus Wandbasis(en), Brettern und Aufh\u00e4ngungen<\/p>\n<p>Zur Selbstmontage<\/p>\n","protected":false},"excerpt":{"rendered":"<p>Regal bestehend aus: 1 Wandbasis MF (L60cm, H77cm) 2 Bretter L40cm, T15cm 1 Brett L60cm, T20cm 3 Paare Aufh\u00e4ngungen T1 Materialien Wandbasis: pulverbeschichteter Stahl Bretter: Holz aus nachhaltiger Forstwirtschaft, l\u00f6semittelfreie Farben und Lacke; massives Eichenholz mit Lackierung, Birken-Multiplex mit Lackierung, schwarz oder wei\u00df lackierte MDF Hergestellt in Frankreich Zul\u00e4ssiges Maximalgewicht : 15kg pro Brett, vorausgesetzt,<\/p>\n<div><a class=\"btn-filled btn\" href=\"https:\/\/www.gassien.com\/de\/produkt\/wandregal-ines\/\" title=\"Wandregal In\u00e8s\">Read More<\/a><\/div>\n","protected":false},"featured_media":11390,"template":"","meta":[],"product_brand":[],"product_cat":[240,230],"product_tag":[260],"class_list":{"0":"post-11377","1":"product","2":"type-product","3":"status-publish","4":"has-post-thumbnail","6":"product_cat-geschenkauswahl","7":"product_cat-regale","8":"product_tag-gassien-regale","10":"first","11":"instock","12":"taxable","13":"shipping-taxable","14":"purchasable","15":"product-type-variable","16":"has-default-attributes"},"yoast_head":"<!-- This site is optimized with the Yoast SEO plugin v27.4 - https:\/\/yoast.com\/product\/yoast-seo-wordpress\/ -->\n<title>Wandregal In\u00e8s - Gassien Paris - Online-Kauf<\/title>\n<meta name=\"description\" content=\"Wandregal In\u00e8s, individualisierbar. W\u00e4hlen Sie aus 3 Farben f\u00fcr die Basen und 4 Oberfl\u00e4chenvarianten f\u00fcr die Regalbretter. Hergestellt in Frankreich. Gassien\" \/>\n<meta name=\"robots\" content=\"index, follow, max-snippet:-1, max-image-preview:large, max-video-preview:-1\" \/>\n<link rel=\"canonical\" href=\"https:\/\/www.gassien.com\/de\/produkt\/wandregal-ines\/\" \/>\n<meta property=\"og:locale\" content=\"de_DE\" \/>\n<meta property=\"og:type\" content=\"article\" \/>\n<meta property=\"og:title\" content=\"Wandregal In\u00e8s - Gassien Paris - Online-Kauf\" \/>\n<meta property=\"og:description\" content=\"Wandregal In\u00e8s, individualisierbar. W\u00e4hlen Sie aus 3 Farben f\u00fcr die Basen und 4 Oberfl\u00e4chenvarianten f\u00fcr die Regalbretter. Hergestellt in Frankreich. Gassien\" \/>\n<meta property=\"og:url\" content=\"https:\/\/www.gassien.com\/de\/produkt\/wandregal-ines\/\" \/>\n<meta property=\"og:site_name\" content=\"Gassien\" \/>\n<meta property=\"article:publisher\" content=\"https:\/\/www.facebook.com\/gassienparis\" \/>\n<meta name=\"twitter:card\" content=\"summary_large_image\" \/>\n<meta name=\"twitter:site\" content=\"@gassienparis\" \/>\n<script type=\"application\/ld+json\" class=\"yoast-schema-graph\">{\"@context\":\"https:\\\/\\\/schema.org\",\"@graph\":[{\"@type\":\"WebPage\",\"@id\":\"https:\\\/\\\/www.gassien.com\\\/de\\\/produkt\\\/wandregal-ines\\\/\",\"url\":\"https:\\\/\\\/www.gassien.com\\\/de\\\/produkt\\\/wandregal-ines\\\/\",\"name\":\"Wandregal In\u00e8s - Gassien Paris - Online-Kauf\",\"isPartOf\":{\"@id\":\"https:\\\/\\\/gassien.com\\\/#website\"},\"primaryImageOfPage\":{\"@id\":\"https:\\\/\\\/www.gassien.com\\\/de\\\/produkt\\\/wandregal-ines\\\/#primaryimage\"},\"image\":{\"@id\":\"https:\\\/\\\/www.gassien.com\\\/de\\\/produkt\\\/wandregal-ines\\\/#primaryimage\"},\"thumbnailUrl\":\"https:\\\/\\\/www.gassien.com\\\/wp-content\\\/uploads\\\/2017\\\/02\\\/56_MF_Blanc-3.jpg\",\"datePublished\":\"2017-05-09T13:09:38+00:00\",\"description\":\"Wandregal In\u00e8s, individualisierbar. W\u00e4hlen Sie aus 3 Farben f\u00fcr die Basen und 4 Oberfl\u00e4chenvarianten f\u00fcr die Regalbretter. Hergestellt in Frankreich. Gassien\",\"breadcrumb\":{\"@id\":\"https:\\\/\\\/www.gassien.com\\\/de\\\/produkt\\\/wandregal-ines\\\/#breadcrumb\"},\"inLanguage\":\"de\",\"potentialAction\":[{\"@type\":\"ReadAction\",\"target\":[\"https:\\\/\\\/www.gassien.com\\\/de\\\/produkt\\\/wandregal-ines\\\/\"]}]},{\"@type\":\"ImageObject\",\"inLanguage\":\"de\",\"@id\":\"https:\\\/\\\/www.gassien.com\\\/de\\\/produkt\\\/wandregal-ines\\\/#primaryimage\",\"url\":\"https:\\\/\\\/www.gassien.com\\\/wp-content\\\/uploads\\\/2017\\\/02\\\/56_MF_Blanc-3.jpg\",\"contentUrl\":\"https:\\\/\\\/www.gassien.com\\\/wp-content\\\/uploads\\\/2017\\\/02\\\/56_MF_Blanc-3.jpg\",\"width\":1000,\"height\":1000},{\"@type\":\"BreadcrumbList\",\"@id\":\"https:\\\/\\\/www.gassien.com\\\/de\\\/produkt\\\/wandregal-ines\\\/#breadcrumb\",\"itemListElement\":[{\"@type\":\"ListItem\",\"position\":1,\"name\":\"Gesch\u00e4ft\",\"item\":\"https:\\\/\\\/www.gassien.com\\\/shop\\\/\"},{\"@type\":\"ListItem\",\"position\":2,\"name\":\"Wandregal In\u00e8s\"}]},{\"@type\":\"WebSite\",\"@id\":\"https:\\\/\\\/gassien.com\\\/#website\",\"url\":\"https:\\\/\\\/gassien.com\\\/\",\"name\":\"Gassien\",\"description\":\"L&#039;\u00e9tag\u00e8re modulable\",\"publisher\":{\"@id\":\"https:\\\/\\\/gassien.com\\\/#organization\"},\"potentialAction\":[{\"@type\":\"SearchAction\",\"target\":{\"@type\":\"EntryPoint\",\"urlTemplate\":\"https:\\\/\\\/gassien.com\\\/?s={search_term_string}\"},\"query-input\":{\"@type\":\"PropertyValueSpecification\",\"valueRequired\":true,\"valueName\":\"search_term_string\"}}],\"inLanguage\":\"de\"},{\"@type\":\"Organization\",\"@id\":\"https:\\\/\\\/gassien.com\\\/#organization\",\"name\":\"Gassien\",\"url\":\"https:\\\/\\\/gassien.com\\\/\",\"logo\":{\"@type\":\"ImageObject\",\"inLanguage\":\"de\",\"@id\":\"https:\\\/\\\/gassien.com\\\/#\\\/schema\\\/logo\\\/image\\\/\",\"url\":\"https:\\\/\\\/gassien.com\\\/wp-content\\\/uploads\\\/2017\\\/01\\\/logo.png\",\"contentUrl\":\"https:\\\/\\\/gassien.com\\\/wp-content\\\/uploads\\\/2017\\\/01\\\/logo.png\",\"width\":896,\"height\":328,\"caption\":\"Gassien\"},\"image\":{\"@id\":\"https:\\\/\\\/gassien.com\\\/#\\\/schema\\\/logo\\\/image\\\/\"},\"sameAs\":[\"https:\\\/\\\/www.facebook.com\\\/gassienparis\",\"https:\\\/\\\/x.com\\\/gassienparis\",\"https:\\\/\\\/www.instagram.com\\\/gassienparis\",\"https:\\\/\\\/fr.pinterest.com\\\/gassienparis\\\/\"]}]}<\/script>\n<!-- \/ Yoast SEO plugin. -->","yoast_head_json":{"title":"Wandregal In\u00e8s - Gassien Paris - Online-Kauf","description":"Wandregal In\u00e8s, individualisierbar. W\u00e4hlen Sie aus 3 Farben f\u00fcr die Basen und 4 Oberfl\u00e4chenvarianten f\u00fcr die Regalbretter. Hergestellt in Frankreich. Gassien","robots":{"index":"index","follow":"follow","max-snippet":"max-snippet:-1","max-image-preview":"max-image-preview:large","max-video-preview":"max-video-preview:-1"},"canonical":"https:\/\/www.gassien.com\/de\/produkt\/wandregal-ines\/","og_locale":"de_DE","og_type":"article","og_title":"Wandregal In\u00e8s - Gassien Paris - Online-Kauf","og_description":"Wandregal In\u00e8s, individualisierbar. W\u00e4hlen Sie aus 3 Farben f\u00fcr die Basen und 4 Oberfl\u00e4chenvarianten f\u00fcr die Regalbretter. Hergestellt in Frankreich. Gassien","og_url":"https:\/\/www.gassien.com\/de\/produkt\/wandregal-ines\/","og_site_name":"Gassien","article_publisher":"https:\/\/www.facebook.com\/gassienparis","twitter_card":"summary_large_image","twitter_site":"@gassienparis","schema":{"@context":"https:\/\/schema.org","@graph":[{"@type":"WebPage","@id":"https:\/\/www.gassien.com\/de\/produkt\/wandregal-ines\/","url":"https:\/\/www.gassien.com\/de\/produkt\/wandregal-ines\/","name":"Wandregal In\u00e8s - Gassien Paris - Online-Kauf","isPartOf":{"@id":"https:\/\/gassien.com\/#website"},"primaryImageOfPage":{"@id":"https:\/\/www.gassien.com\/de\/produkt\/wandregal-ines\/#primaryimage"},"image":{"@id":"https:\/\/www.gassien.com\/de\/produkt\/wandregal-ines\/#primaryimage"},"thumbnailUrl":"https:\/\/www.gassien.com\/wp-content\/uploads\/2017\/02\/56_MF_Blanc-3.jpg","datePublished":"2017-05-09T13:09:38+00:00","description":"Wandregal In\u00e8s, individualisierbar. W\u00e4hlen Sie aus 3 Farben f\u00fcr die Basen und 4 Oberfl\u00e4chenvarianten f\u00fcr die Regalbretter. Hergestellt in Frankreich. Gassien","breadcrumb":{"@id":"https:\/\/www.gassien.com\/de\/produkt\/wandregal-ines\/#breadcrumb"},"inLanguage":"de","potentialAction":[{"@type":"ReadAction","target":["https:\/\/www.gassien.com\/de\/produkt\/wandregal-ines\/"]}]},{"@type":"ImageObject","inLanguage":"de","@id":"https:\/\/www.gassien.com\/de\/produkt\/wandregal-ines\/#primaryimage","url":"https:\/\/www.gassien.com\/wp-content\/uploads\/2017\/02\/56_MF_Blanc-3.jpg","contentUrl":"https:\/\/www.gassien.com\/wp-content\/uploads\/2017\/02\/56_MF_Blanc-3.jpg","width":1000,"height":1000},{"@type":"BreadcrumbList","@id":"https:\/\/www.gassien.com\/de\/produkt\/wandregal-ines\/#breadcrumb","itemListElement":[{"@type":"ListItem","position":1,"name":"Gesch\u00e4ft","item":"https:\/\/www.gassien.com\/shop\/"},{"@type":"ListItem","position":2,"name":"Wandregal In\u00e8s"}]},{"@type":"WebSite","@id":"https:\/\/gassien.com\/#website","url":"https:\/\/gassien.com\/","name":"Gassien","description":"L&#039;\u00e9tag\u00e8re modulable","publisher":{"@id":"https:\/\/gassien.com\/#organization"},"potentialAction":[{"@type":"SearchAction","target":{"@type":"EntryPoint","urlTemplate":"https:\/\/gassien.com\/?s={search_term_string}"},"query-input":{"@type":"PropertyValueSpecification","valueRequired":true,"valueName":"search_term_string"}}],"inLanguage":"de"},{"@type":"Organization","@id":"https:\/\/gassien.com\/#organization","name":"Gassien","url":"https:\/\/gassien.com\/","logo":{"@type":"ImageObject","inLanguage":"de","@id":"https:\/\/gassien.com\/#\/schema\/logo\/image\/","url":"https:\/\/gassien.com\/wp-content\/uploads\/2017\/01\/logo.png","contentUrl":"https:\/\/gassien.com\/wp-content\/uploads\/2017\/01\/logo.png","width":896,"height":328,"caption":"Gassien"},"image":{"@id":"https:\/\/gassien.com\/#\/schema\/logo\/image\/"},"sameAs":["https:\/\/www.facebook.com\/gassienparis","https:\/\/x.com\/gassienparis","https:\/\/www.instagram.com\/gassienparis","https:\/\/fr.pinterest.com\/gassienparis\/"]}]}},"_links":{"self":[{"href":"https:\/\/www.gassien.com\/de\/wp-json\/wp\/v2\/product\/11377","targetHints":{"allow":["GET"]}}],"collection":[{"href":"https:\/\/www.gassien.com\/de\/wp-json\/wp\/v2\/product"}],"about":[{"href":"https:\/\/www.gassien.com\/de\/wp-json\/wp\/v2\/types\/product"}],"wp:featuredmedia":[{"embeddable":true,"href":"https:\/\/www.gassien.com\/de\/wp-json\/wp\/v2\/media\/11390"}],"wp:attachment":[{"href":"https:\/\/www.gassien.com\/de\/wp-json\/wp\/v2\/media?parent=11377"}],"wp:term":[{"taxonomy":"product_brand","embeddable":true,"href":"https:\/\/www.gassien.com\/de\/wp-json\/wp\/v2\/product_brand?post=11377"},{"taxonomy":"product_cat","embeddable":true,"href":"https:\/\/www.gassien.com\/de\/wp-json\/wp\/v2\/product_cat?post=11377"},{"taxonomy":"product_tag","embeddable":true,"href":"https:\/\/www.gassien.com\/de\/wp-json\/wp\/v2\/product_tag?post=11377"}],"curies":[{"name":"wp","href":"https:\/\/api.w.org\/{rel}","templated":true}]}}