{"id":11675,"date":"2016-09-20T07:26:15","date_gmt":"2016-09-20T05:26:15","guid":{"rendered":"https:\/\/www.gassien.com\/produit\/schwarze-bretter\/"},"modified":"2016-09-20T07:26:15","modified_gmt":"2016-09-20T05:26:15","slug":"schwarze-bretter","status":"publish","type":"product","link":"https:\/\/www.gassien.com\/de\/produkt\/schwarze-bretter\/","title":{"rendered":"Schwarze Bretter"},"content":{"rendered":"<p>Regale, die an die Gassien-Wandhalterungen angeschlossen werden.<\/p>\n<p>Verf\u00fcgbare Regale:<\/p>\n<ul>\n<li>in 8 Gr\u00f6\u00dfen (L\u00e4ngen: 40cm, 60cm, 80cm; Tiefen: 15cm, 20cm, 30cm)<\/li>\n<li>mit oder ohne passende Haken (in Wei\u00df, Schwarz oder Messing)<\/li>\n<\/ul>\n<p><em>Wichtig: Jedes Regal ben\u00f6tigt Haken, um an das Gitter angeschlossen zu werden. Wenn Sie bereits welche besitzen (zum Beispiel von einem fr\u00fcheren Kauf), w\u00e4hlen Sie die Option &#8222;OHNE&#8220; in der FARBE DER HAKEN<\/em><\/p>\n<p>&nbsp;<\/p>\n<p><strong>Material der Regale:<\/strong> lackierte MDF-Platten<\/p>\n<p><strong>Material der Haken:<\/strong> Stahl mit Epoxidbeschichtung<\/p>\n<p><strong>Hergestellt in<\/strong> Frankreich<\/p>\n<p><strong>Verpackung:<\/strong> Regale werden einzeln verkauft, mit oder ohne passende Haken (je nach Ihrer Wahl)<\/p>\n<p><b>Zul\u00e4ssiges H\u00f6chstgewicht:<\/b> 10kg pro Regal, vorausgesetzt, dass die f\u00fcr die Wandhalterung verwendeten Befestigungen f\u00fcr die Art Ihrer Wand geeignet sind<\/p>\n<p>Zur Selbstmontage<\/p>\n","protected":false},"excerpt":{"rendered":"<p>Schwarze Bretter<\/p>\n","protected":false},"featured_media":11676,"template":"","meta":[],"product_brand":[],"product_cat":[238,243],"product_tag":[],"class_list":{"0":"post-11675","1":"product","2":"type-product","3":"status-publish","4":"has-post-thumbnail","6":"product_cat-bretter","7":"product_cat-einzelelemente","9":"first","10":"instock","11":"taxable","12":"shipping-taxable","13":"purchasable","14":"product-type-variable"},"yoast_head":"<!-- This site is optimized with the Yoast SEO plugin v27.4 - https:\/\/yoast.com\/product\/yoast-seo-wordpress\/ -->\n<title>Schwarze Bretter - Gassien Paris - Online-Kauf<\/title>\n<meta name=\"description\" content=\"Schwarze Bretter, individualisierbar. W\u00e4hlen Sie aus 3 Farben f\u00fcr die Basen und 4 Oberfl\u00e4chenvarianten f\u00fcr die Regalbretter. Hergestellt in Frankreich. Gassien\" \/>\n<meta name=\"robots\" content=\"index, follow, max-snippet:-1, max-image-preview:large, max-video-preview:-1\" \/>\n<link rel=\"canonical\" href=\"https:\/\/www.gassien.com\/de\/produkt\/schwarze-bretter\/\" \/>\n<meta property=\"og:locale\" content=\"de_DE\" \/>\n<meta property=\"og:type\" content=\"article\" \/>\n<meta property=\"og:title\" content=\"Schwarze Bretter - Gassien Paris - Online-Kauf\" \/>\n<meta property=\"og:description\" content=\"Schwarze Bretter, individualisierbar. W\u00e4hlen Sie aus 3 Farben f\u00fcr die Basen und 4 Oberfl\u00e4chenvarianten f\u00fcr die Regalbretter. Hergestellt in Frankreich. Gassien\" \/>\n<meta property=\"og:url\" content=\"https:\/\/www.gassien.com\/de\/produkt\/schwarze-bretter\/\" \/>\n<meta property=\"og:site_name\" content=\"Gassien\" \/>\n<meta property=\"article:publisher\" content=\"https:\/\/www.facebook.com\/gassienparis\" \/>\n<meta property=\"og:image\" content=\"https:\/\/www.gassien.com\/wp-content\/uploads\/2017\/05\/planche-noir-1000x1000-2.jpg\" \/>\n\t<meta property=\"og:image:width\" content=\"1000\" \/>\n\t<meta property=\"og:image:height\" content=\"1000\" \/>\n\t<meta property=\"og:image:type\" content=\"image\/jpeg\" \/>\n<meta name=\"twitter:card\" content=\"summary_large_image\" \/>\n<meta name=\"twitter:label1\" content=\"Gesch\u00e4tzte Lesezeit\" \/>\n\t<meta name=\"twitter:data1\" content=\"1\u00a0Minute\" \/>\n<script type=\"application\/ld+json\" class=\"yoast-schema-graph\">{\"@context\":\"https:\\\/\\\/schema.org\",\"@graph\":[{\"@type\":\"WebPage\",\"@id\":\"https:\\\/\\\/www.gassien.com\\\/de\\\/produkt\\\/schwarze-bretter\\\/\",\"url\":\"https:\\\/\\\/www.gassien.com\\\/de\\\/produkt\\\/schwarze-bretter\\\/\",\"name\":\"Schwarze Bretter - Gassien Paris - Online-Kauf\",\"isPartOf\":{\"@id\":\"https:\\\/\\\/gassien.com\\\/#website\"},\"primaryImageOfPage\":{\"@id\":\"https:\\\/\\\/www.gassien.com\\\/de\\\/produkt\\\/schwarze-bretter\\\/#primaryimage\"},\"image\":{\"@id\":\"https:\\\/\\\/www.gassien.com\\\/de\\\/produkt\\\/schwarze-bretter\\\/#primaryimage\"},\"thumbnailUrl\":\"https:\\\/\\\/www.gassien.com\\\/wp-content\\\/uploads\\\/2017\\\/05\\\/planche-noir-1000x1000-2.jpg\",\"datePublished\":\"2016-09-20T05:26:15+00:00\",\"description\":\"Schwarze Bretter, individualisierbar. W\u00e4hlen Sie aus 3 Farben f\u00fcr die Basen und 4 Oberfl\u00e4chenvarianten f\u00fcr die Regalbretter. Hergestellt in Frankreich. Gassien\",\"breadcrumb\":{\"@id\":\"https:\\\/\\\/www.gassien.com\\\/de\\\/produkt\\\/schwarze-bretter\\\/#breadcrumb\"},\"inLanguage\":\"de\",\"potentialAction\":[{\"@type\":\"ReadAction\",\"target\":[\"https:\\\/\\\/www.gassien.com\\\/de\\\/produkt\\\/schwarze-bretter\\\/\"]}]},{\"@type\":\"ImageObject\",\"inLanguage\":\"de\",\"@id\":\"https:\\\/\\\/www.gassien.com\\\/de\\\/produkt\\\/schwarze-bretter\\\/#primaryimage\",\"url\":\"https:\\\/\\\/www.gassien.com\\\/wp-content\\\/uploads\\\/2017\\\/05\\\/planche-noir-1000x1000-2.jpg\",\"contentUrl\":\"https:\\\/\\\/www.gassien.com\\\/wp-content\\\/uploads\\\/2017\\\/05\\\/planche-noir-1000x1000-2.jpg\",\"width\":1000,\"height\":1000},{\"@type\":\"BreadcrumbList\",\"@id\":\"https:\\\/\\\/www.gassien.com\\\/de\\\/produkt\\\/schwarze-bretter\\\/#breadcrumb\",\"itemListElement\":[{\"@type\":\"ListItem\",\"position\":1,\"name\":\"Gesch\u00e4ft\",\"item\":\"https:\\\/\\\/www.gassien.com\\\/shop\\\/\"},{\"@type\":\"ListItem\",\"position\":2,\"name\":\"Schwarze Bretter\"}]},{\"@type\":\"WebSite\",\"@id\":\"https:\\\/\\\/gassien.com\\\/#website\",\"url\":\"https:\\\/\\\/gassien.com\\\/\",\"name\":\"Gassien\",\"description\":\"L&#039;\u00e9tag\u00e8re modulable\",\"publisher\":{\"@id\":\"https:\\\/\\\/gassien.com\\\/#organization\"},\"potentialAction\":[{\"@type\":\"SearchAction\",\"target\":{\"@type\":\"EntryPoint\",\"urlTemplate\":\"https:\\\/\\\/gassien.com\\\/?s={search_term_string}\"},\"query-input\":{\"@type\":\"PropertyValueSpecification\",\"valueRequired\":true,\"valueName\":\"search_term_string\"}}],\"inLanguage\":\"de\"},{\"@type\":\"Organization\",\"@id\":\"https:\\\/\\\/gassien.com\\\/#organization\",\"name\":\"Gassien\",\"url\":\"https:\\\/\\\/gassien.com\\\/\",\"logo\":{\"@type\":\"ImageObject\",\"inLanguage\":\"de\",\"@id\":\"https:\\\/\\\/gassien.com\\\/#\\\/schema\\\/logo\\\/image\\\/\",\"url\":\"https:\\\/\\\/www.gassien.com\\\/wp-content\\\/uploads\\\/2017\\\/01\\\/logo.png\",\"contentUrl\":\"https:\\\/\\\/www.gassien.com\\\/wp-content\\\/uploads\\\/2017\\\/01\\\/logo.png\",\"width\":896,\"height\":328,\"caption\":\"Gassien\"},\"image\":{\"@id\":\"https:\\\/\\\/gassien.com\\\/#\\\/schema\\\/logo\\\/image\\\/\"},\"sameAs\":[\"https:\\\/\\\/www.facebook.com\\\/gassienparis\",\"https:\\\/\\\/www.instagram.com\\\/gassienparis\",\"https:\\\/\\\/fr.pinterest.com\\\/gassienparis\\\/\"]}]}<\/script>\n<!-- \/ Yoast SEO plugin. -->","yoast_head_json":{"title":"Schwarze Bretter - Gassien Paris - Online-Kauf","description":"Schwarze Bretter, individualisierbar. W\u00e4hlen Sie aus 3 Farben f\u00fcr die Basen und 4 Oberfl\u00e4chenvarianten f\u00fcr die Regalbretter. Hergestellt in Frankreich. Gassien","robots":{"index":"index","follow":"follow","max-snippet":"max-snippet:-1","max-image-preview":"max-image-preview:large","max-video-preview":"max-video-preview:-1"},"canonical":"https:\/\/www.gassien.com\/de\/produkt\/schwarze-bretter\/","og_locale":"de_DE","og_type":"article","og_title":"Schwarze Bretter - Gassien Paris - Online-Kauf","og_description":"Schwarze Bretter, individualisierbar. W\u00e4hlen Sie aus 3 Farben f\u00fcr die Basen und 4 Oberfl\u00e4chenvarianten f\u00fcr die Regalbretter. Hergestellt in Frankreich. Gassien","og_url":"https:\/\/www.gassien.com\/de\/produkt\/schwarze-bretter\/","og_site_name":"Gassien","article_publisher":"https:\/\/www.facebook.com\/gassienparis","og_image":[{"width":1000,"height":1000,"url":"https:\/\/www.gassien.com\/wp-content\/uploads\/2017\/05\/planche-noir-1000x1000-2.jpg","type":"image\/jpeg"}],"twitter_card":"summary_large_image","twitter_misc":{"Gesch\u00e4tzte Lesezeit":"1\u00a0Minute"},"schema":{"@context":"https:\/\/schema.org","@graph":[{"@type":"WebPage","@id":"https:\/\/www.gassien.com\/de\/produkt\/schwarze-bretter\/","url":"https:\/\/www.gassien.com\/de\/produkt\/schwarze-bretter\/","name":"Schwarze Bretter - Gassien Paris - Online-Kauf","isPartOf":{"@id":"https:\/\/gassien.com\/#website"},"primaryImageOfPage":{"@id":"https:\/\/www.gassien.com\/de\/produkt\/schwarze-bretter\/#primaryimage"},"image":{"@id":"https:\/\/www.gassien.com\/de\/produkt\/schwarze-bretter\/#primaryimage"},"thumbnailUrl":"https:\/\/www.gassien.com\/wp-content\/uploads\/2017\/05\/planche-noir-1000x1000-2.jpg","datePublished":"2016-09-20T05:26:15+00:00","description":"Schwarze Bretter, individualisierbar. W\u00e4hlen Sie aus 3 Farben f\u00fcr die Basen und 4 Oberfl\u00e4chenvarianten f\u00fcr die Regalbretter. Hergestellt in Frankreich. Gassien","breadcrumb":{"@id":"https:\/\/www.gassien.com\/de\/produkt\/schwarze-bretter\/#breadcrumb"},"inLanguage":"de","potentialAction":[{"@type":"ReadAction","target":["https:\/\/www.gassien.com\/de\/produkt\/schwarze-bretter\/"]}]},{"@type":"ImageObject","inLanguage":"de","@id":"https:\/\/www.gassien.com\/de\/produkt\/schwarze-bretter\/#primaryimage","url":"https:\/\/www.gassien.com\/wp-content\/uploads\/2017\/05\/planche-noir-1000x1000-2.jpg","contentUrl":"https:\/\/www.gassien.com\/wp-content\/uploads\/2017\/05\/planche-noir-1000x1000-2.jpg","width":1000,"height":1000},{"@type":"BreadcrumbList","@id":"https:\/\/www.gassien.com\/de\/produkt\/schwarze-bretter\/#breadcrumb","itemListElement":[{"@type":"ListItem","position":1,"name":"Gesch\u00e4ft","item":"https:\/\/www.gassien.com\/shop\/"},{"@type":"ListItem","position":2,"name":"Schwarze Bretter"}]},{"@type":"WebSite","@id":"https:\/\/gassien.com\/#website","url":"https:\/\/gassien.com\/","name":"Gassien","description":"L&#039;\u00e9tag\u00e8re modulable","publisher":{"@id":"https:\/\/gassien.com\/#organization"},"potentialAction":[{"@type":"SearchAction","target":{"@type":"EntryPoint","urlTemplate":"https:\/\/gassien.com\/?s={search_term_string}"},"query-input":{"@type":"PropertyValueSpecification","valueRequired":true,"valueName":"search_term_string"}}],"inLanguage":"de"},{"@type":"Organization","@id":"https:\/\/gassien.com\/#organization","name":"Gassien","url":"https:\/\/gassien.com\/","logo":{"@type":"ImageObject","inLanguage":"de","@id":"https:\/\/gassien.com\/#\/schema\/logo\/image\/","url":"https:\/\/www.gassien.com\/wp-content\/uploads\/2017\/01\/logo.png","contentUrl":"https:\/\/www.gassien.com\/wp-content\/uploads\/2017\/01\/logo.png","width":896,"height":328,"caption":"Gassien"},"image":{"@id":"https:\/\/gassien.com\/#\/schema\/logo\/image\/"},"sameAs":["https:\/\/www.facebook.com\/gassienparis","https:\/\/www.instagram.com\/gassienparis","https:\/\/fr.pinterest.com\/gassienparis\/"]}]}},"_links":{"self":[{"href":"https:\/\/www.gassien.com\/de\/wp-json\/wp\/v2\/product\/11675","targetHints":{"allow":["GET"]}}],"collection":[{"href":"https:\/\/www.gassien.com\/de\/wp-json\/wp\/v2\/product"}],"about":[{"href":"https:\/\/www.gassien.com\/de\/wp-json\/wp\/v2\/types\/product"}],"wp:featuredmedia":[{"embeddable":true,"href":"https:\/\/www.gassien.com\/de\/wp-json\/wp\/v2\/media\/11676"}],"wp:attachment":[{"href":"https:\/\/www.gassien.com\/de\/wp-json\/wp\/v2\/media?parent=11675"}],"wp:term":[{"taxonomy":"product_brand","embeddable":true,"href":"https:\/\/www.gassien.com\/de\/wp-json\/wp\/v2\/product_brand?post=11675"},{"taxonomy":"product_cat","embeddable":true,"href":"https:\/\/www.gassien.com\/de\/wp-json\/wp\/v2\/product_cat?post=11675"},{"taxonomy":"product_tag","embeddable":true,"href":"https:\/\/www.gassien.com\/de\/wp-json\/wp\/v2\/product_tag?post=11675"}],"curies":[{"name":"wp","href":"https:\/\/api.w.org\/{rel}","templated":true}]}}