{"id":11766,"date":"2016-07-17T16:41:05","date_gmt":"2016-07-17T14:41:05","guid":{"rendered":"https:\/\/www.gassien.com\/produit\/wandbasis-weisse\/"},"modified":"2016-07-17T16:41:05","modified_gmt":"2016-07-17T14:41:05","slug":"wandbasis-weisse","status":"publish","type":"product","link":"https:\/\/www.gassien.com\/de\/produkt\/wandbasis-weisse\/","title":{"rendered":"Wandbasis Wei\u00dfe"},"content":{"rendered":"<p>Wandbasis, die an der Wand befestigt wird und an die alle Gassien Bretter angeschlossen werden k\u00f6nnen, unabh\u00e4ngig von deren Gr\u00f6\u00dfen und Oberfl\u00e4chen.<\/p>\n<p>Sie k\u00f6nnen alle Wandbasen dank des unsichtbaren Befestigungssystems nebeneinander anordnen.<\/p>\n<p>5 Gr\u00f6\u00dfen sind verf\u00fcgbar:<\/p>\n<ul>\n<li>Kleinformat (PF), L40cm, H77cm<\/li>\n<li>Mittelformat (MF), L60cm, H77cm<\/li>\n<li>Gro\u00dfformat (GF), L80cm, H77cm<\/li>\n<li>Mittelformat \/ geringe H\u00f6he (MS), L80cm, H77cm<\/li>\n<li>Gro\u00dfformat \/ geringe H\u00f6he (GS), L80cm, H44cm<\/li>\n<\/ul>\n<p><strong>Materialien<\/strong>: Weicher Stahl, \u00fcberzogen mit einem Epoxyschutz.<\/p>\n<p><strong>Farbe<\/strong>: Wei\u00dfe<\/p>\n<p><strong>Hergestellt<\/strong> in Frankreich<\/p>\n<p><strong>Verpackung<\/strong>: Wandbasis einzeln verkauft, mit einem Beutel an Juxtapositionsstiften.<\/p>\n<p>Wandbasis wird ohne Befestigungssystem verkauft, das an die Beschaffenheit Ihrer Wand angepasst werden muss<\/p>\n","protected":false},"excerpt":{"rendered":"<p>Wandbasis Wei\u00dfe<\/p>\n","protected":false},"featured_media":11767,"template":"","meta":[],"product_brand":[],"product_cat":[243,226],"product_tag":[],"class_list":{"0":"post-11766","1":"product","2":"type-product","3":"status-publish","4":"has-post-thumbnail","6":"product_cat-einzelelemente","7":"product_cat-wandhalterungen","9":"first","10":"instock","11":"taxable","12":"shipping-taxable","13":"purchasable","14":"product-type-variable","15":"has-default-attributes"},"yoast_head":"<!-- This site is optimized with the Yoast SEO plugin v27.4 - https:\/\/yoast.com\/product\/yoast-seo-wordpress\/ -->\n<title>Wandbasis Wei\u00dfe - Gassien Paris<\/title>\n<meta name=\"description\" content=\"Wandbasis Wei\u00dfe - Gassien Paris - Online-Kauf\" \/>\n<meta name=\"robots\" content=\"index, follow, max-snippet:-1, max-image-preview:large, max-video-preview:-1\" \/>\n<link rel=\"canonical\" href=\"https:\/\/www.gassien.com\/de\/produkt\/wandbasis-weisse\/\" \/>\n<meta property=\"og:locale\" content=\"de_DE\" \/>\n<meta property=\"og:type\" content=\"article\" \/>\n<meta property=\"og:title\" content=\"Wandbasis Wei\u00dfe - Gassien Paris\" \/>\n<meta property=\"og:description\" content=\"Wandbasis Wei\u00dfe - Gassien Paris - Online-Kauf\" \/>\n<meta property=\"og:url\" content=\"https:\/\/www.gassien.com\/de\/produkt\/wandbasis-weisse\/\" \/>\n<meta property=\"og:site_name\" content=\"Gassien\" \/>\n<meta property=\"article:publisher\" content=\"https:\/\/www.facebook.com\/gassienparis\" \/>\n<meta property=\"og:image\" content=\"https:\/\/www.gassien.com\/wp-content\/uploads\/2018\/01\/grilleGFBlanc.jpg\" \/>\n\t<meta property=\"og:image:width\" content=\"1000\" \/>\n\t<meta property=\"og:image:height\" content=\"1000\" \/>\n\t<meta property=\"og:image:type\" content=\"image\/jpeg\" \/>\n<meta name=\"twitter:card\" content=\"summary_large_image\" \/>\n<meta name=\"twitter:label1\" content=\"Gesch\u00e4tzte Lesezeit\" \/>\n\t<meta name=\"twitter:data1\" content=\"1\u00a0Minute\" \/>\n<script type=\"application\/ld+json\" class=\"yoast-schema-graph\">{\"@context\":\"https:\\\/\\\/schema.org\",\"@graph\":[{\"@type\":\"WebPage\",\"@id\":\"https:\\\/\\\/www.gassien.com\\\/de\\\/produkt\\\/wandbasis-weisse\\\/\",\"url\":\"https:\\\/\\\/www.gassien.com\\\/de\\\/produkt\\\/wandbasis-weisse\\\/\",\"name\":\"Wandbasis Wei\u00dfe - Gassien Paris\",\"isPartOf\":{\"@id\":\"https:\\\/\\\/gassien.com\\\/#website\"},\"primaryImageOfPage\":{\"@id\":\"https:\\\/\\\/www.gassien.com\\\/de\\\/produkt\\\/wandbasis-weisse\\\/#primaryimage\"},\"image\":{\"@id\":\"https:\\\/\\\/www.gassien.com\\\/de\\\/produkt\\\/wandbasis-weisse\\\/#primaryimage\"},\"thumbnailUrl\":\"https:\\\/\\\/www.gassien.com\\\/wp-content\\\/uploads\\\/2018\\\/01\\\/grilleGFBlanc.jpg\",\"datePublished\":\"2016-07-17T14:41:05+00:00\",\"description\":\"Wandbasis Wei\u00dfe - Gassien Paris - Online-Kauf\",\"breadcrumb\":{\"@id\":\"https:\\\/\\\/www.gassien.com\\\/de\\\/produkt\\\/wandbasis-weisse\\\/#breadcrumb\"},\"inLanguage\":\"de\",\"potentialAction\":[{\"@type\":\"ReadAction\",\"target\":[\"https:\\\/\\\/www.gassien.com\\\/de\\\/produkt\\\/wandbasis-weisse\\\/\"]}]},{\"@type\":\"ImageObject\",\"inLanguage\":\"de\",\"@id\":\"https:\\\/\\\/www.gassien.com\\\/de\\\/produkt\\\/wandbasis-weisse\\\/#primaryimage\",\"url\":\"https:\\\/\\\/www.gassien.com\\\/wp-content\\\/uploads\\\/2018\\\/01\\\/grilleGFBlanc.jpg\",\"contentUrl\":\"https:\\\/\\\/www.gassien.com\\\/wp-content\\\/uploads\\\/2018\\\/01\\\/grilleGFBlanc.jpg\",\"width\":1000,\"height\":1000},{\"@type\":\"BreadcrumbList\",\"@id\":\"https:\\\/\\\/www.gassien.com\\\/de\\\/produkt\\\/wandbasis-weisse\\\/#breadcrumb\",\"itemListElement\":[{\"@type\":\"ListItem\",\"position\":1,\"name\":\"Gesch\u00e4ft\",\"item\":\"https:\\\/\\\/www.gassien.com\\\/shop\\\/\"},{\"@type\":\"ListItem\",\"position\":2,\"name\":\"Wandbasis Wei\u00dfe\"}]},{\"@type\":\"WebSite\",\"@id\":\"https:\\\/\\\/gassien.com\\\/#website\",\"url\":\"https:\\\/\\\/gassien.com\\\/\",\"name\":\"Gassien\",\"description\":\"L&#039;\u00e9tag\u00e8re modulable\",\"publisher\":{\"@id\":\"https:\\\/\\\/gassien.com\\\/#organization\"},\"potentialAction\":[{\"@type\":\"SearchAction\",\"target\":{\"@type\":\"EntryPoint\",\"urlTemplate\":\"https:\\\/\\\/gassien.com\\\/?s={search_term_string}\"},\"query-input\":{\"@type\":\"PropertyValueSpecification\",\"valueRequired\":true,\"valueName\":\"search_term_string\"}}],\"inLanguage\":\"de\"},{\"@type\":\"Organization\",\"@id\":\"https:\\\/\\\/gassien.com\\\/#organization\",\"name\":\"Gassien\",\"url\":\"https:\\\/\\\/gassien.com\\\/\",\"logo\":{\"@type\":\"ImageObject\",\"inLanguage\":\"de\",\"@id\":\"https:\\\/\\\/gassien.com\\\/#\\\/schema\\\/logo\\\/image\\\/\",\"url\":\"https:\\\/\\\/www.gassien.com\\\/wp-content\\\/uploads\\\/2017\\\/01\\\/logo.png\",\"contentUrl\":\"https:\\\/\\\/www.gassien.com\\\/wp-content\\\/uploads\\\/2017\\\/01\\\/logo.png\",\"width\":896,\"height\":328,\"caption\":\"Gassien\"},\"image\":{\"@id\":\"https:\\\/\\\/gassien.com\\\/#\\\/schema\\\/logo\\\/image\\\/\"},\"sameAs\":[\"https:\\\/\\\/www.facebook.com\\\/gassienparis\",\"https:\\\/\\\/www.instagram.com\\\/gassienparis\",\"https:\\\/\\\/fr.pinterest.com\\\/gassienparis\\\/\"]}]}<\/script>\n<!-- \/ Yoast SEO plugin. -->","yoast_head_json":{"title":"Wandbasis Wei\u00dfe - Gassien Paris","description":"Wandbasis Wei\u00dfe - Gassien Paris - Online-Kauf","robots":{"index":"index","follow":"follow","max-snippet":"max-snippet:-1","max-image-preview":"max-image-preview:large","max-video-preview":"max-video-preview:-1"},"canonical":"https:\/\/www.gassien.com\/de\/produkt\/wandbasis-weisse\/","og_locale":"de_DE","og_type":"article","og_title":"Wandbasis Wei\u00dfe - Gassien Paris","og_description":"Wandbasis Wei\u00dfe - Gassien Paris - Online-Kauf","og_url":"https:\/\/www.gassien.com\/de\/produkt\/wandbasis-weisse\/","og_site_name":"Gassien","article_publisher":"https:\/\/www.facebook.com\/gassienparis","og_image":[{"width":1000,"height":1000,"url":"https:\/\/www.gassien.com\/wp-content\/uploads\/2018\/01\/grilleGFBlanc.jpg","type":"image\/jpeg"}],"twitter_card":"summary_large_image","twitter_misc":{"Gesch\u00e4tzte Lesezeit":"1\u00a0Minute"},"schema":{"@context":"https:\/\/schema.org","@graph":[{"@type":"WebPage","@id":"https:\/\/www.gassien.com\/de\/produkt\/wandbasis-weisse\/","url":"https:\/\/www.gassien.com\/de\/produkt\/wandbasis-weisse\/","name":"Wandbasis Wei\u00dfe - Gassien Paris","isPartOf":{"@id":"https:\/\/gassien.com\/#website"},"primaryImageOfPage":{"@id":"https:\/\/www.gassien.com\/de\/produkt\/wandbasis-weisse\/#primaryimage"},"image":{"@id":"https:\/\/www.gassien.com\/de\/produkt\/wandbasis-weisse\/#primaryimage"},"thumbnailUrl":"https:\/\/www.gassien.com\/wp-content\/uploads\/2018\/01\/grilleGFBlanc.jpg","datePublished":"2016-07-17T14:41:05+00:00","description":"Wandbasis Wei\u00dfe - Gassien Paris - Online-Kauf","breadcrumb":{"@id":"https:\/\/www.gassien.com\/de\/produkt\/wandbasis-weisse\/#breadcrumb"},"inLanguage":"de","potentialAction":[{"@type":"ReadAction","target":["https:\/\/www.gassien.com\/de\/produkt\/wandbasis-weisse\/"]}]},{"@type":"ImageObject","inLanguage":"de","@id":"https:\/\/www.gassien.com\/de\/produkt\/wandbasis-weisse\/#primaryimage","url":"https:\/\/www.gassien.com\/wp-content\/uploads\/2018\/01\/grilleGFBlanc.jpg","contentUrl":"https:\/\/www.gassien.com\/wp-content\/uploads\/2018\/01\/grilleGFBlanc.jpg","width":1000,"height":1000},{"@type":"BreadcrumbList","@id":"https:\/\/www.gassien.com\/de\/produkt\/wandbasis-weisse\/#breadcrumb","itemListElement":[{"@type":"ListItem","position":1,"name":"Gesch\u00e4ft","item":"https:\/\/www.gassien.com\/shop\/"},{"@type":"ListItem","position":2,"name":"Wandbasis Wei\u00dfe"}]},{"@type":"WebSite","@id":"https:\/\/gassien.com\/#website","url":"https:\/\/gassien.com\/","name":"Gassien","description":"L&#039;\u00e9tag\u00e8re modulable","publisher":{"@id":"https:\/\/gassien.com\/#organization"},"potentialAction":[{"@type":"SearchAction","target":{"@type":"EntryPoint","urlTemplate":"https:\/\/gassien.com\/?s={search_term_string}"},"query-input":{"@type":"PropertyValueSpecification","valueRequired":true,"valueName":"search_term_string"}}],"inLanguage":"de"},{"@type":"Organization","@id":"https:\/\/gassien.com\/#organization","name":"Gassien","url":"https:\/\/gassien.com\/","logo":{"@type":"ImageObject","inLanguage":"de","@id":"https:\/\/gassien.com\/#\/schema\/logo\/image\/","url":"https:\/\/www.gassien.com\/wp-content\/uploads\/2017\/01\/logo.png","contentUrl":"https:\/\/www.gassien.com\/wp-content\/uploads\/2017\/01\/logo.png","width":896,"height":328,"caption":"Gassien"},"image":{"@id":"https:\/\/gassien.com\/#\/schema\/logo\/image\/"},"sameAs":["https:\/\/www.facebook.com\/gassienparis","https:\/\/www.instagram.com\/gassienparis","https:\/\/fr.pinterest.com\/gassienparis\/"]}]}},"_links":{"self":[{"href":"https:\/\/www.gassien.com\/de\/wp-json\/wp\/v2\/product\/11766","targetHints":{"allow":["GET"]}}],"collection":[{"href":"https:\/\/www.gassien.com\/de\/wp-json\/wp\/v2\/product"}],"about":[{"href":"https:\/\/www.gassien.com\/de\/wp-json\/wp\/v2\/types\/product"}],"wp:featuredmedia":[{"embeddable":true,"href":"https:\/\/www.gassien.com\/de\/wp-json\/wp\/v2\/media\/11767"}],"wp:attachment":[{"href":"https:\/\/www.gassien.com\/de\/wp-json\/wp\/v2\/media?parent=11766"}],"wp:term":[{"taxonomy":"product_brand","embeddable":true,"href":"https:\/\/www.gassien.com\/de\/wp-json\/wp\/v2\/product_brand?post=11766"},{"taxonomy":"product_cat","embeddable":true,"href":"https:\/\/www.gassien.com\/de\/wp-json\/wp\/v2\/product_cat?post=11766"},{"taxonomy":"product_tag","embeddable":true,"href":"https:\/\/www.gassien.com\/de\/wp-json\/wp\/v2\/product_tag?post=11766"}],"curies":[{"name":"wp","href":"https:\/\/api.w.org\/{rel}","templated":true}]}}