{"id":12377,"date":"2025-09-15T13:23:18","date_gmt":"2025-09-15T11:23:18","guid":{"rendered":"https:\/\/www.gassien.com\/produit\/spiegel-onde-kooperation-gassien-x-bom\/"},"modified":"2025-10-06T10:18:17","modified_gmt":"2025-10-06T08:18:17","slug":"spiegel-onde-kooperation-gassien-x-bom","status":"publish","type":"product","link":"https:\/\/www.gassien.com\/de\/produkt\/spiegel-onde-kooperation-gassien-x-bom\/","title":{"rendered":"Spiegel \u201eOnde\u201c \u2013 Kooperation Gassien x BOM"},"content":{"rendered":"<p>Der von <strong>BOM<\/strong> entworfene <strong>Spiegel Onde<\/strong> erg\u00e4nzt das modulare Universum von <strong>Gassien<\/strong> und vereint Funktionalit\u00e4t mit Eleganz.<\/p>\n<p>Aus Steinzeug gefertigt \u2013 einer edlen und langlebigen Keramik \u2013 l\u00e4sst er sich dank seines integrierten Hakens leicht in Ihre Konfigurationen einh\u00e4ngen. Dekorativ und praktisch zugleich reflektiert er das Licht und erzeugt in jedem Raum ein Gef\u00fchl von Tiefe.<\/p>\n<p>Ideal im Schlafzimmer, Bad oder Wohnzimmer f\u00fcgt sich der <strong>Spiegel Onde<\/strong> harmonisch in unsere <strong>Gassien<\/strong>-Konfigurationen ein. Die Feinheit und Subtilit\u00e4t seiner Reliefs erinnert an die Leichtigkeit unserer zeitlosen Linien, die die Identit\u00e4t unserer Marke pr\u00e4gen, und schafft eine perfekte Verschmelzung sowie eine visuelle Harmonie zwischen Spiegel und Regalen.<\/p>\n<p><strong>Ma\u00dfe<\/strong><\/p>\n<p>&#8211; Durchmesser: 23 cm<\/p>\n<p><strong>Herstellung und Materialien<\/strong><\/p>\n<p>&#8211; Steinzeug, edle und langlebige Keramik<\/p>\n<p>&#8211; Handgefertigtes Einzelst\u00fcck aus der Pariser Werkstatt von <strong>BOM<\/strong><\/p>\n<p>&#8211; Jedes St\u00fcck ist ein Unikat mit nat\u00fcrlichen Variationen in Form und Dekor<\/p>\n<p><strong>Zwei getrennte Lieferungen<\/strong><\/p>\n<p>&#8211; Der auf Bestellung gefertigte <strong>BOM<\/strong>-Spiegel wird zusammen mit seinem <strong>Gassien<\/strong>-Haken innerhalb von ca. 3 Wochen geliefert.<\/p>\n<p>&#8211; Die \u00fcbrigen Artikel Ihrer <strong>Gassien<\/strong>-Bestellung werden hingegen separat gem\u00e4\u00df den \u00fcblichen Lieferfristen (4\u20135 Tage) versendet.<\/p>\n","protected":false},"excerpt":{"rendered":"<p>Der <strong>Spiegel Onde<\/strong>, entworfen von <strong>BOM<\/strong> f\u00fcr <strong>Gassien Paris<\/strong>, vereint <strong>Funktionalit\u00e4t<\/strong> und <strong>Eleganz<\/strong>.<br \/>\nVon Hand aus <strong>Steinzeug<\/strong> in der Pariser Werkstatt von BOM gefertigt, l\u00e4sst er sich dank seines <strong>integrierten Hakens<\/strong> m\u00fchelos an Ihren Regalen aufh\u00e4ngen.<br \/>\nSowohl <strong>dekorativ<\/strong> als auch <strong>praktisch<\/strong>, reflektiert er das Licht und verleiht Ihren R\u00e4umen ein Gef\u00fchl von <strong>Tiefe<\/strong>.<br \/>\nSein subtiles Design und die feinen Reliefs harmonieren perfekt mit den zeitlosen Linien von <strong>Gassien Paris<\/strong> und schaffen eine <strong>visuelle Harmonie<\/strong> zwischen Spiegel und Regalen.<br \/>\n(<strong>Durchmesser<\/strong>: 23 cm \u2013 <strong>Lieferung<\/strong> innerhalb von 3 Wochen)<\/p>\n","protected":false},"featured_media":12385,"template":"","meta":[],"product_brand":[],"product_cat":[338,229],"product_tag":[387],"class_list":{"0":"post-12377","1":"product","2":"type-product","3":"status-publish","4":"has-post-thumbnail","6":"product_cat-gassien-x-bom","7":"product_cat-partner","8":"product_tag-gassien-x-bom","10":"first","11":"instock","12":"taxable","13":"shipping-taxable","14":"purchasable","15":"product-type-variable","16":"has-default-attributes"},"yoast_head":"<!-- This site is optimized with the Yoast SEO plugin v27.0 - https:\/\/yoast.com\/product\/yoast-seo-wordpress\/ -->\n<title>Spiegel \u201eOnde\u201c \u2013 Kooperation Gassien x BOM - Gassien<\/title>\n<meta name=\"description\" content=\"Entdecken Sie den Spiegel Onde, eine Kreation von Gassien Paris x BOM: aus handgefertigtem Steinzeug mit integriertem Haken, vereint er Eleganz, Funktionalit\u00e4t und Leichtigkeit.\" \/>\n<meta name=\"robots\" content=\"index, follow, max-snippet:-1, max-image-preview:large, max-video-preview:-1\" \/>\n<link rel=\"canonical\" href=\"https:\/\/www.gassien.com\/de\/produkt\/spiegel-onde-kooperation-gassien-x-bom\/\" \/>\n<meta property=\"og:locale\" content=\"de_DE\" \/>\n<meta property=\"og:type\" content=\"article\" \/>\n<meta property=\"og:title\" content=\"Spiegel \u201eOnde\u201c \u2013 Kooperation Gassien x BOM - Gassien\" \/>\n<meta property=\"og:description\" content=\"Entdecken Sie den Spiegel Onde, eine Kreation von Gassien Paris x BOM: aus handgefertigtem Steinzeug mit integriertem Haken, vereint er Eleganz, Funktionalit\u00e4t und Leichtigkeit.\" \/>\n<meta property=\"og:url\" content=\"https:\/\/www.gassien.com\/de\/produkt\/spiegel-onde-kooperation-gassien-x-bom\/\" \/>\n<meta property=\"og:site_name\" content=\"Gassien\" \/>\n<meta property=\"article:publisher\" content=\"https:\/\/www.facebook.com\/gassienparis\" \/>\n<meta property=\"article:modified_time\" content=\"2025-10-06T08:18:17+00:00\" \/>\n<meta property=\"og:image\" content=\"https:\/\/www.gassien.com\/wp-content\/uploads\/2025\/09\/MIROIR-ONDE-00-1x1-1.jpg\" \/>\n\t<meta property=\"og:image:width\" content=\"1000\" \/>\n\t<meta property=\"og:image:height\" content=\"1000\" \/>\n\t<meta property=\"og:image:type\" content=\"image\/jpeg\" \/>\n<meta name=\"twitter:card\" content=\"summary_large_image\" \/>\n<meta name=\"twitter:site\" content=\"@gassienparis\" \/>\n<meta name=\"twitter:label1\" content=\"Gesch\u00e4tzte Lesezeit\" \/>\n\t<meta name=\"twitter:data1\" content=\"1\u00a0Minute\" \/>\n<script type=\"application\/ld+json\" class=\"yoast-schema-graph\">{\"@context\":\"https:\/\/schema.org\",\"@graph\":[{\"@type\":\"WebPage\",\"@id\":\"https:\/\/www.gassien.com\/de\/produkt\/spiegel-onde-kooperation-gassien-x-bom\/\",\"url\":\"https:\/\/www.gassien.com\/de\/produkt\/spiegel-onde-kooperation-gassien-x-bom\/\",\"name\":\"Spiegel \u201eOnde\u201c \u2013 Kooperation Gassien x BOM - Gassien\",\"isPartOf\":{\"@id\":\"https:\/\/gassien.com\/#website\"},\"primaryImageOfPage\":{\"@id\":\"https:\/\/www.gassien.com\/de\/produkt\/spiegel-onde-kooperation-gassien-x-bom\/#primaryimage\"},\"image\":{\"@id\":\"https:\/\/www.gassien.com\/de\/produkt\/spiegel-onde-kooperation-gassien-x-bom\/#primaryimage\"},\"thumbnailUrl\":\"https:\/\/www.gassien.com\/wp-content\/uploads\/2025\/09\/MIROIR-ONDE-00-1x1-1.jpg\",\"datePublished\":\"2025-09-15T11:23:18+00:00\",\"dateModified\":\"2025-10-06T08:18:17+00:00\",\"description\":\"Entdecken Sie den Spiegel Onde, eine Kreation von Gassien Paris x BOM: aus handgefertigtem Steinzeug mit integriertem Haken, vereint er Eleganz, Funktionalit\u00e4t und Leichtigkeit.\",\"breadcrumb\":{\"@id\":\"https:\/\/www.gassien.com\/de\/produkt\/spiegel-onde-kooperation-gassien-x-bom\/#breadcrumb\"},\"inLanguage\":\"de\",\"potentialAction\":[{\"@type\":\"ReadAction\",\"target\":[\"https:\/\/www.gassien.com\/de\/produkt\/spiegel-onde-kooperation-gassien-x-bom\/\"]}]},{\"@type\":\"ImageObject\",\"inLanguage\":\"de\",\"@id\":\"https:\/\/www.gassien.com\/de\/produkt\/spiegel-onde-kooperation-gassien-x-bom\/#primaryimage\",\"url\":\"https:\/\/www.gassien.com\/wp-content\/uploads\/2025\/09\/MIROIR-ONDE-00-1x1-1.jpg\",\"contentUrl\":\"https:\/\/www.gassien.com\/wp-content\/uploads\/2025\/09\/MIROIR-ONDE-00-1x1-1.jpg\",\"width\":1000,\"height\":1000},{\"@type\":\"BreadcrumbList\",\"@id\":\"https:\/\/www.gassien.com\/de\/produkt\/spiegel-onde-kooperation-gassien-x-bom\/#breadcrumb\",\"itemListElement\":[{\"@type\":\"ListItem\",\"position\":1,\"name\":\"Gesch\u00e4ft\",\"item\":\"https:\/\/www.gassien.com\/shop\/\"},{\"@type\":\"ListItem\",\"position\":2,\"name\":\"Spiegel \u201eOnde\u201c \u2013 Kooperation Gassien x BOM\"}]},{\"@type\":\"WebSite\",\"@id\":\"https:\/\/gassien.com\/#website\",\"url\":\"https:\/\/gassien.com\/\",\"name\":\"Gassien\",\"description\":\"L&#039;\u00e9tag\u00e8re modulable\",\"publisher\":{\"@id\":\"https:\/\/gassien.com\/#organization\"},\"potentialAction\":[{\"@type\":\"SearchAction\",\"target\":{\"@type\":\"EntryPoint\",\"urlTemplate\":\"https:\/\/gassien.com\/?s={search_term_string}\"},\"query-input\":{\"@type\":\"PropertyValueSpecification\",\"valueRequired\":true,\"valueName\":\"search_term_string\"}}],\"inLanguage\":\"de\"},{\"@type\":\"Organization\",\"@id\":\"https:\/\/gassien.com\/#organization\",\"name\":\"Gassien\",\"url\":\"https:\/\/gassien.com\/\",\"logo\":{\"@type\":\"ImageObject\",\"inLanguage\":\"de\",\"@id\":\"https:\/\/gassien.com\/#\/schema\/logo\/image\/\",\"url\":\"https:\/\/gassien.com\/wp-content\/uploads\/2017\/01\/logo.png\",\"contentUrl\":\"https:\/\/gassien.com\/wp-content\/uploads\/2017\/01\/logo.png\",\"width\":896,\"height\":328,\"caption\":\"Gassien\"},\"image\":{\"@id\":\"https:\/\/gassien.com\/#\/schema\/logo\/image\/\"},\"sameAs\":[\"https:\/\/www.facebook.com\/gassienparis\",\"https:\/\/x.com\/gassienparis\",\"https:\/\/www.instagram.com\/gassienparis\",\"https:\/\/fr.pinterest.com\/gassienparis\/\"]}]}<\/script>\n<!-- \/ Yoast SEO plugin. -->","yoast_head_json":{"title":"Spiegel \u201eOnde\u201c \u2013 Kooperation Gassien x BOM - Gassien","description":"Entdecken Sie den Spiegel Onde, eine Kreation von Gassien Paris x BOM: aus handgefertigtem Steinzeug mit integriertem Haken, vereint er Eleganz, Funktionalit\u00e4t und Leichtigkeit.","robots":{"index":"index","follow":"follow","max-snippet":"max-snippet:-1","max-image-preview":"max-image-preview:large","max-video-preview":"max-video-preview:-1"},"canonical":"https:\/\/www.gassien.com\/de\/produkt\/spiegel-onde-kooperation-gassien-x-bom\/","og_locale":"de_DE","og_type":"article","og_title":"Spiegel \u201eOnde\u201c \u2013 Kooperation Gassien x BOM - Gassien","og_description":"Entdecken Sie den Spiegel Onde, eine Kreation von Gassien Paris x BOM: aus handgefertigtem Steinzeug mit integriertem Haken, vereint er Eleganz, Funktionalit\u00e4t und Leichtigkeit.","og_url":"https:\/\/www.gassien.com\/de\/produkt\/spiegel-onde-kooperation-gassien-x-bom\/","og_site_name":"Gassien","article_publisher":"https:\/\/www.facebook.com\/gassienparis","article_modified_time":"2025-10-06T08:18:17+00:00","og_image":[{"width":1000,"height":1000,"url":"https:\/\/www.gassien.com\/wp-content\/uploads\/2025\/09\/MIROIR-ONDE-00-1x1-1.jpg","type":"image\/jpeg"}],"twitter_card":"summary_large_image","twitter_site":"@gassienparis","twitter_misc":{"Gesch\u00e4tzte Lesezeit":"1\u00a0Minute"},"schema":{"@context":"https:\/\/schema.org","@graph":[{"@type":"WebPage","@id":"https:\/\/www.gassien.com\/de\/produkt\/spiegel-onde-kooperation-gassien-x-bom\/","url":"https:\/\/www.gassien.com\/de\/produkt\/spiegel-onde-kooperation-gassien-x-bom\/","name":"Spiegel \u201eOnde\u201c \u2013 Kooperation Gassien x BOM - Gassien","isPartOf":{"@id":"https:\/\/gassien.com\/#website"},"primaryImageOfPage":{"@id":"https:\/\/www.gassien.com\/de\/produkt\/spiegel-onde-kooperation-gassien-x-bom\/#primaryimage"},"image":{"@id":"https:\/\/www.gassien.com\/de\/produkt\/spiegel-onde-kooperation-gassien-x-bom\/#primaryimage"},"thumbnailUrl":"https:\/\/www.gassien.com\/wp-content\/uploads\/2025\/09\/MIROIR-ONDE-00-1x1-1.jpg","datePublished":"2025-09-15T11:23:18+00:00","dateModified":"2025-10-06T08:18:17+00:00","description":"Entdecken Sie den Spiegel Onde, eine Kreation von Gassien Paris x BOM: aus handgefertigtem Steinzeug mit integriertem Haken, vereint er Eleganz, Funktionalit\u00e4t und Leichtigkeit.","breadcrumb":{"@id":"https:\/\/www.gassien.com\/de\/produkt\/spiegel-onde-kooperation-gassien-x-bom\/#breadcrumb"},"inLanguage":"de","potentialAction":[{"@type":"ReadAction","target":["https:\/\/www.gassien.com\/de\/produkt\/spiegel-onde-kooperation-gassien-x-bom\/"]}]},{"@type":"ImageObject","inLanguage":"de","@id":"https:\/\/www.gassien.com\/de\/produkt\/spiegel-onde-kooperation-gassien-x-bom\/#primaryimage","url":"https:\/\/www.gassien.com\/wp-content\/uploads\/2025\/09\/MIROIR-ONDE-00-1x1-1.jpg","contentUrl":"https:\/\/www.gassien.com\/wp-content\/uploads\/2025\/09\/MIROIR-ONDE-00-1x1-1.jpg","width":1000,"height":1000},{"@type":"BreadcrumbList","@id":"https:\/\/www.gassien.com\/de\/produkt\/spiegel-onde-kooperation-gassien-x-bom\/#breadcrumb","itemListElement":[{"@type":"ListItem","position":1,"name":"Gesch\u00e4ft","item":"https:\/\/www.gassien.com\/shop\/"},{"@type":"ListItem","position":2,"name":"Spiegel \u201eOnde\u201c \u2013 Kooperation Gassien x BOM"}]},{"@type":"WebSite","@id":"https:\/\/gassien.com\/#website","url":"https:\/\/gassien.com\/","name":"Gassien","description":"L&#039;\u00e9tag\u00e8re modulable","publisher":{"@id":"https:\/\/gassien.com\/#organization"},"potentialAction":[{"@type":"SearchAction","target":{"@type":"EntryPoint","urlTemplate":"https:\/\/gassien.com\/?s={search_term_string}"},"query-input":{"@type":"PropertyValueSpecification","valueRequired":true,"valueName":"search_term_string"}}],"inLanguage":"de"},{"@type":"Organization","@id":"https:\/\/gassien.com\/#organization","name":"Gassien","url":"https:\/\/gassien.com\/","logo":{"@type":"ImageObject","inLanguage":"de","@id":"https:\/\/gassien.com\/#\/schema\/logo\/image\/","url":"https:\/\/gassien.com\/wp-content\/uploads\/2017\/01\/logo.png","contentUrl":"https:\/\/gassien.com\/wp-content\/uploads\/2017\/01\/logo.png","width":896,"height":328,"caption":"Gassien"},"image":{"@id":"https:\/\/gassien.com\/#\/schema\/logo\/image\/"},"sameAs":["https:\/\/www.facebook.com\/gassienparis","https:\/\/x.com\/gassienparis","https:\/\/www.instagram.com\/gassienparis","https:\/\/fr.pinterest.com\/gassienparis\/"]}]}},"_links":{"self":[{"href":"https:\/\/www.gassien.com\/de\/wp-json\/wp\/v2\/product\/12377","targetHints":{"allow":["GET"]}}],"collection":[{"href":"https:\/\/www.gassien.com\/de\/wp-json\/wp\/v2\/product"}],"about":[{"href":"https:\/\/www.gassien.com\/de\/wp-json\/wp\/v2\/types\/product"}],"wp:featuredmedia":[{"embeddable":true,"href":"https:\/\/www.gassien.com\/de\/wp-json\/wp\/v2\/media\/12385"}],"wp:attachment":[{"href":"https:\/\/www.gassien.com\/de\/wp-json\/wp\/v2\/media?parent=12377"}],"wp:term":[{"taxonomy":"product_brand","embeddable":true,"href":"https:\/\/www.gassien.com\/de\/wp-json\/wp\/v2\/product_brand?post=12377"},{"taxonomy":"product_cat","embeddable":true,"href":"https:\/\/www.gassien.com\/de\/wp-json\/wp\/v2\/product_cat?post=12377"},{"taxonomy":"product_tag","embeddable":true,"href":"https:\/\/www.gassien.com\/de\/wp-json\/wp\/v2\/product_tag?post=12377"}],"curies":[{"name":"wp","href":"https:\/\/api.w.org\/{rel}","templated":true}]}}