{"id":12672,"date":"2025-09-19T11:29:47","date_gmt":"2025-09-19T09:29:47","guid":{"rendered":"https:\/\/www.gassien.com\/produit\/lampe-halo-kooperation-gassien-x-bom\/"},"modified":"2025-10-06T10:08:35","modified_gmt":"2025-10-06T08:08:35","slug":"lampe-halo-kooperation-gassien-x-bom","status":"publish","type":"product","link":"https:\/\/www.gassien.com\/de\/produkt\/lampe-halo-kooperation-gassien-x-bom\/","title":{"rendered":"Lampe \u201eHalo\u201c \u2013 Kooperation Gassien x BOM"},"content":{"rendered":"<p><strong>BOM<\/strong> hat die <strong>Lampe Halo<\/strong> f\u00fcr die Marke <strong>Gassien<\/strong> und ihr modulares Konzept entworfen und gestaltet.<\/p>\n<p>Aus Steinzeug gefertigt \u2013 einer edlen und langlebigen Keramik \u2013 und speziell daf\u00fcr konzipiert, sich an die <strong>Gassien<\/strong>-Accessoires anzupassen, bietet die <strong>Lampe Halo<\/strong> verschiedene Lichtstimmungen:<\/p>\n<p>* <strong>An einem Gassien-Haken aufgeh\u00e4ngt<\/strong> schafft sie einen zarten Lichtpunkt,<\/p>\n<p>* <strong>Auf einem Gassien-Topfhalter platziert<\/strong> verbreitet sie ein sanftes und warmes Licht.<\/p>\n<p>Mit ihrem leuchtenden Kranz, inspiriert vom Aufbl\u00fchen einer Blume, erhellt die handgefertigte Lampe Halo Ihre <strong>Gassien<\/strong>-Konfigurationen mit besonderer Feinheit.<\/p>\n<p><strong>Ma\u00dfe<\/strong><\/p>\n<ul>\n<li>Oberer Durchmesser: 14 cm<\/li>\n<li>Unterer Durchmesser: 7 cm<\/li>\n<li>H\u00f6he: 12 cm<\/li>\n<\/ul>\n<p><strong>Herstellung und Materialien<\/strong><\/p>\n<ul>\n<li>Steinzeug, edle und langlebige Keramik<\/li>\n<li>Handgefertigtes Einzelst\u00fcck aus der Pariser Werkstatt von <strong>BOM<\/strong><\/li>\n<li>Jedes St\u00fcck ist ein Unikat mit nat\u00fcrlichen Variationen in Form und Dekor<\/li>\n<\/ul>\n<p><strong>Zwei getrennte Lieferungen<\/strong><\/p>\n<p>* Die auf Bestellung gefertigte <strong>BOM<\/strong>-Lampe wird zusammen mit ihrem <strong>Gassien<\/strong>-Zubeh\u00f6r innerhalb von ca. 3 Wochen geliefert.<\/p>\n<p>* Die \u00fcbrigen Artikel Ihrer <strong>Gassien<\/strong>-Bestellung werden hingegen separat gem\u00e4\u00df den \u00fcblichen Lieferfristen (4\u20135 Tage) versendet.<\/p>\n","protected":false},"excerpt":{"rendered":"<p>Die <strong>Lampe Halo<\/strong>, entworfen von <strong>BOM<\/strong> f\u00fcr <strong>Gassien Paris<\/strong>, vereint <strong>poetisches Design<\/strong>, <strong>Eleganz<\/strong> und <strong>franz\u00f6sisches Handwerk<\/strong>.<br \/>\nVon Hand aus <strong>Steinzeug<\/strong> in der Pariser Werkstatt von BOM gefertigt, passt sie sich dem <strong>modularen Konzept von Gassien<\/strong> an und bietet mehrere Lichtstimmungen \u2013 aufgeh\u00e4ngt oder aufgestellt.<br \/>\nInspiriert von der Bl\u00fcte einer Blume, erhellt die <strong>Lampe Halo<\/strong> Ihre Regale mit <strong>Zartheit<\/strong> und <strong>Raffinesse<\/strong>.<br \/>\n(<strong>Oberer Durchmesser<\/strong>: 14 cm \u2013 <strong>Unterer Durchmesser<\/strong>: 7 cm \u2013 <strong>H\u00f6he<\/strong>: 12 cm \u2013 <strong>Lieferung<\/strong> innerhalb von 3 Wochen)<\/p>\n","protected":false},"featured_media":12842,"template":"","meta":[],"product_brand":[],"product_cat":[338,229],"product_tag":[387],"class_list":{"0":"post-12672","1":"product","2":"type-product","3":"status-publish","4":"has-post-thumbnail","6":"product_cat-gassien-x-bom","7":"product_cat-partner","8":"product_tag-gassien-x-bom","10":"first","11":"instock","12":"taxable","13":"shipping-taxable","14":"purchasable","15":"product-type-variable","16":"has-default-attributes"},"yoast_head":"<!-- This site is optimized with the Yoast SEO plugin v27.0 - https:\/\/yoast.com\/product\/yoast-seo-wordpress\/ -->\n<title>Lampe \u201eHalo\u201c \u2013 Kooperation Gassien x BOM - Gassien<\/title>\n<meta name=\"description\" content=\"Entdecken Sie die Lampe Halo, eine Kreation von Gassien Paris x BOM: aus handgefertigtem Steinzeug, h\u00e4ngend oder stehend, verbreitet sie ein sanftes und poetisches Licht.\" \/>\n<meta name=\"robots\" content=\"index, follow, max-snippet:-1, max-image-preview:large, max-video-preview:-1\" \/>\n<link rel=\"canonical\" href=\"https:\/\/www.gassien.com\/de\/produkt\/lampe-halo-kooperation-gassien-x-bom\/\" \/>\n<meta property=\"og:locale\" content=\"de_DE\" \/>\n<meta property=\"og:type\" content=\"article\" \/>\n<meta property=\"og:title\" content=\"Lampe \u201eHalo\u201c \u2013 Kooperation Gassien x BOM - Gassien\" \/>\n<meta property=\"og:description\" content=\"Entdecken Sie die Lampe Halo, eine Kreation von Gassien Paris x BOM: aus handgefertigtem Steinzeug, h\u00e4ngend oder stehend, verbreitet sie ein sanftes und poetisches Licht.\" \/>\n<meta property=\"og:url\" content=\"https:\/\/www.gassien.com\/de\/produkt\/lampe-halo-kooperation-gassien-x-bom\/\" \/>\n<meta property=\"og:site_name\" content=\"Gassien\" \/>\n<meta property=\"article:publisher\" content=\"https:\/\/www.facebook.com\/gassienparis\" \/>\n<meta property=\"article:modified_time\" content=\"2025-10-06T08:08:35+00:00\" \/>\n<meta property=\"og:image\" content=\"https:\/\/www.gassien.com\/wp-content\/uploads\/2025\/09\/LAMPE-HALO-0-1x1-3.jpg\" \/>\n\t<meta property=\"og:image:width\" content=\"1000\" \/>\n\t<meta property=\"og:image:height\" content=\"1000\" \/>\n\t<meta property=\"og:image:type\" content=\"image\/jpeg\" \/>\n<meta name=\"twitter:card\" content=\"summary_large_image\" \/>\n<meta name=\"twitter:site\" content=\"@gassienparis\" \/>\n<meta name=\"twitter:label1\" content=\"Gesch\u00e4tzte Lesezeit\" \/>\n\t<meta name=\"twitter:data1\" content=\"1\u00a0Minute\" \/>\n<script type=\"application\/ld+json\" class=\"yoast-schema-graph\">{\"@context\":\"https:\/\/schema.org\",\"@graph\":[{\"@type\":\"WebPage\",\"@id\":\"https:\/\/www.gassien.com\/de\/produkt\/lampe-halo-kooperation-gassien-x-bom\/\",\"url\":\"https:\/\/www.gassien.com\/de\/produkt\/lampe-halo-kooperation-gassien-x-bom\/\",\"name\":\"Lampe \u201eHalo\u201c \u2013 Kooperation Gassien x BOM - Gassien\",\"isPartOf\":{\"@id\":\"https:\/\/gassien.com\/#website\"},\"primaryImageOfPage\":{\"@id\":\"https:\/\/www.gassien.com\/de\/produkt\/lampe-halo-kooperation-gassien-x-bom\/#primaryimage\"},\"image\":{\"@id\":\"https:\/\/www.gassien.com\/de\/produkt\/lampe-halo-kooperation-gassien-x-bom\/#primaryimage\"},\"thumbnailUrl\":\"https:\/\/www.gassien.com\/wp-content\/uploads\/2025\/09\/LAMPE-HALO-0-1x1-3.jpg\",\"datePublished\":\"2025-09-19T09:29:47+00:00\",\"dateModified\":\"2025-10-06T08:08:35+00:00\",\"description\":\"Entdecken Sie die Lampe Halo, eine Kreation von Gassien Paris x BOM: aus handgefertigtem Steinzeug, h\u00e4ngend oder stehend, verbreitet sie ein sanftes und poetisches Licht.\",\"breadcrumb\":{\"@id\":\"https:\/\/www.gassien.com\/de\/produkt\/lampe-halo-kooperation-gassien-x-bom\/#breadcrumb\"},\"inLanguage\":\"de\",\"potentialAction\":[{\"@type\":\"ReadAction\",\"target\":[\"https:\/\/www.gassien.com\/de\/produkt\/lampe-halo-kooperation-gassien-x-bom\/\"]}]},{\"@type\":\"ImageObject\",\"inLanguage\":\"de\",\"@id\":\"https:\/\/www.gassien.com\/de\/produkt\/lampe-halo-kooperation-gassien-x-bom\/#primaryimage\",\"url\":\"https:\/\/www.gassien.com\/wp-content\/uploads\/2025\/09\/LAMPE-HALO-0-1x1-3.jpg\",\"contentUrl\":\"https:\/\/www.gassien.com\/wp-content\/uploads\/2025\/09\/LAMPE-HALO-0-1x1-3.jpg\",\"width\":1000,\"height\":1000},{\"@type\":\"BreadcrumbList\",\"@id\":\"https:\/\/www.gassien.com\/de\/produkt\/lampe-halo-kooperation-gassien-x-bom\/#breadcrumb\",\"itemListElement\":[{\"@type\":\"ListItem\",\"position\":1,\"name\":\"Gesch\u00e4ft\",\"item\":\"https:\/\/www.gassien.com\/shop\/\"},{\"@type\":\"ListItem\",\"position\":2,\"name\":\"Lampe \u201eHalo\u201c \u2013 Kooperation Gassien x BOM\"}]},{\"@type\":\"WebSite\",\"@id\":\"https:\/\/gassien.com\/#website\",\"url\":\"https:\/\/gassien.com\/\",\"name\":\"Gassien\",\"description\":\"L&#039;\u00e9tag\u00e8re modulable\",\"publisher\":{\"@id\":\"https:\/\/gassien.com\/#organization\"},\"potentialAction\":[{\"@type\":\"SearchAction\",\"target\":{\"@type\":\"EntryPoint\",\"urlTemplate\":\"https:\/\/gassien.com\/?s={search_term_string}\"},\"query-input\":{\"@type\":\"PropertyValueSpecification\",\"valueRequired\":true,\"valueName\":\"search_term_string\"}}],\"inLanguage\":\"de\"},{\"@type\":\"Organization\",\"@id\":\"https:\/\/gassien.com\/#organization\",\"name\":\"Gassien\",\"url\":\"https:\/\/gassien.com\/\",\"logo\":{\"@type\":\"ImageObject\",\"inLanguage\":\"de\",\"@id\":\"https:\/\/gassien.com\/#\/schema\/logo\/image\/\",\"url\":\"https:\/\/gassien.com\/wp-content\/uploads\/2017\/01\/logo.png\",\"contentUrl\":\"https:\/\/gassien.com\/wp-content\/uploads\/2017\/01\/logo.png\",\"width\":896,\"height\":328,\"caption\":\"Gassien\"},\"image\":{\"@id\":\"https:\/\/gassien.com\/#\/schema\/logo\/image\/\"},\"sameAs\":[\"https:\/\/www.facebook.com\/gassienparis\",\"https:\/\/x.com\/gassienparis\",\"https:\/\/www.instagram.com\/gassienparis\",\"https:\/\/fr.pinterest.com\/gassienparis\/\"]}]}<\/script>\n<!-- \/ Yoast SEO plugin. -->","yoast_head_json":{"title":"Lampe \u201eHalo\u201c \u2013 Kooperation Gassien x BOM - Gassien","description":"Entdecken Sie die Lampe Halo, eine Kreation von Gassien Paris x BOM: aus handgefertigtem Steinzeug, h\u00e4ngend oder stehend, verbreitet sie ein sanftes und poetisches Licht.","robots":{"index":"index","follow":"follow","max-snippet":"max-snippet:-1","max-image-preview":"max-image-preview:large","max-video-preview":"max-video-preview:-1"},"canonical":"https:\/\/www.gassien.com\/de\/produkt\/lampe-halo-kooperation-gassien-x-bom\/","og_locale":"de_DE","og_type":"article","og_title":"Lampe \u201eHalo\u201c \u2013 Kooperation Gassien x BOM - Gassien","og_description":"Entdecken Sie die Lampe Halo, eine Kreation von Gassien Paris x BOM: aus handgefertigtem Steinzeug, h\u00e4ngend oder stehend, verbreitet sie ein sanftes und poetisches Licht.","og_url":"https:\/\/www.gassien.com\/de\/produkt\/lampe-halo-kooperation-gassien-x-bom\/","og_site_name":"Gassien","article_publisher":"https:\/\/www.facebook.com\/gassienparis","article_modified_time":"2025-10-06T08:08:35+00:00","og_image":[{"width":1000,"height":1000,"url":"https:\/\/www.gassien.com\/wp-content\/uploads\/2025\/09\/LAMPE-HALO-0-1x1-3.jpg","type":"image\/jpeg"}],"twitter_card":"summary_large_image","twitter_site":"@gassienparis","twitter_misc":{"Gesch\u00e4tzte Lesezeit":"1\u00a0Minute"},"schema":{"@context":"https:\/\/schema.org","@graph":[{"@type":"WebPage","@id":"https:\/\/www.gassien.com\/de\/produkt\/lampe-halo-kooperation-gassien-x-bom\/","url":"https:\/\/www.gassien.com\/de\/produkt\/lampe-halo-kooperation-gassien-x-bom\/","name":"Lampe \u201eHalo\u201c \u2013 Kooperation Gassien x BOM - Gassien","isPartOf":{"@id":"https:\/\/gassien.com\/#website"},"primaryImageOfPage":{"@id":"https:\/\/www.gassien.com\/de\/produkt\/lampe-halo-kooperation-gassien-x-bom\/#primaryimage"},"image":{"@id":"https:\/\/www.gassien.com\/de\/produkt\/lampe-halo-kooperation-gassien-x-bom\/#primaryimage"},"thumbnailUrl":"https:\/\/www.gassien.com\/wp-content\/uploads\/2025\/09\/LAMPE-HALO-0-1x1-3.jpg","datePublished":"2025-09-19T09:29:47+00:00","dateModified":"2025-10-06T08:08:35+00:00","description":"Entdecken Sie die Lampe Halo, eine Kreation von Gassien Paris x BOM: aus handgefertigtem Steinzeug, h\u00e4ngend oder stehend, verbreitet sie ein sanftes und poetisches Licht.","breadcrumb":{"@id":"https:\/\/www.gassien.com\/de\/produkt\/lampe-halo-kooperation-gassien-x-bom\/#breadcrumb"},"inLanguage":"de","potentialAction":[{"@type":"ReadAction","target":["https:\/\/www.gassien.com\/de\/produkt\/lampe-halo-kooperation-gassien-x-bom\/"]}]},{"@type":"ImageObject","inLanguage":"de","@id":"https:\/\/www.gassien.com\/de\/produkt\/lampe-halo-kooperation-gassien-x-bom\/#primaryimage","url":"https:\/\/www.gassien.com\/wp-content\/uploads\/2025\/09\/LAMPE-HALO-0-1x1-3.jpg","contentUrl":"https:\/\/www.gassien.com\/wp-content\/uploads\/2025\/09\/LAMPE-HALO-0-1x1-3.jpg","width":1000,"height":1000},{"@type":"BreadcrumbList","@id":"https:\/\/www.gassien.com\/de\/produkt\/lampe-halo-kooperation-gassien-x-bom\/#breadcrumb","itemListElement":[{"@type":"ListItem","position":1,"name":"Gesch\u00e4ft","item":"https:\/\/www.gassien.com\/shop\/"},{"@type":"ListItem","position":2,"name":"Lampe \u201eHalo\u201c \u2013 Kooperation Gassien x BOM"}]},{"@type":"WebSite","@id":"https:\/\/gassien.com\/#website","url":"https:\/\/gassien.com\/","name":"Gassien","description":"L&#039;\u00e9tag\u00e8re modulable","publisher":{"@id":"https:\/\/gassien.com\/#organization"},"potentialAction":[{"@type":"SearchAction","target":{"@type":"EntryPoint","urlTemplate":"https:\/\/gassien.com\/?s={search_term_string}"},"query-input":{"@type":"PropertyValueSpecification","valueRequired":true,"valueName":"search_term_string"}}],"inLanguage":"de"},{"@type":"Organization","@id":"https:\/\/gassien.com\/#organization","name":"Gassien","url":"https:\/\/gassien.com\/","logo":{"@type":"ImageObject","inLanguage":"de","@id":"https:\/\/gassien.com\/#\/schema\/logo\/image\/","url":"https:\/\/gassien.com\/wp-content\/uploads\/2017\/01\/logo.png","contentUrl":"https:\/\/gassien.com\/wp-content\/uploads\/2017\/01\/logo.png","width":896,"height":328,"caption":"Gassien"},"image":{"@id":"https:\/\/gassien.com\/#\/schema\/logo\/image\/"},"sameAs":["https:\/\/www.facebook.com\/gassienparis","https:\/\/x.com\/gassienparis","https:\/\/www.instagram.com\/gassienparis","https:\/\/fr.pinterest.com\/gassienparis\/"]}]}},"_links":{"self":[{"href":"https:\/\/www.gassien.com\/de\/wp-json\/wp\/v2\/product\/12672","targetHints":{"allow":["GET"]}}],"collection":[{"href":"https:\/\/www.gassien.com\/de\/wp-json\/wp\/v2\/product"}],"about":[{"href":"https:\/\/www.gassien.com\/de\/wp-json\/wp\/v2\/types\/product"}],"wp:featuredmedia":[{"embeddable":true,"href":"https:\/\/www.gassien.com\/de\/wp-json\/wp\/v2\/media\/12842"}],"wp:attachment":[{"href":"https:\/\/www.gassien.com\/de\/wp-json\/wp\/v2\/media?parent=12672"}],"wp:term":[{"taxonomy":"product_brand","embeddable":true,"href":"https:\/\/www.gassien.com\/de\/wp-json\/wp\/v2\/product_brand?post=12672"},{"taxonomy":"product_cat","embeddable":true,"href":"https:\/\/www.gassien.com\/de\/wp-json\/wp\/v2\/product_cat?post=12672"},{"taxonomy":"product_tag","embeddable":true,"href":"https:\/\/www.gassien.com\/de\/wp-json\/wp\/v2\/product_tag?post=12672"}],"curies":[{"name":"wp","href":"https:\/\/api.w.org\/{rel}","templated":true}]}}